{"id":132745,"date":"2024-05-07T00:00:00","date_gmt":"2024-05-06T22:00:00","guid":{"rendered":"https:\/\/gpl-love.com\/fr\/produit\/launchflows\/"},"modified":"2026-03-20T23:57:18","modified_gmt":"2026-03-20T22:57:18","slug":"launchflows","status":"publish","type":"product","link":"https:\/\/gpl-love.com\/fr\/produit\/launchflows\/","title":{"rendered":"LaunchFlows 4.4.22"},"content":{"rendered":"<h3>LaunchFlows Traits<\/h3>\n<p>LaunchFlows est un outil tr\u00e8s louable qui offre une assistance inestimable aux entreprises qui cherchent \u00e0 am\u00e9liorer leur entonnoir de vente et \u00e0 renforcer leurs taux de conversion. En raison de son constructeur de pages de glisser-d\u00e9poser, une int\u00e9gration transparente avec une int\u00e9gration transparente avec WooCommerce, des mod\u00e8les m\u00e9ticuleusement con\u00e7us qui donnent sans effort des taux de conversion \u00e9lev\u00e9 Suivre efficacement les conversions, LaunchFlows fournit sans \u00e9quivoque toutes les fonctionnalit\u00e9s indispensables n\u00e9cessaires \u00e0 la cr\u00e9ation d&rsquo;un entonnoir de vente optimis\u00e9 pour les conversions maximales et la croissance des entreprises exponentielles.<\/p>\n<ul>\n<li>Processus de lancement efficace et rationalis\u00e9 pour les entreprises de toutes tailles.<\/li>\n<li>Mod\u00e8les personnalisables pour s&rsquo;adapter \u00e0 toute offre de produit ou de service.<\/li>\n<li>Flux de travail automatis\u00e9s pour minimiser les t\u00e2ches manuelles et l&rsquo;erreur humaine.<\/li>\n<li>Suivi d&rsquo;analyse en temps r\u00e9el pour les informations sur le succ\u00e8s du lancement.<\/li>\n<li>Int\u00e9gration avec des plateformes de marketing et de commerce \u00e9lectronique populaires.<\/li>\n<li>Outils collaboratifs d&rsquo;acc\u00e8s et de communication par \u00e9quipe.<\/li>\n<li>\u00c9volutif pour r\u00e9pondre \u00e0 la croissance de l&rsquo;entreprise et \u00e0 l&rsquo;\u00e9volution des besoins de lancement.<\/li>\n<li>Support client d\u00e9di\u00e9 et ressources de formation.<\/li>\n<li>Stockage de donn\u00e9es s\u00e9curis\u00e9 et protection de la confidentialit\u00e9.<\/li>\n<\/ul>\n","protected":false},"excerpt":{"rendered":"<p>LaunchFlows offre une solution compl\u00e8te et tr\u00e8s efficace pour les entreprises visant \u00e0 am\u00e9liorer l&rsquo;efficacit\u00e9 de leur entonnoir de vente et \u00e0 optimiser les taux de conversion. En tirant parti de son interface conviviale et de sa vaste gamme de mod\u00e8les personnalisables, LaunchFlows permet aux utilisateurs de g\u00e9n\u00e9rer sans effort des pages de vente visuellement attrayantes, des s\u00e9quences de messagerie et des pages de paiement en quelques minutes. De plus, l&rsquo;inclusion d&rsquo;une fonction d&rsquo;analyse robuste permet aux utilisateurs non seulement de surveiller mais \u00e9galement d&rsquo;\u00e9valuer les performances de leurs campagnes, facilitant ainsi les processus d\u00e9cisionnels bas\u00e9s sur les donn\u00e9es qui conduisent finalement \u00e0 une g\u00e9n\u00e9ration de revenus accrue. Ind\u00e9pendamment de savoir si vous exploitez un magasin de commerce \u00e9lectronique, servez de sp\u00e9cialiste du marketing num\u00e9rique ou g\u00e9rez une entreprise en ligne, LaunchFlows se pr\u00e9sente comme la r\u00e9ponse ultime pour maximiser vos chiffres de vente et obtenir un retour sur investissement remarquable (ROI).<\/p>\n","protected":false},"featured_media":146651,"comment_status":"open","ping_status":"open","template":"","meta":[],"product_brand":[2760],"product_cat":[1207,1181,1186],"product_tag":[2338],"class_list":{"0":"post-132745","1":"product","2":"type-product","3":"status-publish","4":"has-post-thumbnail","6":"product_brand-launchflows","7":"product_cat-commercialisation-wordpress-plugins","8":"product_cat-plugins","9":"product_cat-wordpress-plugins","10":"product_tag-launchflows","11":"member-discount","12":"discount-restricted","14":"first","15":"instock","16":"sale","17":"downloadable","18":"virtual","19":"sold-individually","20":"purchasable","21":"product-type-simple"},"_links":{"self":[{"href":"https:\/\/gpl-love.com\/fr\/wp-json\/wp\/v2\/product\/132745","targetHints":{"allow":["GET"]}}],"collection":[{"href":"https:\/\/gpl-love.com\/fr\/wp-json\/wp\/v2\/product"}],"about":[{"href":"https:\/\/gpl-love.com\/fr\/wp-json\/wp\/v2\/types\/product"}],"replies":[{"embeddable":true,"href":"https:\/\/gpl-love.com\/fr\/wp-json\/wp\/v2\/comments?post=132745"}],"wp:featuredmedia":[{"embeddable":true,"href":"https:\/\/gpl-love.com\/fr\/wp-json\/wp\/v2\/media\/146651"}],"wp:attachment":[{"href":"https:\/\/gpl-love.com\/fr\/wp-json\/wp\/v2\/media?parent=132745"}],"wp:term":[{"taxonomy":"product_brand","embeddable":true,"href":"https:\/\/gpl-love.com\/fr\/wp-json\/wp\/v2\/product_brand?post=132745"},{"taxonomy":"product_cat","embeddable":true,"href":"https:\/\/gpl-love.com\/fr\/wp-json\/wp\/v2\/product_cat?post=132745"},{"taxonomy":"product_tag","embeddable":true,"href":"https:\/\/gpl-love.com\/fr\/wp-json\/wp\/v2\/product_tag?post=132745"}],"curies":[{"name":"wp","href":"https:\/\/api.w.org\/{rel}","templated":true}]}}