{"id":132591,"date":"2023-03-12T00:00:00","date_gmt":"2023-03-11T23:00:00","guid":{"rendered":"https:\/\/gpl-love.com\/fr\/produit\/facebook-chat-for-amp\/"},"modified":"2026-03-20T23:57:18","modified_gmt":"2026-03-20T22:57:18","slug":"facebook-chat-for-amp","status":"publish","type":"product","link":"https:\/\/gpl-love.com\/fr\/produit\/facebook-chat-for-amp\/","title":{"rendered":"Facebook Chat For AMP 1.2.6"},"content":{"rendered":"<h3>Facebook Chat For AMP Traits<\/h3>\n<p>Facebook Chat pour AMP est un outil incroyablement efficace et convivial qui offre aux utilisateurs la possibilit\u00e9 d&rsquo;incorporer de mani\u00e8re transparente les fonctionnalit\u00e9s de chat de Facebook dans leurs sites Web acc\u00e9l\u00e9r\u00e9s de pages mobiles (AMP). Cet outil remarquable offre aux propri\u00e9taires de sites Web la possibilit\u00e9 de fournir une exp\u00e9rience Facebook Messenger famili\u00e8re et fiable \u00e0 leurs utilisateurs, sans leur n\u00e9cessiter de naviguer loin du site Web. L&rsquo;int\u00e9gration de Facebook Chat au sein de l&rsquo;AMP garantit une exp\u00e9rience utilisateur fluide et ininterrompue, renfor\u00e7ant l&rsquo;attrait global et la fonctionnalit\u00e9 du site Web. Gr\u00e2ce \u00e0 l&rsquo;utilisation de cet outil, les propri\u00e9taires de sites Web peuvent \u00e9tablir sans effort des connexions avec leurs clients et \u00e9tendre le soutien en temps r\u00e9el, contribuant ainsi \u00e0 des niveaux accrus d&rsquo;engagement et de satisfaction des clients. Essentiellement, la disponibilit\u00e9 du chat Facebook pour AMP sert d&rsquo;atout indispensable pour les entreprises qui aspirent \u00e0 \u00e9lever leur pr\u00e9sence en ligne et \u00e0 cultiver des relations clients plus fructueuses.<\/p>\n<ul>\n<li>Int\u00e9grez sans effort Facebook Chat dans votre site Web Accelerated Mobile Pages (AMP)<\/li>\n<li>Permettez aux clients de s&rsquo;engager facilement avec votre marque via Facebook Messenger \u00e0 partir de vos pages AMP<\/li>\n<li>Augmenter la satisfaction du client avec le support en temps r\u00e9el via le chat Facebook<\/li>\n<li>Soyez pratique pour les visiteurs de partager vos pages d&rsquo;ampli avec des amis et de la famille via le chat Facebook<\/li>\n<li>Widget de chat personnalisable pour correspondre \u00e0 l&rsquo;esth\u00e9tique et aux pr\u00e9f\u00e9rences de votre marque<\/li>\n<li>Processus de configuration simple avec des instructions \u00e9tape par \u00e9tape et des ressources de support disponibles<\/li>\n<li>Aucun codage requis, ce qui le rend accessible pour les propri\u00e9taires de sites Web de tous les niveaux de comp\u00e9tence<\/li>\n<li>Conception adapt\u00e9e aux mobiles pour une exp\u00e9rience utilisateur sans couture sur n&rsquo;importe quel appareil<\/li>\n<li>Mises \u00e0 jour et am\u00e9liorations r\u00e9guli\u00e8res pour rester \u00e0 jour avec les derniers d\u00e9veloppements et am\u00e9liorations de Facebook.<\/li>\n<\/ul>\n","protected":false},"excerpt":{"rendered":"<p>Le chat Facebook pour AMP est un outil incroyablement robuste et efficace qui facilite la communication instantan\u00e9e et transparente entre les visiteurs des sites Web et les propri\u00e9taires de pages Facebook. En int\u00e9grant de mani\u00e8re transparente cette fonctionnalit\u00e9 de chat dans votre site Web \u00e0 l&rsquo;aide d&rsquo;AMP, vous pouvez vous engager efficacement et efficacement avec votre public et leur fournir rapidement les r\u00e9ponses et les solutions qu&rsquo;ils recherchent. Ce produit remarquable propose non seulement un processus de configuration simple et sans tracas, mais offre \u00e9galement des options de personnalisation \u00e9tendues et des notifications de messagerie en temps r\u00e9el, ce qui le rend un actif indispensable pour tout propri\u00e9taire de page Facebook consciencieux qui souhaite am\u00e9liorer et \u00e9lever son support client et leur communication efforts.<\/p>\n","protected":false},"featured_media":146650,"comment_status":"open","ping_status":"open","template":"","meta":[],"product_brand":[2447],"product_cat":[1203,1181,1186],"product_tag":[2279],"class_list":{"0":"post-132591","1":"product","2":"type-product","3":"status-publish","4":"has-post-thumbnail","6":"product_brand-amp-wp","7":"product_cat-performance","8":"product_cat-plugins","9":"product_cat-wordpress-plugins","10":"product_tag-amp-wp","11":"member-discount","12":"discount-restricted","14":"first","15":"instock","16":"sale","17":"downloadable","18":"virtual","19":"sold-individually","20":"purchasable","21":"product-type-simple"},"_links":{"self":[{"href":"https:\/\/gpl-love.com\/fr\/wp-json\/wp\/v2\/product\/132591","targetHints":{"allow":["GET"]}}],"collection":[{"href":"https:\/\/gpl-love.com\/fr\/wp-json\/wp\/v2\/product"}],"about":[{"href":"https:\/\/gpl-love.com\/fr\/wp-json\/wp\/v2\/types\/product"}],"replies":[{"embeddable":true,"href":"https:\/\/gpl-love.com\/fr\/wp-json\/wp\/v2\/comments?post=132591"}],"wp:featuredmedia":[{"embeddable":true,"href":"https:\/\/gpl-love.com\/fr\/wp-json\/wp\/v2\/media\/146650"}],"wp:attachment":[{"href":"https:\/\/gpl-love.com\/fr\/wp-json\/wp\/v2\/media?parent=132591"}],"wp:term":[{"taxonomy":"product_brand","embeddable":true,"href":"https:\/\/gpl-love.com\/fr\/wp-json\/wp\/v2\/product_brand?post=132591"},{"taxonomy":"product_cat","embeddable":true,"href":"https:\/\/gpl-love.com\/fr\/wp-json\/wp\/v2\/product_cat?post=132591"},{"taxonomy":"product_tag","embeddable":true,"href":"https:\/\/gpl-love.com\/fr\/wp-json\/wp\/v2\/product_tag?post=132591"}],"curies":[{"name":"wp","href":"https:\/\/api.w.org\/{rel}","templated":true}]}}