{"id":132590,"date":"2024-12-10T00:00:00","date_gmt":"2024-12-09T23:00:00","guid":{"rendered":"https:\/\/gpl-love.com\/fr\/produit\/wpml-wpforms\/"},"modified":"2026-03-20T23:57:17","modified_gmt":"2026-03-20T22:57:17","slug":"wpml-wpforms","status":"publish","type":"product","link":"https:\/\/gpl-love.com\/fr\/produit\/wpml-wpforms\/","title":{"rendered":"WPML WPForms 0.4.1"},"content":{"rendered":"<h3>WPML WPForms Traits<\/h3>\n<p>WPML WPFORMS est un plugin exceptionnellement robuste qui permet \u00e0 ses utilisateurs de traduire leurs formes et enqu\u00eates m\u00e9ticuleusement con\u00e7ues en une multitude de langues. La polyvalence de ce plugin permet la cr\u00e9ation de formes dans sa langue maternelle, facilitant par la suite la traduction desdites formes dans n&rsquo;importe quelle langue souhait\u00e9e. Cet attribut particulier s&rsquo;av\u00e8re extr\u00eamement avantageux pour les entreprises qui m\u00e8nent leurs op\u00e9rations dans diverses nations, ce qui n\u00e9cessite la capacit\u00e9 de s&rsquo;adapter \u00e0 un assortiment de clients qui poss\u00e8dent diverses capacit\u00e9s linguistiques. WPML WPFORMS se distingue encore en offrant un vaste r\u00e9pertoire de fonctionnalit\u00e9s suppl\u00e9mentaires, allant des outils de cr\u00e9ation de formulaire de pointe \u00e0 l&rsquo;int\u00e9gration d&rsquo;un m\u00e9canisme de protection de spam int\u00e9gr\u00e9, garantissant ainsi une exp\u00e9rience utilisateur optimale. De plus, l&rsquo;adaptabilit\u00e9 inn\u00e9e de ce plugin aux appareils mobiles est un autre t\u00e9moignage de son d\u00e9vouement sans pr\u00e9c\u00e9dent \u00e0 la commodit\u00e9 des utilisateurs. Ainsi, il \u00e9merge sans \u00e9quivoque comme le choix par excellence pour toute personne qui aspire \u00e0 fa\u00e7onner des formes et des enqu\u00eates bilingues ou multilingues qui d\u00e9gagent le professionnalisme tout en restant simultan\u00e9ment convivial.<\/p>\n<ul>\n<li>WPML WPFORMS est un plugin qui vous permet de cr\u00e9er des formulaires de contact multilingues pour votre site Web WordPress.<\/li>\n<li>Avec le support WPML, vous pouvez facilement traduire vos formulaires en plusieurs langues.<\/li>\n<li>Le plugin est convivial et facile \u00e0 utiliser, avec un g\u00e9n\u00e9rateur de glisser-d\u00e9poser pour cr\u00e9er vos formulaires.<\/li>\n<li>WPML WPFORMS int\u00e8gre de mani\u00e8re transparente avec d&rsquo;autres plugins, tels que MailChimp et PayPal, pour am\u00e9liorer la fonctionnalit\u00e9 de votre site Web.<\/li>\n<li>Vous pouvez ajouter diff\u00e9rents types de champs \u00e0 vos formulaires, y compris le texte, la liste d\u00e9roulante et le choix multiple.<\/li>\n<li>Le plugin comprend des mod\u00e8les de formulaire pr\u00e9d\u00e9finis que vous pouvez utiliser pour gagner du temps et am\u00e9liorer votre flux de travail.<\/li>\n<li>WPML WPFORMS est hautement personnalisable, vous pouvez donc adapter vos formulaires \u00e0 vos besoins sp\u00e9cifiques.<\/li>\n<li>Le plugin est r\u00e9guli\u00e8rement mis \u00e0 jour pour assurer la compatibilit\u00e9 avec les derni\u00e8res versions de WordPress et d&rsquo;autres plugins.<\/li>\n<li>WPML WPFORMS a une conception r\u00e9active, ce qui permet aux utilisateurs de remplir facilement les formulaires sur n&rsquo;importe quel appareil.<\/li>\n<li>Le plugin comprend \u00e9galement des fonctionnalit\u00e9s avanc\u00e9es, telles que la logique conditionnelle et la protection du spam, pour vous aider \u00e0 cr\u00e9er des formulaires plus complexes et s\u00e9curis\u00e9s.<\/li>\n<\/ul>\n","protected":false},"excerpt":{"rendered":"<p>WPML WPFORMS, un plugin incroyablement puissant, poss\u00e8de la capacit\u00e9 remarquable d&rsquo;activer les fonctionnalit\u00e9s multilingues au sein du constructeur de formulaires WordPress largement acclam\u00e9 appel\u00e9 WPFORMS. Cette fonctionnalit\u00e9 r\u00e9volutionnaire permet aux utilisateurs de g\u00e9n\u00e9rer sans effort des formes en plusieurs langues et de les traduire par la suite avec la plus grande facilit\u00e9, facilitant ainsi une communication efficace avec un public beaucoup plus large. Avec un processus d&rsquo;installation sans couture et une interface conviviale, ce plugin est devenu un outil indispensable pour les sites Web cherchant \u00e0 \u00e9tablir un engagement efficace et percutant des visiteurs. D\u00e9verrouillez le plein potentiel de votre site Web en int\u00e9grant WPML WPFORMS pour am\u00e9liorer sa convivialit\u00e9 et favoriser l&rsquo;engagement des utilisateurs accrue.<\/p>\n","protected":false},"featured_media":146649,"comment_status":"open","ping_status":"open","template":"","meta":[],"product_brand":[2449],"product_cat":[1191,1181,1186],"product_tag":[1426],"class_list":{"0":"post-132590","1":"product","2":"type-product","3":"status-publish","4":"has-post-thumbnail","6":"product_brand-wpml","7":"product_cat-formes","8":"product_cat-plugins","9":"product_cat-wordpress-plugins","10":"product_tag-wpml","11":"member-discount","12":"discount-restricted","14":"first","15":"instock","16":"sale","17":"downloadable","18":"virtual","19":"sold-individually","20":"purchasable","21":"product-type-simple"},"_links":{"self":[{"href":"https:\/\/gpl-love.com\/fr\/wp-json\/wp\/v2\/product\/132590","targetHints":{"allow":["GET"]}}],"collection":[{"href":"https:\/\/gpl-love.com\/fr\/wp-json\/wp\/v2\/product"}],"about":[{"href":"https:\/\/gpl-love.com\/fr\/wp-json\/wp\/v2\/types\/product"}],"replies":[{"embeddable":true,"href":"https:\/\/gpl-love.com\/fr\/wp-json\/wp\/v2\/comments?post=132590"}],"wp:featuredmedia":[{"embeddable":true,"href":"https:\/\/gpl-love.com\/fr\/wp-json\/wp\/v2\/media\/146649"}],"wp:attachment":[{"href":"https:\/\/gpl-love.com\/fr\/wp-json\/wp\/v2\/media?parent=132590"}],"wp:term":[{"taxonomy":"product_brand","embeddable":true,"href":"https:\/\/gpl-love.com\/fr\/wp-json\/wp\/v2\/product_brand?post=132590"},{"taxonomy":"product_cat","embeddable":true,"href":"https:\/\/gpl-love.com\/fr\/wp-json\/wp\/v2\/product_cat?post=132590"},{"taxonomy":"product_tag","embeddable":true,"href":"https:\/\/gpl-love.com\/fr\/wp-json\/wp\/v2\/product_tag?post=132590"}],"curies":[{"name":"wp","href":"https:\/\/api.w.org\/{rel}","templated":true}]}}