{"id":132589,"date":"2026-04-16T00:00:00","date_gmt":"2026-04-15T22:00:00","guid":{"rendered":"https:\/\/gpl-love.com\/fr\/produit\/ultimate-video-player\/"},"modified":"2026-04-17T00:31:36","modified_gmt":"2026-04-16T22:31:36","slug":"ultimate-video-player","status":"publish","type":"product","link":"https:\/\/gpl-love.com\/fr\/produit\/ultimate-video-player\/","title":{"rendered":"Ultimate Video Player 11.0"},"content":{"rendered":"<h3>Ultimate Video Player Traits<\/h3>\n<p>Le lecteur vid\u00e9o ultime, connu pour sa qualit\u00e9 de lecture vid\u00e9o exceptionnelle et sa compatibilit\u00e9 avec les derniers formats vid\u00e9o, est un lecteur multim\u00e9dia haute performance. Avec son interface conviviale, naviguer et contr\u00f4ler la lecture vid\u00e9o est un jeu d&rsquo;enfant. Non seulement il offre une prise en charge des sous-titres, mais il poss\u00e8de \u00e9galement des contr\u00f4les vid\u00e9o personnalisables et la possibilit\u00e9 de lire des vid\u00e9os \u00e0 partir de diverses sources, allant des fichiers locaux aux plateformes en ligne populaires comme YouTube et Vimeo. Ce lecteur vid\u00e9o polyvalent est le choix id\u00e9al pour les utilisateurs \u00e0 la recherche d&rsquo;une solution puissante et intuitive pour r\u00e9pondre \u00e0 toutes leurs exigences de lecture vid\u00e9o.<\/p>\n<ul>\n<li>Lecture vid\u00e9o de haute qualit\u00e9 avec support HD et 4K<\/li>\n<li>Interface personnalisable avec les commandes conviviales<\/li>\n<li>Int\u00e9gration transparente avec des plates-formes vid\u00e9o populaires (YouTube, Vimeo, etc.)<\/li>\n<li>Capacit\u00e9 \u00e0 diffuser du contenu vid\u00e9o en direct<\/li>\n<li>Outils de lecture de lecture robuste et de chapitre<\/li>\n<li>Options de boucle vid\u00e9o et de jeu automatique<\/li>\n<li>Sous-titrage ferm\u00e9 et sous-titres support<\/li>\n<li>Compatibilit\u00e9 avec une grande vari\u00e9t\u00e9 de formats de fichiers vid\u00e9o<\/li>\n<li>Analyse vid\u00e9o avanc\u00e9e pour suivre le spectacle et l&rsquo;engagement<\/li>\n<li>Documentation compl\u00e8te et support client fiable.<\/li>\n<\/ul>\n","protected":false},"excerpt":{"rendered":"<p>D\u00e9couvrez la quintessence d&rsquo;un lecteur vid\u00e9o qui englobe la technologie de pointe de l&rsquo;entr\u00e9e, offrant une vaste gamme de fonctionnalit\u00e9s qui s&rsquo;adressent \u00e0 tous les formats vid\u00e9o r\u00e9pandus et garantissant une lecture sans faille sur n&rsquo;importe quel appareil. B\u00e9n\u00e9ficiant de commandes personnalisables et d&rsquo;une plate-forme int\u00e9gr\u00e9e de mani\u00e8re transparente avec vos services de streaming pr\u00e9f\u00e9r\u00e9s, le lecteur vid\u00e9o Ultimate Entr\u00e9e assure non seulement une exp\u00e9rience de vision in\u00e9gal\u00e9e, mais facilite \u00e9galement sans effort l&rsquo;exploration et la consommation de votre contenu bien-aim\u00e9. \u00c9levez votre lecteur vid\u00e9o \u00e0 de nouveaux sommets en embrassant les capacit\u00e9s transformatrices de l&rsquo;entr\u00e9e aujourd&rsquo;hui.<\/p>\n","protected":false},"featured_media":146648,"comment_status":"open","ping_status":"open","template":"","meta":[],"product_brand":[2435],"product_cat":[1189,1181,1186],"product_tag":[1231],"class_list":{"0":"post-132589","1":"product","2":"type-product","3":"status-publish","4":"has-post-thumbnail","6":"product_brand-codecanyon","7":"product_cat-personnalisation","8":"product_cat-plugins","9":"product_cat-wordpress-plugins","10":"product_tag-codecanyon","11":"member-discount","12":"discount-restricted","14":"first","15":"instock","16":"sale","17":"downloadable","18":"virtual","19":"sold-individually","20":"purchasable","21":"product-type-simple"},"_links":{"self":[{"href":"https:\/\/gpl-love.com\/fr\/wp-json\/wp\/v2\/product\/132589","targetHints":{"allow":["GET"]}}],"collection":[{"href":"https:\/\/gpl-love.com\/fr\/wp-json\/wp\/v2\/product"}],"about":[{"href":"https:\/\/gpl-love.com\/fr\/wp-json\/wp\/v2\/types\/product"}],"replies":[{"embeddable":true,"href":"https:\/\/gpl-love.com\/fr\/wp-json\/wp\/v2\/comments?post=132589"}],"wp:featuredmedia":[{"embeddable":true,"href":"https:\/\/gpl-love.com\/fr\/wp-json\/wp\/v2\/media\/146648"}],"wp:attachment":[{"href":"https:\/\/gpl-love.com\/fr\/wp-json\/wp\/v2\/media?parent=132589"}],"wp:term":[{"taxonomy":"product_brand","embeddable":true,"href":"https:\/\/gpl-love.com\/fr\/wp-json\/wp\/v2\/product_brand?post=132589"},{"taxonomy":"product_cat","embeddable":true,"href":"https:\/\/gpl-love.com\/fr\/wp-json\/wp\/v2\/product_cat?post=132589"},{"taxonomy":"product_tag","embeddable":true,"href":"https:\/\/gpl-love.com\/fr\/wp-json\/wp\/v2\/product_tag?post=132589"}],"curies":[{"name":"wp","href":"https:\/\/api.w.org\/{rel}","templated":true}]}}