{"id":132587,"date":"2026-03-26T00:00:00","date_gmt":"2026-03-25T23:00:00","guid":{"rendered":"https:\/\/gpl-love.com\/fr\/produit\/vault-multipurpose-elementor-wordpress-theme\/"},"modified":"2026-03-26T23:32:59","modified_gmt":"2026-03-26T22:32:59","slug":"vault-multipurpose-elementor-wordpress-theme","status":"publish","type":"product","link":"https:\/\/gpl-love.com\/fr\/produit\/vault-multipurpose-elementor-wordpress-theme\/","title":{"rendered":"Vault Multipurpose Elementor WordPress Theme 3.3.1"},"content":{"rendered":"<h3>Vault Multipurpose Elementor WordPress Theme Traits<\/h3>\n<p>Le th\u00e8me WordPress Elementor Multipurpose Elementor est un th\u00e8me WordPress incroyablement polyvalent et extr\u00eamement \u00e9l\u00e9gant qui est sp\u00e9cialement con\u00e7u pour faciliter la cr\u00e9ation d&rsquo;un site Web professionnel et tr\u00e8s attrayant. Dot\u00e9 d&rsquo;un constructeur de pages Elementor incroyablement intuitif et convivial, ce th\u00e8me vous permet d&rsquo;adapter sans effort votre site Web en fonction de vos exigences uniques et de vos pr\u00e9f\u00e9rences personnelles. Ce qui distingue ce th\u00e8me, c&rsquo;est sa vaste gamme de mod\u00e8les, de widgets et de modules pr\u00e9-con\u00e7us, qui sont tous d\u00e9terminants pour vous permettre de cr\u00e9er des pages Web visuellement captivantes et esth\u00e9tiques sans n\u00e9cessiter d&rsquo;expertise en codage ou de connaissances ant\u00e9rieures. En outre, il est imp\u00e9ratif de mentionner que ce th\u00e8me est pleinement r\u00e9actif et m\u00e9ticuleusement optimis\u00e9 pour les temps de chargement acc\u00e9l\u00e9r\u00e9s, garantissant ainsi une exp\u00e9rience utilisateur ininterrompue et parfaitement immersive pour tous vos visiteurs ch\u00e9ris. Que vous aspiriez \u00e0 d\u00e9velopper un portefeuille passionnant, un blog engageant ou m\u00eame une plate-forme de commerce \u00e9lectronique \u00e9labor\u00e9e, assurez-vous que le th\u00e8me WordPress Elementor Multipurpose Vault vous a \u00e9t\u00e9 comprim\u00e9 de mani\u00e8re compl\u00e8te. En vertu de sa fiabilit\u00e9 in\u00e9branlable et de sa puissance formidable, cette solution astucieuse vous permettra de fabriquer un site Web splendide, dynamique et tr\u00e8s fonctionnel dans un tourbillon.<\/p>\n<ul>\n<li>Options de disposition enti\u00e8rement personnalisables et flexibles<\/li>\n<li>Conception sensible au mobile pour la navigation transparente sur tous les appareils<\/li>\n<li>Compatible avec Elementor Pro et enti\u00e8rement compatible avec l&rsquo;\u00e9diteur de Gutenberg<\/li>\n<li>Livr\u00e9 avec des d\u00e9mos pr\u00e9-construites pour une configuration et une personnalisation faciles<\/li>\n<li>Propose un puissant constructeur de pages glisser-d\u00e9poser pour une personnalisation facile<\/li>\n<li>Comprend un large \u00e9ventail de widgets pour afficher le contenu et les fonctionnalit\u00e9s<\/li>\n<li>Conceptions de l&rsquo;en-t\u00eate et de pied de page \u00e0 choisir<\/li>\n<li>SEO optimis\u00e9 pour un meilleur classement des moteurs de recherche<\/li>\n<li>Traduction pr\u00eat pour une utilisation en plusieurs langues<\/li>\n<li>Int\u00e9gration facile avec des plugins populaires comme WooCommerce et le formulaire de contact 7<\/li>\n<li>Mises \u00e0 jour r\u00e9guli\u00e8res et soutien de l&rsquo;\u00e9quipe de d\u00e9veloppement.<\/li>\n<\/ul>\n","protected":false},"excerpt":{"rendered":"<p>Le th\u00e8me WordPress Elementor Vault multipurpose, r\u00e9put\u00e9 pour sa polyvalence et sa nature conviviale, sert de solution de conception exemplaire pour ceux qui cherchent \u00e0 cr\u00e9er des sites Web visuellement frappants et professionnels. Propuls\u00e9 par le constructeur de pages Elementor remarquable, ce th\u00e8me pr\u00e9sente une vaste gamme de pages et de dispositions pr\u00e9-con\u00e7ues, adapt\u00e9es pour r\u00e9pondre \u00e0 divers niches et objectifs. \u00c9quip\u00e9 d&rsquo;une gamme d&rsquo;options de personnalisation avanc\u00e9es, comme une interface de glisser-d\u00e9poser, un assortiment de fonctionnalit\u00e9s et de widgets attrayants, ainsi qu&rsquo;un panneau d&rsquo;options de th\u00e8me complet, ce th\u00e8me facilite la cr\u00e9ation sans effort de sites Web distinctifs et captivants . B\u00e9n\u00e9ficiant de r\u00e9activit\u00e9 transparente et de vitesses de chargement rapides, ce th\u00e8me s&rsquo;av\u00e8re \u00eatre un choix id\u00e9al pour tout type de site Web, qu&rsquo;il s&rsquo;agisse d&rsquo;un portfolio, d&rsquo;un blog, d&rsquo;une entreprise ou d&rsquo;une plate-forme de commerce \u00e9lectronique.<\/p>\n","protected":false},"featured_media":146646,"comment_status":"open","ping_status":"open","template":"","meta":[],"product_brand":[2433],"product_cat":[1214,1212,1213],"product_tag":[1366],"class_list":{"0":"post-132587","1":"product","2":"type-product","3":"status-publish","4":"has-post-thumbnail","6":"product_brand-themeforest","7":"product_cat-polyvalent","8":"product_cat-themes","9":"product_cat-wordpress-themes","10":"product_tag-themeforest","11":"member-discount","12":"discount-restricted","14":"first","15":"instock","16":"sale","17":"downloadable","18":"virtual","19":"sold-individually","20":"purchasable","21":"product-type-simple"},"_links":{"self":[{"href":"https:\/\/gpl-love.com\/fr\/wp-json\/wp\/v2\/product\/132587","targetHints":{"allow":["GET"]}}],"collection":[{"href":"https:\/\/gpl-love.com\/fr\/wp-json\/wp\/v2\/product"}],"about":[{"href":"https:\/\/gpl-love.com\/fr\/wp-json\/wp\/v2\/types\/product"}],"replies":[{"embeddable":true,"href":"https:\/\/gpl-love.com\/fr\/wp-json\/wp\/v2\/comments?post=132587"}],"wp:featuredmedia":[{"embeddable":true,"href":"https:\/\/gpl-love.com\/fr\/wp-json\/wp\/v2\/media\/146646"}],"wp:attachment":[{"href":"https:\/\/gpl-love.com\/fr\/wp-json\/wp\/v2\/media?parent=132587"}],"wp:term":[{"taxonomy":"product_brand","embeddable":true,"href":"https:\/\/gpl-love.com\/fr\/wp-json\/wp\/v2\/product_brand?post=132587"},{"taxonomy":"product_cat","embeddable":true,"href":"https:\/\/gpl-love.com\/fr\/wp-json\/wp\/v2\/product_cat?post=132587"},{"taxonomy":"product_tag","embeddable":true,"href":"https:\/\/gpl-love.com\/fr\/wp-json\/wp\/v2\/product_tag?post=132587"}],"curies":[{"name":"wp","href":"https:\/\/api.w.org\/{rel}","templated":true}]}}