{"id":132586,"date":"2025-07-19T00:00:00","date_gmt":"2025-07-18T22:00:00","guid":{"rendered":"https:\/\/gpl-love.com\/fr\/produit\/wp-latest-posts-pro-addon\/"},"modified":"2026-03-20T23:57:13","modified_gmt":"2026-03-20T22:57:13","slug":"wp-latest-posts-pro-addon","status":"publish","type":"product","link":"https:\/\/gpl-love.com\/fr\/produit\/wp-latest-posts-pro-addon\/","title":{"rendered":"WP Latest Posts Pro Addon 4.7.0"},"content":{"rendered":"<h3>WP Latest Posts Pro Addon Traits<\/h3>\n<p>Le WP Last Posts Pro Addon est une extension incroyablement robuste et puissante pour le syst\u00e8me de gestion de contenu largement populaire, WordPress. Cet addon remarquable permet aux utilisateurs la possibilit\u00e9 de pr\u00e9senter sans effort les messages les plus r\u00e9cents de leur site Web dans une multitude de formats divers et captivants. En utilisant cet ing\u00e9nieux addon, les utilisateurs obtiennent la libert\u00e9 et la flexibilit\u00e9 de construire des listes de publication, des grilles et des curseurs personnalis\u00e9s qui s&rsquo;adaptent de mani\u00e8re transparente \u00e0 une vari\u00e9t\u00e9 d&rsquo;appareils et de tailles d&rsquo;\u00e9cran, garantissant une exp\u00e9rience utilisateur optimale et immersive. De plus, le plugin englobe un \u00e9ventail de fonctionnalit\u00e9s sophistiqu\u00e9es et de pointe qui sont con\u00e7ues pour \u00e9lever et am\u00e9liorer la fonctionnalit\u00e9 globale et l&rsquo;esth\u00e9tique d&rsquo;un site Web. Ceux-ci incluent, mais sans s&rsquo;y limiter, l&rsquo;int\u00e9gration de plusieurs filtres post-post, l&rsquo;inclusion de types de poste personnalis\u00e9s et la fourniture d&rsquo;options de pagination. C&rsquo;est cette suite compl\u00e8te d&rsquo;outils et de fonctionnalit\u00e9s qui permet aux utilisateurs de cr\u00e9er sans effort et efficacement un site Web \u00e9l\u00e9gant et sophistiqu\u00e9 qui d\u00e9gage le professionnalisme et la sophistication. Ainsi, que vous soyez un blogueur passionn\u00e9, un sp\u00e9cialiste du marketing avis\u00e9 ou un propri\u00e9taire d&rsquo;entreprise dynamique, le WP Last Posts Pro Addon est un outil indispensable et inestimable qui r\u00e9volutionnera sans aucun doute la fa\u00e7on dont vous g\u00e9rez et pr\u00e9sentez le contenu convaincant et captivant de votre site Web.<\/p>\n<ul>\n<li>Fournit un moyen \u00e9l\u00e9gant et personnalisable d&rsquo;afficher vos derniers messages WordPress sur votre site Web.<\/li>\n<li>Offre plusieurs options de mise en page \u00e0 choisir, y compris la grille, le curseur, la liste et la ma\u00e7onnerie.<\/li>\n<li>Vous permet de sp\u00e9cifier les cat\u00e9gories de publication \u00e0 afficher, vous donnant un plus grand contr\u00f4le sur votre contenu.<\/li>\n<li>Dispose d&rsquo;un syst\u00e8me de mise en cache int\u00e9gr\u00e9 pour am\u00e9liorer les performances et les temps de chargement de page plus rapides.<\/li>\n<li>Comprend une gamme d&rsquo;options de personnalisation pour des \u00e9l\u00e9ments tels que les titres de publication, les images en vedette et les m\u00e9tadonn\u00e9es.<\/li>\n<li>Compatible avec une large gamme de th\u00e8mes et de plugins WordPress.<\/li>\n<li>Fournit une documentation d\u00e9taill\u00e9e et un support rapide du d\u00e9veloppeur.<\/li>\n<li>Mis \u00e0 jour r\u00e9guli\u00e8rement avec de nouvelles fonctionnalit\u00e9s et des corrections de bogues pour assurer des performances optimales.<\/li>\n<\/ul>\n","protected":false},"excerpt":{"rendered":"<p>Le WP Last Posts Pro Addon est un outil incroyablement robuste et efficace qui permet aux utilisateurs de pr\u00e9senter sans effort leurs articles de blog WordPress les plus \u00e0 jour sur n&rsquo;importe quelle section de leur site Web. Offrant une large gamme de dispositions et de styles personnalisables, cet addon permet aux individus de mettre en \u00e9vidence efficacement leur contenu le plus frais et le plus engageant, en s&rsquo;assurant finalement que les visiteurs de leur site restent captiv\u00e9s et absorb\u00e9s dans leur mat\u00e9riel. Remarquablement, cet addon remarquable est enti\u00e8rement compatible avec les constructeurs de page Elementor et Beaver Builder, fournissant ainsi aux utilisateurs une interface facile \u00e0 naviguer qui peut \u00eatre int\u00e9gr\u00e9e de mani\u00e8re transparente dans leur site Web existant en quelques clics simples. De plus, avec la capacit\u00e9 remarquable de filtrer judicieusement les publications en fonction de leurs cat\u00e9gories, tags ou auteurs respectifs, les individus peuvent organiser et pr\u00e9senter efficacement leurs sujets d&rsquo;int\u00e9r\u00eat sp\u00e9cifiques, am\u00e9liorant ainsi consid\u00e9rablement l&rsquo;exp\u00e9rience globale et l&rsquo;accessibilit\u00e9 des utilisateurs pour leurs pr\u00e9cieux visiteurs. Ne perdez pas de temps \u00e0 acqu\u00e9rir les derniers messages WP les derniers Prodon aujourd&rsquo;hui et \u00e0 d\u00e9verrouiller un domaine enti\u00e8rement nouveau de possibilit\u00e9s illimit\u00e9es pour votre blog WordPress estim\u00e9.<\/p>\n","protected":false},"featured_media":146645,"comment_status":"open","ping_status":"open","template":"","meta":[],"product_brand":[2718],"product_cat":[1187,1181,1186],"product_tag":[1468],"class_list":{"0":"post-132586","1":"product","2":"type-product","3":"status-publish","4":"has-post-thumbnail","6":"product_brand-joomunited","7":"product_cat-administration-wordpress-plugins","8":"product_cat-plugins","9":"product_cat-wordpress-plugins","10":"product_tag-joomunited","11":"member-discount","12":"discount-restricted","14":"first","15":"instock","16":"sale","17":"downloadable","18":"virtual","19":"sold-individually","20":"purchasable","21":"product-type-simple"},"_links":{"self":[{"href":"https:\/\/gpl-love.com\/fr\/wp-json\/wp\/v2\/product\/132586","targetHints":{"allow":["GET"]}}],"collection":[{"href":"https:\/\/gpl-love.com\/fr\/wp-json\/wp\/v2\/product"}],"about":[{"href":"https:\/\/gpl-love.com\/fr\/wp-json\/wp\/v2\/types\/product"}],"replies":[{"embeddable":true,"href":"https:\/\/gpl-love.com\/fr\/wp-json\/wp\/v2\/comments?post=132586"}],"wp:featuredmedia":[{"embeddable":true,"href":"https:\/\/gpl-love.com\/fr\/wp-json\/wp\/v2\/media\/146645"}],"wp:attachment":[{"href":"https:\/\/gpl-love.com\/fr\/wp-json\/wp\/v2\/media?parent=132586"}],"wp:term":[{"taxonomy":"product_brand","embeddable":true,"href":"https:\/\/gpl-love.com\/fr\/wp-json\/wp\/v2\/product_brand?post=132586"},{"taxonomy":"product_cat","embeddable":true,"href":"https:\/\/gpl-love.com\/fr\/wp-json\/wp\/v2\/product_cat?post=132586"},{"taxonomy":"product_tag","embeddable":true,"href":"https:\/\/gpl-love.com\/fr\/wp-json\/wp\/v2\/product_tag?post=132586"}],"curies":[{"name":"wp","href":"https:\/\/api.w.org\/{rel}","templated":true}]}}