{"id":132420,"date":"2023-05-19T00:00:00","date_gmt":"2023-05-18T22:00:00","guid":{"rendered":"https:\/\/gpl-love.com\/fr\/produit\/share-logins-pro\/"},"modified":"2026-03-20T23:57:12","modified_gmt":"2026-03-20T22:57:12","slug":"share-logins-pro","status":"publish","type":"product","link":"https:\/\/gpl-love.com\/fr\/produit\/share-logins-pro\/","title":{"rendered":"Share Logins Pro 5.3"},"content":{"rendered":"<h3>Share Logins Pro Traits<\/h3>\n<p>Share Logins Pro, un outil de gestion de mot de passe tr\u00e8s appr\u00e9ci\u00e9, offre aux utilisateurs la possibilit\u00e9 de stocker et de partager en toute s\u00e9curit\u00e9 les informations d&rsquo;identification de connexion avec leur \u00e9quipe. Il poss\u00e8de une interface conviviale et des fonctionnalit\u00e9s de s\u00e9curit\u00e9 robustes, ce qui en fait un outil indispensable pour les organisations de toutes tailles. En utilisant Share Logins Pro, les utilisateurs peuvent sans effort accorder l&rsquo;acc\u00e8s aux membres de l&rsquo;\u00e9quipe, exercer un contr\u00f4le des autorisations et surveiller les activit\u00e9s de connexion pour renforcer les mesures de s\u00e9curit\u00e9. En outre, cet outil offre une pl\u00e9thore de fonctionnalit\u00e9s con\u00e7ues pour rationaliser le flux de travail, comme un g\u00e9n\u00e9rateur de mots de passe, des fonctionnalit\u00e9s de remplissage automatique et des options de partage s\u00e9curis\u00e9es qui garantissent la protection perp\u00e9tuelle des donn\u00e9es sensibles. En substance, Share Logins Pro se pr\u00e9sente comme un choix exceptionnel pour les entreprises cherchant \u00e0 simplifier les processus de gestion des mots de passe et \u00e0 fortifier leurs protocoles de s\u00e9curit\u00e9.<\/p>\n<ul>\n<li>Aide \u00e0 g\u00e9rer et \u00e0 partager les informations d&rsquo;identification de connexion en toute s\u00e9curit\u00e9<\/li>\n<li>Permet la collaboration et la commodit\u00e9 de l&rsquo;\u00e9quipe<\/li>\n<li>Rationalise la gestion des mots de passe avec une seule connexion pour tous les comptes<\/li>\n<li>Autorisations et contr\u00f4le d&rsquo;acc\u00e8s des utilisateurs personnalisables<\/li>\n<li>R\u00e9duit le risque de perte de mot de passe, de vol ou d&rsquo;utilisation abusive<\/li>\n<li>Augmente la productivit\u00e9 gr\u00e2ce \u00e0 une gestion efficace des informations d&rsquo;identification de connexion<\/li>\n<li>Compatible avec diff\u00e9rentes plates-formes et appareils<\/li>\n<li>Fournit des journaux d&rsquo;acc\u00e8s d\u00e9taill\u00e9s et un suivi de l&rsquo;historique<\/li>\n<li>Facile \u00e0 configurer et \u00e0 utiliser avec une interface conviviale<\/li>\n<li>Offre un support client rapide et des mises \u00e0 jour r\u00e9guli\u00e8res<\/li>\n<\/ul>\n","protected":false},"excerpt":{"rendered":"<p>Share Logins Pro est une solution logicielle tr\u00e8s acclam\u00e9e qui vise \u00e0 rationaliser et \u00e0 simplifier la t\u00e2che ardue de se connecter \u00e0 plusieurs comptes en ligne. En utilisant Share Logins Pro, les utilisateurs sont en mesure de partager en toute s\u00e9curit\u00e9 et en toute confiance leurs informations d&rsquo;identification avec les membres de leur \u00e9quipe, \u00e9liminant efficacement la t\u00e2che lourde de devoir se souvenir d&rsquo;un assortiment de noms d&rsquo;utilisateur et de mots de passe. Les fonctionnalit\u00e9s de cryptage avanc\u00e9es sont int\u00e9gr\u00e9es dans le logiciel, augmentant le niveau de s\u00e9curit\u00e9 et garantissant que seules les personnes qui ont obtenu l&rsquo;autorisation sont en mesure d&rsquo;acc\u00e9der aux comptes d\u00e9sign\u00e9s. Avec Share Logins Pro \u00e0 votre disposition, vous avez la capacit\u00e9 d&rsquo;optimiser le flux de travail de votre \u00e9quipe, de maintenir un sens de l&rsquo;ordre et de l&rsquo;organisation et d&rsquo;am\u00e9liorer consid\u00e9rablement la productivit\u00e9 globale. N&rsquo;h\u00e9sitez plus &#8211; acqu\u00e9rir des connexions de partage aujourd&rsquo;hui et plongez-vous dans le monde de la gestion des comptes en ligne transparente.<\/p>\n","protected":false},"featured_media":146644,"comment_status":"open","ping_status":"open","template":"","meta":[],"product_brand":[2758],"product_cat":[1187,1181,1186],"product_tag":[2336],"class_list":{"0":"post-132420","1":"product","2":"type-product","3":"status-publish","4":"has-post-thumbnail","6":"product_brand-codexpert","7":"product_cat-administration-wordpress-plugins","8":"product_cat-plugins","9":"product_cat-wordpress-plugins","10":"product_tag-codexpert","11":"member-discount","12":"discount-restricted","14":"first","15":"instock","16":"sale","17":"downloadable","18":"virtual","19":"sold-individually","20":"purchasable","21":"product-type-simple"},"_links":{"self":[{"href":"https:\/\/gpl-love.com\/fr\/wp-json\/wp\/v2\/product\/132420","targetHints":{"allow":["GET"]}}],"collection":[{"href":"https:\/\/gpl-love.com\/fr\/wp-json\/wp\/v2\/product"}],"about":[{"href":"https:\/\/gpl-love.com\/fr\/wp-json\/wp\/v2\/types\/product"}],"replies":[{"embeddable":true,"href":"https:\/\/gpl-love.com\/fr\/wp-json\/wp\/v2\/comments?post=132420"}],"wp:featuredmedia":[{"embeddable":true,"href":"https:\/\/gpl-love.com\/fr\/wp-json\/wp\/v2\/media\/146644"}],"wp:attachment":[{"href":"https:\/\/gpl-love.com\/fr\/wp-json\/wp\/v2\/media?parent=132420"}],"wp:term":[{"taxonomy":"product_brand","embeddable":true,"href":"https:\/\/gpl-love.com\/fr\/wp-json\/wp\/v2\/product_brand?post=132420"},{"taxonomy":"product_cat","embeddable":true,"href":"https:\/\/gpl-love.com\/fr\/wp-json\/wp\/v2\/product_cat?post=132420"},{"taxonomy":"product_tag","embeddable":true,"href":"https:\/\/gpl-love.com\/fr\/wp-json\/wp\/v2\/product_tag?post=132420"}],"curies":[{"name":"wp","href":"https:\/\/api.w.org\/{rel}","templated":true}]}}