{"id":132275,"date":"2026-03-20T00:00:00","date_gmt":"2026-03-19T23:00:00","guid":{"rendered":"https:\/\/gpl-love.com\/fr\/produit\/user-registration-activecampaign-1-0-0\/"},"modified":"2026-03-20T23:57:11","modified_gmt":"2026-03-20T22:57:11","slug":"user-registration-activecampaign-1-0-0","status":"publish","type":"product","link":"https:\/\/gpl-love.com\/fr\/produit\/user-registration-activecampaign-1-0-0\/","title":{"rendered":"User Registration ActiveCampaign 1.1.10"},"content":{"rendered":"<h3>User Registration ActiveCampaign Traits<\/h3>\n<p>L&rsquo;enregistrement des utilisateurs ActiveCampaign est un outil incroyablement robuste et efficace qui sert de ressource inestimable pour les entreprises et les organisations cherchant \u00e0 rationaliser et \u00e0 optimiser leur processus d&rsquo;enregistrement. Offrant une commodit\u00e9 et une simplicit\u00e9 in\u00e9gal\u00e9es, les utilisateurs peuvent s&rsquo;inscrire sans effort \u00e0 un large \u00e9ventail d&rsquo;\u00e9v\u00e9nements, d&rsquo;adh\u00e9sions et d&rsquo;autres activit\u00e9s en quelques clics simples. De plus, cet outil dynamique permet aux entreprises de collecter et de compiler des informations vitales de leurs utilisateurs, englobant des d\u00e9tails cruciaux tels que les informations de contact et les pr\u00e9f\u00e9rences, qui peuvent par la suite \u00eatre utilis\u00e9es pour alimenter les futures initiatives de marketing et les efforts de sensibilisation. Ce qui distingue le registre de l&rsquo;utilisateur ActiveCampaign comme vraiment exceptionnel, c&rsquo;est sa remarquable convivialit\u00e9 et son adaptabilit\u00e9, permettant aux entreprises d&rsquo;adapter de mani\u00e8re transparente leurs formulaires d&rsquo;enregistrement pour s&rsquo;aligner de mani\u00e8re transparente avec leur marque et leurs sp\u00e9cifications uniques. \u00c0 l&rsquo;aide de cet outil remarquable, les entreprises sont sur le point d&rsquo;am\u00e9liorer et d&rsquo;\u00e9lever leur exp\u00e9rience utilisateur, engendrez ainsi des niveaux accrus d&rsquo;engagement et de taux de conversion.<\/p>\n<ul>\n<li>Configuration facile et int\u00e9gration avec activeCampaign<\/li>\n<li>Processus d&rsquo;enregistrement des utilisateurs complets<\/li>\n<li>Champs d&rsquo;enregistrement personnalisables pour des informations d&rsquo;utilisateurs sp\u00e9cifiques<\/li>\n<li>Notifications par e-mail automatis\u00e9es pour une inscription r\u00e9ussie<\/li>\n<li>Capacit\u00e9 \u00e0 suivre l&rsquo;activit\u00e9 des utilisateurs et l&rsquo;engagement dans ActiveCampaign<\/li>\n<li>Connexion transparente avec d&rsquo;autres outils de marketing ActiveCampaign pour les campagnes cibl\u00e9es<\/li>\n<li>Donn\u00e9es utilisateur s\u00e9curis\u00e9es et prot\u00e9g\u00e9es avec param\u00e8tres de chiffrement et de confidentialit\u00e9<\/li>\n<li>Interface conviviale pour l&rsquo;administrateur et les utilisateurs<\/li>\n<li>Rapports et analyses int\u00e9gr\u00e9s pour de meilleures informations sur le comportement et les performances des utilisateurs<\/li>\n<li>Solution \u00e9volutive pour les entreprises et les organisations en croissance.<\/li>\n<\/ul>\n","protected":false},"excerpt":{"rendered":"<p>L&rsquo;enregistrement de l&rsquo;utilisateur ActiveCampaign est un outil exceptionnellement puissant qui vous permet d&rsquo;incorporer sans effort les formulaires d&rsquo;enregistrement des utilisateurs dans votre compte ActiveCampaign, en le rendant une exp\u00e9rience transparente et coh\u00e9rente. Ce plugin impressionnant poss\u00e8de une convivialit\u00e9 sans effort, vous permettant de forger sans effort des formulaires d&rsquo;enregistrement sur mesure qui capturent habilement les informations requises de vos utilisateurs estim\u00e9s. Par la suite, une fois que ces utilisateurs se sont inscrits avec succ\u00e8s, leurs informations inestimables sont automatiquement ajout\u00e9es \u00e0 votre compte ActiveCampaign, aboutissant \u00e0 une approche rationalis\u00e9e pour le suivi, l&rsquo;engagement et la communication efficace avec vos utilisateurs estim\u00e9s. En tirant parti de l&rsquo;enregistrement de l&rsquo;utilisateur ActiveCampAmpaign, vous pouvez vous assurer que l&rsquo;int\u00e9gralit\u00e9 de vos donn\u00e9es d&rsquo;utilisateurs estim\u00e9es est harmonieusement synchronis\u00e9e dans un emplacement solitaire et centralis\u00e9, inaugurant ainsi une \u00e9poque d&rsquo;efficacit\u00e9 in\u00e9gal\u00e9e dans la gestion des informations des utilisateurs ainsi que la culture et la nourrici\u00e9t\u00e9 de relations avec les utilisateurs inestimables dans la gestion des relations avec les utilisateurs inestimables ainsi que la culture et la nourrici\u00e9t\u00e9 de relations avec les utilisateurs inestimables .<\/p>\n","protected":false},"featured_media":146643,"comment_status":"open","ping_status":"open","template":"","meta":[],"product_brand":[2681],"product_cat":[1189,1181,1186],"product_tag":[2210],"class_list":{"0":"post-132275","1":"product","2":"type-product","3":"status-publish","4":"has-post-thumbnail","6":"product_brand-wpeverest","7":"product_cat-personnalisation","8":"product_cat-plugins","9":"product_cat-wordpress-plugins","10":"product_tag-wpeverest","11":"member-discount","12":"discount-restricted","14":"first","15":"instock","16":"sale","17":"downloadable","18":"virtual","19":"sold-individually","20":"purchasable","21":"product-type-simple"},"_links":{"self":[{"href":"https:\/\/gpl-love.com\/fr\/wp-json\/wp\/v2\/product\/132275","targetHints":{"allow":["GET"]}}],"collection":[{"href":"https:\/\/gpl-love.com\/fr\/wp-json\/wp\/v2\/product"}],"about":[{"href":"https:\/\/gpl-love.com\/fr\/wp-json\/wp\/v2\/types\/product"}],"replies":[{"embeddable":true,"href":"https:\/\/gpl-love.com\/fr\/wp-json\/wp\/v2\/comments?post=132275"}],"wp:featuredmedia":[{"embeddable":true,"href":"https:\/\/gpl-love.com\/fr\/wp-json\/wp\/v2\/media\/146643"}],"wp:attachment":[{"href":"https:\/\/gpl-love.com\/fr\/wp-json\/wp\/v2\/media?parent=132275"}],"wp:term":[{"taxonomy":"product_brand","embeddable":true,"href":"https:\/\/gpl-love.com\/fr\/wp-json\/wp\/v2\/product_brand?post=132275"},{"taxonomy":"product_cat","embeddable":true,"href":"https:\/\/gpl-love.com\/fr\/wp-json\/wp\/v2\/product_cat?post=132275"},{"taxonomy":"product_tag","embeddable":true,"href":"https:\/\/gpl-love.com\/fr\/wp-json\/wp\/v2\/product_tag?post=132275"}],"curies":[{"name":"wp","href":"https:\/\/api.w.org\/{rel}","templated":true}]}}