{"id":132274,"date":"2025-11-20T00:00:00","date_gmt":"2025-11-19T23:00:00","guid":{"rendered":"https:\/\/gpl-love.com\/fr\/produit\/user-registration-private-notes-1-0-0\/"},"modified":"2026-03-20T23:57:10","modified_gmt":"2026-03-20T22:57:10","slug":"user-registration-private-notes-1-0-0","status":"publish","type":"product","link":"https:\/\/gpl-love.com\/fr\/produit\/user-registration-private-notes-1-0-0\/","title":{"rendered":"User Registration Private Notes 1.0.12"},"content":{"rendered":"<h3>User Registration Private Notes Traits<\/h3>\n<p>Enregistrement des utilisateurs Private Notes est un outil incroyablement robuste et efficace qui offre aux utilisateurs la possibilit\u00e9 de g\u00e9rer efficacement et en toute s\u00e9curit\u00e9 leurs informations personnelles de mani\u00e8re tr\u00e8s organis\u00e9e. En utilisant ce produit exceptionnel, les individus peuvent facilement stocker et prot\u00e9ger les donn\u00e9es critiques, y compris, mais sans s&rsquo;y limiter, les mots de passe, les informations d&rsquo;identification de connexion et divers autres d\u00e9tails essentiels. La fonctionnalit\u00e9 inh\u00e9rente de cet outil facilite la cr\u00e9ation de champs personnalis\u00e9s qui s&rsquo;adressent \u00e0 des types d&rsquo;informations distincts, rationalisant ainsi le processus de localisation et de modification des donn\u00e9es chaque fois que cela est n\u00e9cessaire. En outre, il est imp\u00e9ratif de souligner que les notes priv\u00e9es d&rsquo;enregistrement des utilisateurs int\u00e8grent une technologie de chiffrement de pointe, qui sert de forteresse imp\u00e9n\u00e9trable pour assurer la s\u00e9curit\u00e9 et la protection perp\u00e9tuelles de toutes les informations stock\u00e9es, contrecarrant efficacement toute tentative d&rsquo;acc\u00e8s non autoris\u00e9. Il est sans aucun doute que ce produit indispensable est une n\u00e9cessit\u00e9 absolue pour quiconque, que leur utilisation se rapporte \u00e0 des fins personnelles ou professionnelles, qui souhaite maintenir le caract\u00e8re sacr\u00e9 de leurs informations tout en garantissant simultan\u00e9ment son accessibilit\u00e9 sans entrave.<\/p>\n<ul>\n<li>Stockez en toute s\u00e9curit\u00e9 des notes priv\u00e9es pour les utilisateurs enregistr\u00e9s<\/li>\n<li>Processus d&rsquo;inscription facile pour les utilisateurs pour acc\u00e9der \u00e0 des notes priv\u00e9es<\/li>\n<li>Stockage chiffr\u00e9 pour plus de s\u00e9curit\u00e9 d&rsquo;informations sensibles<\/li>\n<li>Accessible \u00e0 partir de plusieurs appareils pour la commodit\u00e9 et la flexibilit\u00e9<\/li>\n<li>Param\u00e8tres de confidentialit\u00e9 personnalisables pour les notes individuelles ou l&rsquo;acc\u00e8s global<\/li>\n<li>Interface conviviale pour une organisation et une r\u00e9cup\u00e9ration faciles<\/li>\n<li>Int\u00e9gration avec d&rsquo;autres syst\u00e8mes d&rsquo;enregistrement et de connexion des utilisateurs<\/li>\n<li>Option pour un espace de stockage suppl\u00e9mentaire ou des fonctionnalit\u00e9s avec abonnement premium<\/li>\n<li>Rappels et notifications pratiques pour des notes importantes<\/li>\n<\/ul>\n","protected":false},"excerpt":{"rendered":"<p>La fonctionnalit\u00e9 de l&rsquo;enregistrement des utilisateurs notes priv\u00e9es sert d&rsquo;outil inestimable pour que les individus puissent g\u00e9n\u00e9rer et conserver des notes priv\u00e9es qui concernent l&rsquo;enregistrement de leur compte ou le profil utilisateur. Cette caract\u00e9ristique particuli\u00e8re rationalise consid\u00e9rablement le processus d&rsquo;administration de ses d\u00e9tails de compte, de stockage de donn\u00e9es critiques et de la r\u00e9cup\u00e9ration rapidement chaque fois que cela est n\u00e9cessaire. En vertu de cet attribut extraordinaire, les utilisateurs poss\u00e8dent une autorit\u00e9 in\u00e9gal\u00e9e sur leurs propres informations, leur offrant la possibilit\u00e9 d&rsquo;incorporer, de modifier ou d&rsquo;\u00e9radiquer leurs notes \u00e0 leur propre discr\u00e9tion et sans contrainte. Par cons\u00e9quent, cet outil remarquable appara\u00eet comme la quintessence de la perfection pour les personnes qui accordent une importance primordiale \u00e0 pr\u00e9server les plus grands niveaux de s\u00e9curit\u00e9, de confidentialit\u00e9 et de commodit\u00e9 tout en s&rsquo;engageant dans leurs efforts en ligne.<\/p>\n","protected":false},"featured_media":146642,"comment_status":"open","ping_status":"open","template":"","meta":[],"product_brand":[2681],"product_cat":[1189,1181,1186],"product_tag":[2210],"class_list":{"0":"post-132274","1":"product","2":"type-product","3":"status-publish","4":"has-post-thumbnail","6":"product_brand-wpeverest","7":"product_cat-personnalisation","8":"product_cat-plugins","9":"product_cat-wordpress-plugins","10":"product_tag-wpeverest","11":"member-discount","12":"discount-restricted","14":"first","15":"instock","16":"sale","17":"downloadable","18":"virtual","19":"sold-individually","20":"purchasable","21":"product-type-simple"},"_links":{"self":[{"href":"https:\/\/gpl-love.com\/fr\/wp-json\/wp\/v2\/product\/132274","targetHints":{"allow":["GET"]}}],"collection":[{"href":"https:\/\/gpl-love.com\/fr\/wp-json\/wp\/v2\/product"}],"about":[{"href":"https:\/\/gpl-love.com\/fr\/wp-json\/wp\/v2\/types\/product"}],"replies":[{"embeddable":true,"href":"https:\/\/gpl-love.com\/fr\/wp-json\/wp\/v2\/comments?post=132274"}],"wp:featuredmedia":[{"embeddable":true,"href":"https:\/\/gpl-love.com\/fr\/wp-json\/wp\/v2\/media\/146642"}],"wp:attachment":[{"href":"https:\/\/gpl-love.com\/fr\/wp-json\/wp\/v2\/media?parent=132274"}],"wp:term":[{"taxonomy":"product_brand","embeddable":true,"href":"https:\/\/gpl-love.com\/fr\/wp-json\/wp\/v2\/product_brand?post=132274"},{"taxonomy":"product_cat","embeddable":true,"href":"https:\/\/gpl-love.com\/fr\/wp-json\/wp\/v2\/product_cat?post=132274"},{"taxonomy":"product_tag","embeddable":true,"href":"https:\/\/gpl-love.com\/fr\/wp-json\/wp\/v2\/product_tag?post=132274"}],"curies":[{"name":"wp","href":"https:\/\/api.w.org\/{rel}","templated":true}]}}