{"id":132273,"date":"2026-01-23T00:00:00","date_gmt":"2026-01-22T23:00:00","guid":{"rendered":"https:\/\/gpl-love.com\/fr\/produit\/user-registration-two-factor-authentication-1-0-2\/"},"modified":"2026-03-20T23:57:09","modified_gmt":"2026-03-20T22:57:09","slug":"user-registration-two-factor-authentication-1-0-2","status":"publish","type":"product","link":"https:\/\/gpl-love.com\/fr\/produit\/user-registration-two-factor-authentication-1-0-2\/","title":{"rendered":"User Registration Two Factor Authentication 1.1.7"},"content":{"rendered":"<h3>User Registration Two Factor Authentication Traits<\/h3>\n<p>Le produit d&rsquo;authentification \u00e0 deux facteurs d&rsquo;enregistrement des utilisateurs offre une couche de s\u00e9curit\u00e9 suppl\u00e9mentaire pour les comptes d&rsquo;utilisateurs, n\u00e9cessitant ainsi deux formes d&rsquo;authentification afin de se rendre \u00e0 l&rsquo;acc\u00e8s. Ce faisant, il emp\u00eache efficacement tout acc\u00e8s non autoris\u00e9 et garantit des informations tr\u00e8s sensibles. Ce produit particulier fonctionne en obligeant les utilisateurs \u00e0 saisir initialement leur nom d&rsquo;utilisateur et leur mot de passe, comme ils le feraient normalement, mais il n\u00e9cessite \u00e9galement la fourniture d&rsquo;un facteur d&rsquo;authentification suppl\u00e9mentaire. Ce facteur suppl\u00e9mentaire pourrait se pr\u00e9senter sous la forme d&rsquo;un code transmis \u00e0 leur appareil mobile ou m\u00eame \u00e0 une analyse d&#8217;empreintes digitales. Par cons\u00e9quent, ce processus d&rsquo;authentification rigoureux garantit que seuls ceux qui sont explicitement autoris\u00e9s sont en mesure d&rsquo;acc\u00e9der au compte, m\u00eame en cas de compromis leur mot de passe. Compte tenu de sa nature robuste, le produit d&rsquo;authentification \u00e0 deux facteurs d&rsquo;enregistrement des utilisateurs sert sans aucun doute un atout inestimable pour toute entreprise ou organisation consciencieuse cherchant \u00e0 renforcer leurs mesures de s\u00e9curit\u00e9 et \u00e0 prot\u00e9ger les informations inestimables de leurs utilisateurs.<\/p>\n<ul>\n<li>S\u00e9curit\u00e9 am\u00e9lior\u00e9e pour l&rsquo;enregistrement des utilisateurs<\/li>\n<li>Authentification \u00e0 deux facteurs pour une protection suppl\u00e9mentaire<\/li>\n<li>Processus d&rsquo;enregistrement simple et facile<\/li>\n<li>Protection contre les activit\u00e9s frauduleuses<\/li>\n<li>Processus d&rsquo;authentification solide pour s&rsquo;assurer que seuls les utilisateurs l\u00e9gitimes ont acc\u00e8s<\/li>\n<li>Risque r\u00e9duit de violations de donn\u00e9es et de tentatives de piratage<\/li>\n<li>Param\u00e8tres d&rsquo;authentification personnalisables pour r\u00e9pondre aux besoins de s\u00e9curit\u00e9 sp\u00e9cifiques<\/li>\n<li>Int\u00e9gration transparente avec l&rsquo;architecture du syst\u00e8me existant<\/li>\n<li>Am\u00e9lioration de la confiance des utilisateurs et de la confiance dans le processus d&rsquo;enregistrement<\/li>\n<li>Solution rentable avec des exigences de maintenance faibles<\/li>\n<\/ul>\n","protected":false},"excerpt":{"rendered":"<p>Le processus d&rsquo;enregistrement de l&rsquo;utilisateur impl\u00e9ment\u00e9 dans ce syst\u00e8me est caract\u00e9ris\u00e9 par ses mesures de s\u00e9curit\u00e9 robustes, en particulier l&rsquo;utilisation de l&rsquo;authentification \u00e0 deux facteurs. Gr\u00e2ce \u00e0 ce processus, les individus sont autoris\u00e9s \u00e0 \u00e9tablir leurs propres comptes et \u00e0 prot\u00e9ger leurs donn\u00e9es sensibles en confirmant leur identit\u00e9 via une combinaison d&rsquo;un secret m\u00e9moris\u00e9 (c&rsquo;est-\u00e0-dire du mot de passe) et d&rsquo;une possession physique (par exemple, un appareil mobile, une cl\u00e9 de s\u00e9curit\u00e9 ou des empreintes digitales ). En incorporant ce niveau de s\u00e9curit\u00e9 suppl\u00e9mentaire, le syst\u00e8me att\u00e9nue efficacement le risque d&rsquo;entr\u00e9e non autoris\u00e9e et fortifie ses d\u00e9fenses contre diverses cybermenaces, y compris, mais sans s&rsquo;y limiter, les efforts de piratage et les incidents de vol d&rsquo;identit\u00e9.<\/p>\n","protected":false},"featured_media":146641,"comment_status":"open","ping_status":"open","template":"","meta":[],"product_brand":[2681],"product_cat":[1189,1181,1186],"product_tag":[2210],"class_list":{"0":"post-132273","1":"product","2":"type-product","3":"status-publish","4":"has-post-thumbnail","6":"product_brand-wpeverest","7":"product_cat-personnalisation","8":"product_cat-plugins","9":"product_cat-wordpress-plugins","10":"product_tag-wpeverest","11":"member-discount","12":"discount-restricted","14":"first","15":"instock","16":"sale","17":"downloadable","18":"virtual","19":"sold-individually","20":"purchasable","21":"product-type-simple"},"_links":{"self":[{"href":"https:\/\/gpl-love.com\/fr\/wp-json\/wp\/v2\/product\/132273","targetHints":{"allow":["GET"]}}],"collection":[{"href":"https:\/\/gpl-love.com\/fr\/wp-json\/wp\/v2\/product"}],"about":[{"href":"https:\/\/gpl-love.com\/fr\/wp-json\/wp\/v2\/types\/product"}],"replies":[{"embeddable":true,"href":"https:\/\/gpl-love.com\/fr\/wp-json\/wp\/v2\/comments?post=132273"}],"wp:featuredmedia":[{"embeddable":true,"href":"https:\/\/gpl-love.com\/fr\/wp-json\/wp\/v2\/media\/146641"}],"wp:attachment":[{"href":"https:\/\/gpl-love.com\/fr\/wp-json\/wp\/v2\/media?parent=132273"}],"wp:term":[{"taxonomy":"product_brand","embeddable":true,"href":"https:\/\/gpl-love.com\/fr\/wp-json\/wp\/v2\/product_brand?post=132273"},{"taxonomy":"product_cat","embeddable":true,"href":"https:\/\/gpl-love.com\/fr\/wp-json\/wp\/v2\/product_cat?post=132273"},{"taxonomy":"product_tag","embeddable":true,"href":"https:\/\/gpl-love.com\/fr\/wp-json\/wp\/v2\/product_tag?post=132273"}],"curies":[{"name":"wp","href":"https:\/\/api.w.org\/{rel}","templated":true}]}}