{"id":132272,"date":"2023-02-27T00:00:00","date_gmt":"2023-02-26T23:00:00","guid":{"rendered":"https:\/\/gpl-love.com\/fr\/produit\/eventon-moon-data-0-2\/"},"modified":"2026-03-20T23:57:08","modified_gmt":"2026-03-20T22:57:08","slug":"eventon-moon-data-0-2","status":"publish","type":"product","link":"https:\/\/gpl-love.com\/fr\/produit\/eventon-moon-data-0-2\/","title":{"rendered":"EventON Moon Data 0.2"},"content":{"rendered":"<h3>EventON Moon Data Traits<\/h3>\n<p>Eventon Moon Data est un syst\u00e8me de donn\u00e9es lunaires complet et tr\u00e8s pr\u00e9cis qui a \u00e9t\u00e9 sp\u00e9cifiquement d\u00e9velopp\u00e9 pour r\u00e9pondre aux besoins des professionnels de la planification d&rsquo;\u00e9v\u00e9nements, des astronomes et des individus ayant un vif int\u00e9r\u00eat \u00e0 surveiller les diff\u00e9rentes phases de la lune. Cet outil ing\u00e9nieux a \u00e9t\u00e9 m\u00e9ticuleusement con\u00e7u pour fournir \u00e0 ses utilisateurs des informations lunaires de pointe en temps r\u00e9el, englobant des d\u00e9tails vitaux tels que Moonrise et Moonset Times, l&rsquo;\u00e9clairage et la phase de lune. En utilisant Eventon Moon Data, vous pourrez organiser sans effort vos \u00e9v\u00e9nements en fonction du calendrier lunaire, surveiller efficacement les mouvements complexes de la Lune et acqu\u00e9rir une compr\u00e9hension plus profonde de son impact profond sur notre existence quotidienne. Que vous organisiez m\u00e9ticuleusement un d\u00eener romantique aux chandelles ou que vous vous engagiez dans des recherches approfondies sur le cycle lunaire, Eventon Moon Data vous fournit une richesse de donn\u00e9es lunaires pr\u00e9cises et fiables, vous permettant ainsi de r\u00e9aliser avec succ\u00e8s vos objectifs.<\/p>\n<ul>\n<li>Donn\u00e9es compl\u00e8tes sur les phases de la lune et les \u00e9v\u00e9nements lunaires<\/li>\n<li>Temps pr\u00e9cis de la lune et de la moonsette en fonction de votre emplacement<\/li>\n<li>Format de calendrier facile \u00e0 lire pour la planification des activit\u00e9s de plein air ou des rituels lunaires<\/li>\n<li>Informations sur les lunes compl\u00e8tes, les nouvelles lunes et les phases de lune sp\u00e9cifiques telles que la cire ou le d\u00e9croissance<\/li>\n<li>D\u00e9tails sur les prochaines \u00e9clipses lunaires et supermoons<\/li>\n<li>Compatible avec divers appareils, y compris les smartphones et les tablettes<\/li>\n<li>R\u00e9guli\u00e8rement mis \u00e0 jour avec les derni\u00e8res donn\u00e9es lunaires pour les informations les plus pr\u00e9cises<\/li>\n<li>Options de visualisation am\u00e9lior\u00e9es pour une exp\u00e9rience plus immersive<\/li>\n<li>Id\u00e9al pour les amateurs de nature, les astronomes ou toute personne int\u00e9ress\u00e9e par la lune et son influence sur nos vies<\/li>\n<li>Interface conviviale pour une exp\u00e9rience sans tracas.<\/li>\n<\/ul>\n","protected":false},"excerpt":{"rendered":"<p>Les donn\u00e9es de la lune Eventon sont un instrument exceptionnellement robuste et puissant qui conf\u00e8re des informations extr\u00eamement pr\u00e9cises et m\u00e9ticuleuses concernant les diff\u00e9rentes phases de la lune et les mod\u00e8les cycliques qu&rsquo;il suit. En raison de son r\u00e9f\u00e9rentiel global et complet de donn\u00e9es lunaires, ce logiciel vous donne la capacit\u00e9 de surveiller et de se tenir au courant des mouvements complexes de la Lune, vous offrant ainsi des informations inestimables et profondes sur les domaines de l&rsquo;astrologie et de l&rsquo;astronomie. Que vous vous trouviez dans les rangs estim\u00e9s des astronomes professionnels ou que vous nourrissez simplement une ardente fascination pour la lune, les donn\u00e9es de la lune Eventon sont sans aucun doute un atout indispensable et irrempla\u00e7able pour tous ceux qui souhaitent approfondir les aspects \u00e9nigmatiques et captivants de notre voisin c\u00e9leste. Ne perdez plus de temps et vous procurez votre propre copie aujourd&rsquo;hui, se lan\u00e7ant dans un voyage d&rsquo;exploration dans les merveilleux myst\u00e8res tenus dans le domaine lunaire!<\/p>\n","protected":false},"featured_media":146640,"comment_status":"open","ping_status":"open","template":"","meta":[],"product_brand":[2540],"product_cat":[1189,1181,1186],"product_tag":[1267],"class_list":{"0":"post-132272","1":"product","2":"type-product","3":"status-publish","4":"has-post-thumbnail","6":"product_brand-eventon","7":"product_cat-personnalisation","8":"product_cat-plugins","9":"product_cat-wordpress-plugins","10":"product_tag-eventon","11":"member-discount","12":"discount-restricted","14":"first","15":"instock","16":"sale","17":"downloadable","18":"virtual","19":"sold-individually","20":"purchasable","21":"product-type-simple"},"_links":{"self":[{"href":"https:\/\/gpl-love.com\/fr\/wp-json\/wp\/v2\/product\/132272","targetHints":{"allow":["GET"]}}],"collection":[{"href":"https:\/\/gpl-love.com\/fr\/wp-json\/wp\/v2\/product"}],"about":[{"href":"https:\/\/gpl-love.com\/fr\/wp-json\/wp\/v2\/types\/product"}],"replies":[{"embeddable":true,"href":"https:\/\/gpl-love.com\/fr\/wp-json\/wp\/v2\/comments?post=132272"}],"wp:featuredmedia":[{"embeddable":true,"href":"https:\/\/gpl-love.com\/fr\/wp-json\/wp\/v2\/media\/146640"}],"wp:attachment":[{"href":"https:\/\/gpl-love.com\/fr\/wp-json\/wp\/v2\/media?parent=132272"}],"wp:term":[{"taxonomy":"product_brand","embeddable":true,"href":"https:\/\/gpl-love.com\/fr\/wp-json\/wp\/v2\/product_brand?post=132272"},{"taxonomy":"product_cat","embeddable":true,"href":"https:\/\/gpl-love.com\/fr\/wp-json\/wp\/v2\/product_cat?post=132272"},{"taxonomy":"product_tag","embeddable":true,"href":"https:\/\/gpl-love.com\/fr\/wp-json\/wp\/v2\/product_tag?post=132272"}],"curies":[{"name":"wp","href":"https:\/\/api.w.org\/{rel}","templated":true}]}}