{"id":132271,"date":"2025-09-29T00:00:00","date_gmt":"2025-09-28T22:00:00","guid":{"rendered":"https:\/\/gpl-love.com\/fr\/produit\/ht-mega-pro-1-5-2\/"},"modified":"2026-03-20T23:57:07","modified_gmt":"2026-03-20T22:57:07","slug":"ht-mega-pro-1-5-2","status":"publish","type":"product","link":"https:\/\/gpl-love.com\/fr\/produit\/ht-mega-pro-1-5-2\/","title":{"rendered":"HT Mega Pro 2.1.0"},"content":{"rendered":"<h3>HT Mega Pro Traits<\/h3>\n<p>HT Mega Pro est un plugin WordPress incroyablement multiforme et abondamment dot\u00e9 qui pr\u00e9sente une vaste gamme de possibilit\u00e9s dans le but de concevoir et de personnaliser votre site Web. En tirant parti de son interface de glisser-d\u00e9poser tr\u00e8s conviviale et de sa vaste biblioth\u00e8que d&rsquo;\u00e9l\u00e9ments, vous avez la possibilit\u00e9 de forger sans effort des pages, des messages et des dispositions impressionnants qui sont complets \u00e0 vos besoins pr\u00e9cis et individualis\u00e9s. Ce plugin poss\u00e8de un r\u00e9pertoire impressionnant de plus de 80 widgets et un bloc 360 stup\u00e9fiant, en conjonction avec un assortiment diversifi\u00e9 de mod\u00e8les, de th\u00e8mes et de composants de conception qui sont \u00e0 votre disposition pour la s\u00e9lection. Peu importe que vous portez le manteau d&rsquo;un novice ou d&rsquo;un concepteur Web chevronn\u00e9, car HT Mega Pro vous accorde une solution extr\u00eamement puissante et mall\u00e9able pour la construction d&rsquo;un site Web dynamique et captivant.<\/p>\n<ul>\n<li>Permet une entr\u00e9e facile de widgets personnalis\u00e9s et de codes short dans WordPress<\/li>\n<li>Simplifie le processus de personnalisation et de conception des pages Web<\/li>\n<li>Fournit plus de 80 widgets int\u00e9gr\u00e9s pour une meilleure fonctionnalit\u00e9 de page Web<\/li>\n<li>Comprend divers codes short pour afficher le contenu de mani\u00e8re unique<\/li>\n<li>Compatible avec les th\u00e8mes et plugins WordPress majeurs<\/li>\n<li>Offre une interface de glisser-d\u00e9poser pour un b\u00e2timent de page Web rapide et facile<\/li>\n<li>Livr\u00e9 avec des mises \u00e0 jour gratuites et un excellent support client<\/li>\n<li>Rationalise la cr\u00e9ation de pages de destination, de pages de produits et de portefeuilles<\/li>\n<li>Interface conviviale et intuitive pour m\u00eame les moins avertis en technologie<\/li>\n<li>Aide \u00e0 am\u00e9liorer les taux de conversion du site Web et l&rsquo;engagement des utilisateurs<\/li>\n<li>Offre des fonctionnalit\u00e9s avanc\u00e9es pour les d\u00e9veloppeurs et les concepteurs exp\u00e9riment\u00e9s.<\/li>\n<\/ul>\n","protected":false},"excerpt":{"rendered":"<p>Le HT Mega Pro, un appareil d&rsquo;entr\u00e9e incroyablement formidable, a \u00e9t\u00e9 m\u00e9ticuleusement con\u00e7u pour r\u00e9pondre aux besoins des joueurs professionnels et des cr\u00e9ateurs de contenu. Impr\u00e9gn\u00e9 avec des commutateurs m\u00e9caniques de qualit\u00e9 sup\u00e9rieure, ce gadget extraordinaire garantit une pr\u00e9cision et une r\u00e9activit\u00e9 rapide sans pr\u00e9c\u00e9dent, ce qui permet aux utilisateurs de participer \u00e0 des s\u00e9ances de jeu et de se livrer \u00e0 des efforts de saisie avec une efficacit\u00e9 sans pr\u00e9c\u00e9dent. De plus, l&rsquo;appareil est orn\u00e9 de lumi\u00e8res LED dynamiques fascinantes, infusant sans effort un semblant d&rsquo;\u00e9l\u00e9gance et de panache dans votre poste de travail. B\u00e9n\u00e9ficiant d&rsquo;une construction robuste et d&rsquo;une disposition adaptable, le HT Mega Pro incarne incontestablement la quintessence de l&rsquo;excellence, ce qui en fait le dispositif d&rsquo;entr\u00e9e par excellence pour les personnes qui ne demandent que le meilleur.<\/p>\n","protected":false},"featured_media":146639,"comment_status":"open","ping_status":"open","template":"","meta":[],"product_brand":[2435],"product_cat":[1189,1181,1186],"product_tag":[1231],"class_list":{"0":"post-132271","1":"product","2":"type-product","3":"status-publish","4":"has-post-thumbnail","6":"product_brand-codecanyon","7":"product_cat-personnalisation","8":"product_cat-plugins","9":"product_cat-wordpress-plugins","10":"product_tag-codecanyon","11":"member-discount","12":"discount-restricted","14":"first","15":"instock","16":"sale","17":"downloadable","18":"virtual","19":"sold-individually","20":"purchasable","21":"product-type-simple"},"_links":{"self":[{"href":"https:\/\/gpl-love.com\/fr\/wp-json\/wp\/v2\/product\/132271","targetHints":{"allow":["GET"]}}],"collection":[{"href":"https:\/\/gpl-love.com\/fr\/wp-json\/wp\/v2\/product"}],"about":[{"href":"https:\/\/gpl-love.com\/fr\/wp-json\/wp\/v2\/types\/product"}],"replies":[{"embeddable":true,"href":"https:\/\/gpl-love.com\/fr\/wp-json\/wp\/v2\/comments?post=132271"}],"wp:featuredmedia":[{"embeddable":true,"href":"https:\/\/gpl-love.com\/fr\/wp-json\/wp\/v2\/media\/146639"}],"wp:attachment":[{"href":"https:\/\/gpl-love.com\/fr\/wp-json\/wp\/v2\/media?parent=132271"}],"wp:term":[{"taxonomy":"product_brand","embeddable":true,"href":"https:\/\/gpl-love.com\/fr\/wp-json\/wp\/v2\/product_brand?post=132271"},{"taxonomy":"product_cat","embeddable":true,"href":"https:\/\/gpl-love.com\/fr\/wp-json\/wp\/v2\/product_cat?post=132271"},{"taxonomy":"product_tag","embeddable":true,"href":"https:\/\/gpl-love.com\/fr\/wp-json\/wp\/v2\/product_tag?post=132271"}],"curies":[{"name":"wp","href":"https:\/\/api.w.org\/{rel}","templated":true}]}}