{"id":132270,"date":"2023-02-27T00:00:00","date_gmt":"2023-02-26T23:00:00","guid":{"rendered":"https:\/\/gpl-love.com\/fr\/produit\/facetwp-submit-button-0-4\/"},"modified":"2026-03-20T23:57:07","modified_gmt":"2026-03-20T22:57:07","slug":"facetwp-submit-button-0-4","status":"publish","type":"product","link":"https:\/\/gpl-love.com\/fr\/produit\/facetwp-submit-button-0-4\/","title":{"rendered":"FacetWP Submit button 0.4"},"content":{"rendered":"<h3>FacetWP Submit button Traits<\/h3>\n<p>Le bouton FACETWP Soumettre, un \u00e9l\u00e9ment int\u00e9gral de FACETWP, un plugin de filtrage robuste con\u00e7u sp\u00e9cifiquement pour WordPress, joue un r\u00f4le crucial en permettant aux utilisateurs de r\u00e9percuter minutieusement leurs r\u00e9sultats de recherche en soumettant efficacement leurs filtres s\u00e9lectionn\u00e9s. Offrant une gamme de conceptions personnalisables et facilitant l&rsquo;int\u00e9gration sans effort, le bouton FACETWP Soumettre am\u00e9liore parfaitement l&rsquo;exp\u00e9rience utilisateur globale tout en aidant efficacement les utilisateurs \u00e0 localiser pr\u00e9cis\u00e9ment le contenu souhait\u00e9 sur votre site Web. Quelle que soit la nature de votre entreprise en ligne, que ce soit un emporium de commerce \u00e9lectronique ou un blog informatif, le bouton de soumission FACETWP \u00e9merge incontestablement comme un outil indispensable, \u00e9levant la fonctionnalit\u00e9 de recherche de votre site \u00e0 des hauteurs sans pr\u00e9c\u00e9dent.<\/p>\n<ul>\n<li>Rationalisez le processus de recherche de votre site Web avec le bouton Soumettre de FacetWP<\/li>\n<li>Simplifiez votre exp\u00e9rience utilisateur en formatant vos champs de recherche en un formulaire de soumission coh\u00e9rente<\/li>\n<li>Fournissez \u00e0 vos utilisateurs un moyen intuitif de soumettre leurs param\u00e8tres de recherche pour des r\u00e9sultats plus rapides et plus pr\u00e9cis<\/li>\n<li>Personnalisez votre bouton Soumettre pour correspondre aux directives esth\u00e9tiques et de marque de votre site Web<\/li>\n<li>Int\u00e9grez de mani\u00e8re transparente le bouton Soumettre de FACETWP avec la fonctionnalit\u00e9 de recherche existante de votre site Web, ou utilisez-le comme solution autonome<\/li>\n<li>Profitez des avantages du puissant moteur de recherche de FacetWP avec une couche suppl\u00e9mentaire de convivialit\u00e9 et de commodit\u00e9<\/li>\n<\/ul>\n","protected":false},"excerpt":{"rendered":"<p>Le bouton FACETWP Soumettre est un outil incroyablement robuste que les d\u00e9veloppeurs de sites Web peuvent utiliser afin d&rsquo;optimiser l&rsquo;exp\u00e9rience utilisateur et de rationaliser les fonctionnalit\u00e9s de recherche sur leurs sites Web. En incorporant cette fonctionnalit\u00e9 dans la barre de recherche de votre site Web, les utilisateurs auront la possibilit\u00e9 d&rsquo;initier leurs recherches en un simple clic sur un bouton, am\u00e9liorant ainsi consid\u00e9rablement l&rsquo;efficacit\u00e9 de leurs processus de recherche. La beaut\u00e9 du bouton FACETWP Soumettre r\u00e9side dans sa personnalisation in\u00e9gal\u00e9e, permettant aux d\u00e9veloppeurs de l&rsquo;adapter en fonction de leurs pr\u00e9f\u00e9rences et exigences uniques. De plus, cet outil s&rsquo;int\u00e8gre de mani\u00e8re transparente \u00e0 une vaste gamme de filtres et de facettes de recherche, garantissant que les r\u00e9sultats de recherche sont non seulement pr\u00e9cis, mais aussi globaux. B\u00e9n\u00e9ficiant d&rsquo;une conception simple et conviviale, le bouton FACETWP Soumettre sert de solution exemplaire pour toute personne d\u00e9termin\u00e9e \u00e0 \u00e9lever les capacit\u00e9s de recherche de son site Web vers de nouveaux sommets.<\/p>\n","protected":false},"featured_media":146638,"comment_status":"open","ping_status":"open","template":"","meta":[],"product_brand":[2543],"product_cat":[1189,1181,1186],"product_tag":[1482],"class_list":{"0":"post-132270","1":"product","2":"type-product","3":"status-publish","4":"has-post-thumbnail","6":"product_brand-facetwp","7":"product_cat-personnalisation","8":"product_cat-plugins","9":"product_cat-wordpress-plugins","10":"product_tag-facetwp","11":"member-discount","12":"discount-restricted","14":"first","15":"instock","16":"sale","17":"downloadable","18":"virtual","19":"sold-individually","20":"purchasable","21":"product-type-simple"},"_links":{"self":[{"href":"https:\/\/gpl-love.com\/fr\/wp-json\/wp\/v2\/product\/132270","targetHints":{"allow":["GET"]}}],"collection":[{"href":"https:\/\/gpl-love.com\/fr\/wp-json\/wp\/v2\/product"}],"about":[{"href":"https:\/\/gpl-love.com\/fr\/wp-json\/wp\/v2\/types\/product"}],"replies":[{"embeddable":true,"href":"https:\/\/gpl-love.com\/fr\/wp-json\/wp\/v2\/comments?post=132270"}],"wp:featuredmedia":[{"embeddable":true,"href":"https:\/\/gpl-love.com\/fr\/wp-json\/wp\/v2\/media\/146638"}],"wp:attachment":[{"href":"https:\/\/gpl-love.com\/fr\/wp-json\/wp\/v2\/media?parent=132270"}],"wp:term":[{"taxonomy":"product_brand","embeddable":true,"href":"https:\/\/gpl-love.com\/fr\/wp-json\/wp\/v2\/product_brand?post=132270"},{"taxonomy":"product_cat","embeddable":true,"href":"https:\/\/gpl-love.com\/fr\/wp-json\/wp\/v2\/product_cat?post=132270"},{"taxonomy":"product_tag","embeddable":true,"href":"https:\/\/gpl-love.com\/fr\/wp-json\/wp\/v2\/product_tag?post=132270"}],"curies":[{"name":"wp","href":"https:\/\/api.w.org\/{rel}","templated":true}]}}