{"id":132269,"date":"2023-02-27T00:00:00","date_gmt":"2023-02-26T23:00:00","guid":{"rendered":"https:\/\/gpl-love.com\/fr\/produit\/facetwp-custom-hooks-1-0\/"},"modified":"2026-03-20T23:57:06","modified_gmt":"2026-03-20T22:57:06","slug":"facetwp-custom-hooks-1-0","status":"publish","type":"product","link":"https:\/\/gpl-love.com\/fr\/produit\/facetwp-custom-hooks-1-0\/","title":{"rendered":"FacetWP Custom Hooks 1.0"},"content":{"rendered":"<h3>FacetWP Custom Hooks Traits<\/h3>\n<p>FacetWP Custom Hooks, un plugin WordPress robuste, permet aux utilisateurs la possibilit\u00e9 d&rsquo;int\u00e9grer des fonctionnalit\u00e9s personnalis\u00e9es dans leurs sites Web aliment\u00e9s par FacetWP. En tirant parti de ce plugin, les utilisateurs sont autoris\u00e9s \u00e0 g\u00e9n\u00e9rer leurs propres filtres, requ\u00eates et mod\u00e8les sur mesure, leur permettant ainsi de personnaliser leurs rencontres de recherche en fonction de leurs conditions uniques. Que l&rsquo;objectif soit d&rsquo;incorporer de nouvelles sources de donn\u00e9es, de modifier le comportement par d\u00e9faut de FACETWP ou de concevoir des attributs de recherche enti\u00e8rement nouveaux, FacetWP Custom Hooks fournit tous les outils requis pour accomplir ces t\u00e2ches. De plus, le plugin poss\u00e8de une interface intuitive, ce qui la rend accessible aux personnes ayant des comp\u00e9tences en codage limit\u00e9es. Si l&rsquo;intention est d&rsquo;\u00e9lever les capacit\u00e9s de recherche de votre impl\u00e9mentation FACETWP, ne cherchez pas plus loin que les crochets personnalis\u00e9s FACETWP comme solution par excellence.<\/p>\n<ul>\n<li>Am\u00e9liore la fonctionnalit\u00e9 FACETWP avec des crochets personnalis\u00e9s ajout\u00e9s<\/li>\n<li>Permet aux d\u00e9veloppeurs d&rsquo;int\u00e9grer facilement le code personnalis\u00e9 dans FACETWP<\/li>\n<li>Offre une flexibilit\u00e9 pour modifier et \u00e9tendre les fonctionnalit\u00e9s et le comportement FACETWP<\/li>\n<li>Prend en charge une gamme de crochets pour divers aspects du processus de recherche et de filtrage<\/li>\n<li>Permet une personnalisation et une personnalisation plus avanc\u00e9es des r\u00e9sultats de recherche<\/li>\n<li>Am\u00e9liore les performances globales de la recherche et l&rsquo;exp\u00e9rience utilisateur<\/li>\n<li>Aucune exigence de comp\u00e9tences en codage pour la mise en \u0153uvre des crochets<\/li>\n<li>Compatible avec la version actuelle de FACETWP et les futures mises \u00e0 jour<\/li>\n<\/ul>\n","protected":false},"excerpt":{"rendered":"<p>FACETWP Custom Hooks est un outil extr\u00eamement robuste et influent qui offre aux d\u00e9veloppeurs la capacit\u00e9 exceptionnelle pour adapter et personnaliser sans effort leurs r\u00e9sultats de recherche FACETWP \u00e0 leurs sp\u00e9cifications exactes. Gr\u00e2ce \u00e0 ses crochets conviviaux, les individus ont la capacit\u00e9 d&rsquo;incorporer de mani\u00e8re transparente leurs propres filtres, de g\u00e9n\u00e9rer des mod\u00e8les sur mesure ou m\u00eame de modifier des requ\u00eates pr\u00e9existantes. Ce produit remarquable permet aux utilisateurs de la libert\u00e9 et de la flexibilit\u00e9 de fabriquer et de r\u00e9gler les r\u00e9sultats de recherche qui s&rsquo;alignent impeccablement avec leurs exigences uniques, tout en confirmant la simplicit\u00e9 sous-jacente et l&rsquo;efficacit\u00e9 in\u00e9gal\u00e9e pour laquelle FACETWP est r\u00e9put\u00e9. Que vous vous vienne \u00e0 une riche exp\u00e9rience dans le domaine du d\u00e9veloppement ou que vous vous lanciez simplement dans votre voyage, l&rsquo;inclusion de crochets personnalis\u00e9s FACETWP dans votre bo\u00eete \u00e0 outils change de jeu absolu qui promet d&rsquo;\u00e9lever vos capacit\u00e9s \u00e0 des hauteurs sans pr\u00e9c\u00e9dent.<\/p>\n","protected":false},"featured_media":146637,"comment_status":"open","ping_status":"open","template":"","meta":[],"product_brand":[2543],"product_cat":[1189,1181,1186],"product_tag":[1482],"class_list":{"0":"post-132269","1":"product","2":"type-product","3":"status-publish","4":"has-post-thumbnail","6":"product_brand-facetwp","7":"product_cat-personnalisation","8":"product_cat-plugins","9":"product_cat-wordpress-plugins","10":"product_tag-facetwp","11":"member-discount","12":"discount-restricted","14":"first","15":"instock","16":"sale","17":"downloadable","18":"virtual","19":"sold-individually","20":"purchasable","21":"product-type-simple"},"_links":{"self":[{"href":"https:\/\/gpl-love.com\/fr\/wp-json\/wp\/v2\/product\/132269","targetHints":{"allow":["GET"]}}],"collection":[{"href":"https:\/\/gpl-love.com\/fr\/wp-json\/wp\/v2\/product"}],"about":[{"href":"https:\/\/gpl-love.com\/fr\/wp-json\/wp\/v2\/types\/product"}],"replies":[{"embeddable":true,"href":"https:\/\/gpl-love.com\/fr\/wp-json\/wp\/v2\/comments?post=132269"}],"wp:featuredmedia":[{"embeddable":true,"href":"https:\/\/gpl-love.com\/fr\/wp-json\/wp\/v2\/media\/146637"}],"wp:attachment":[{"href":"https:\/\/gpl-love.com\/fr\/wp-json\/wp\/v2\/media?parent=132269"}],"wp:term":[{"taxonomy":"product_brand","embeddable":true,"href":"https:\/\/gpl-love.com\/fr\/wp-json\/wp\/v2\/product_brand?post=132269"},{"taxonomy":"product_cat","embeddable":true,"href":"https:\/\/gpl-love.com\/fr\/wp-json\/wp\/v2\/product_cat?post=132269"},{"taxonomy":"product_tag","embeddable":true,"href":"https:\/\/gpl-love.com\/fr\/wp-json\/wp\/v2\/product_tag?post=132269"}],"curies":[{"name":"wp","href":"https:\/\/api.w.org\/{rel}","templated":true}]}}