{"id":131386,"date":"2023-07-27T00:00:00","date_gmt":"2023-07-26T22:00:00","guid":{"rendered":"https:\/\/gpl-love.com\/fr\/produit\/paid-memberships-pro-sponsored-members-addon\/"},"modified":"2026-04-01T00:31:12","modified_gmt":"2026-03-31T22:31:12","slug":"paid-memberships-pro-sponsored-members-addon","status":"publish","type":"product","link":"https:\/\/gpl-love.com\/fr\/produit\/paid-memberships-pro-sponsored-members-addon\/","title":{"rendered":"Paid Memberships Pro Sponsored Members Addon 0.8"},"content":{"rendered":"<h3>Paid Memberships Pro Sponsored Members Addon Traits<\/h3>\n<p>Les membres payants PRO parrain\u00e9s par Addon, un outil tr\u00e8s pr\u00e9cieux, s&rsquo;av\u00e8re \u00eatre une ressource essentielle pour les personnes cherchant \u00e0 mon\u00e9tiser leur site Web par le biais d&rsquo;adh\u00e9sions sponsoris\u00e9es. Cet addon permet effectivement aux propri\u00e9taires de sites Web d&rsquo;\u00e9tendre les abonnements sponsoris\u00e9s \u00e0 leurs utilisateurs, servant ainsi une approche exceptionnelle pour attirer de nouveaux abonn\u00e9s et g\u00e9n\u00e9rer des revenus. Avec l&rsquo;inclusion de cet addon, les utilisateurs acqui\u00e8rent la possibilit\u00e9 d&rsquo;\u00e9tablir sans effort les niveaux d&rsquo;adh\u00e9sion sponsoris\u00e9s, de configurer diverses options de tarification et de d\u00e9finir de mani\u00e8re complexe les termes et conditions de l&rsquo;adh\u00e9sion. En outre, cet addon pr\u00e9sente des fonctionnalit\u00e9s formidables, englobant la capacit\u00e9 de restreindre la quantit\u00e9 d&rsquo;adh\u00e9sions sponsoris\u00e9es disponibles, de surveiller avec diligence les ventes des abonnements sponsoris\u00e9s et m\u00eame de d\u00e9p\u00eacher les notifications par e-mail aux utilisateurs concernant le statut de leur adh\u00e9sion. Peu importe que l&rsquo;on soit un entrepreneur d&rsquo;entreprise, un blogueur comp\u00e9tent ou simplement un individu aspirant \u00e0 amasser le revenu suppl\u00e9mentaire de leur site Web, les membres payants r\u00e9mun\u00e9r\u00e9s par les membres parrain\u00e9s par Addon se pr\u00e9sentent ind\u00e9niablement comme un investissement judicieux.<\/p>\n<ul>\n<li>Vous permet de parrainer les membres en mettant \u00e0 niveau leur compte \u00e0 un niveau d&rsquo;adh\u00e9sion r\u00e9mun\u00e9r\u00e9<\/li>\n<li>Fournit un moyen facile et automatis\u00e9 de g\u00e9rer les membres sponsoris\u00e9s<\/li>\n<li>Vous permet de sp\u00e9cifier quels niveaux d&rsquo;adh\u00e9sion sont admissibles au parrainage<\/li>\n<li>Vous permet de d\u00e9finir la dur\u00e9e du parrainage et le nombre de parrainages autoris\u00e9s<\/li>\n<li>Envoie des notifications par e-mail aux sponsors et aux membres sponsoris\u00e9s<\/li>\n<li>Fournit des rapports et suivi d\u00e9taill\u00e9s pour les abonnements sponsoris\u00e9s<\/li>\n<li>Int\u00e9gre parfaitement les membres payants pro et autres addons tiers<\/li>\n<li>Prend en charge plusieurs passerelles de paiement pour les sponsors pour effectuer des paiements<\/li>\n<li>Offre des options de prix et de facturation flexibles pour le parrainage<\/li>\n<li>Livr\u00e9 avec un excellent support client et des mises \u00e0 jour r\u00e9guli\u00e8res.<\/li>\n<\/ul>\n","protected":false},"excerpt":{"rendered":"<p>Les membres payants PRO parrain\u00e9s par Addon se pr\u00e9sentent comme un instrument robuste et influent dans le but de mon\u00e9tiser votre site d&rsquo;adh\u00e9sion, offrant une gamme de capacit\u00e9s qui peuvent vraiment transformer votre plateforme en ligne. En tirant parti de cet addon remarquable, vous avez la possibilit\u00e9 d&rsquo;\u00e9tendre les parrainages r\u00e9mun\u00e9r\u00e9s \u00e0 vos membres estim\u00e9s, leur accordant ainsi l&rsquo;acc\u00e8s \u00e0 une myriade de contenu et d&rsquo;avantages exclusifs qui sont autrement inaccessibles par les utilisateurs ordinaires. En outre, cet addon exceptionnel vous offre les outils n\u00e9cessaires pour suivre sans effort les parrainages et g\u00e9rer efficacement les paiements, vous permettant de g\u00e9n\u00e9rer sans effort des revenus substantiels tout en pr\u00e9servant simultan\u00e9ment la gestion globale de votre site. Que vous op\u00e9rez une communaut\u00e9 de niche ou un site d&rsquo;adh\u00e9sion vaste et vaste, ce formidable addon est garanti pour accro\u00eetre vos marges b\u00e9n\u00e9ficiaires et \u00e9tendre la gamme des offres disponibles pour vos clients fid\u00e8les.<\/p>\n","protected":false},"featured_media":146636,"comment_status":"open","ping_status":"open","template":"","meta":[],"product_brand":[2620],"product_cat":[1189,1181,1186],"product_tag":[2307],"class_list":{"0":"post-131386","1":"product","2":"type-product","3":"status-publish","4":"has-post-thumbnail","6":"product_brand-paid-memberships-pro","7":"product_cat-personnalisation","8":"product_cat-plugins","9":"product_cat-wordpress-plugins","10":"product_tag-paid-memberships-pro","11":"member-discount","12":"discount-restricted","14":"first","15":"instock","16":"sale","17":"downloadable","18":"virtual","19":"sold-individually","20":"purchasable","21":"product-type-simple"},"_links":{"self":[{"href":"https:\/\/gpl-love.com\/fr\/wp-json\/wp\/v2\/product\/131386","targetHints":{"allow":["GET"]}}],"collection":[{"href":"https:\/\/gpl-love.com\/fr\/wp-json\/wp\/v2\/product"}],"about":[{"href":"https:\/\/gpl-love.com\/fr\/wp-json\/wp\/v2\/types\/product"}],"replies":[{"embeddable":true,"href":"https:\/\/gpl-love.com\/fr\/wp-json\/wp\/v2\/comments?post=131386"}],"wp:featuredmedia":[{"embeddable":true,"href":"https:\/\/gpl-love.com\/fr\/wp-json\/wp\/v2\/media\/146636"}],"wp:attachment":[{"href":"https:\/\/gpl-love.com\/fr\/wp-json\/wp\/v2\/media?parent=131386"}],"wp:term":[{"taxonomy":"product_brand","embeddable":true,"href":"https:\/\/gpl-love.com\/fr\/wp-json\/wp\/v2\/product_brand?post=131386"},{"taxonomy":"product_cat","embeddable":true,"href":"https:\/\/gpl-love.com\/fr\/wp-json\/wp\/v2\/product_cat?post=131386"},{"taxonomy":"product_tag","embeddable":true,"href":"https:\/\/gpl-love.com\/fr\/wp-json\/wp\/v2\/product_tag?post=131386"}],"curies":[{"name":"wp","href":"https:\/\/api.w.org\/{rel}","templated":true}]}}