{"id":131309,"date":"2024-06-02T00:00:00","date_gmt":"2024-06-01T22:00:00","guid":{"rendered":"https:\/\/gpl-love.com\/fr\/produit\/coinpress-ico-cryptocurrency-magazine-et-blog-theme\/"},"modified":"2026-03-20T23:56:56","modified_gmt":"2026-03-20T22:56:56","slug":"coinpress-ico-cryptocurrency-magazine-et-blog-theme","status":"publish","type":"product","link":"https:\/\/gpl-love.com\/fr\/produit\/coinpress-ico-cryptocurrency-magazine-et-blog-theme\/","title":{"rendered":"Coinpress ICO Cryptocurrency Magazine et Blog Theme 1.0.11"},"content":{"rendered":"<h3>Coinpress ICO Cryptocurrency Magazine et Blog Theme Traits<\/h3>\n<p>Le magazine et le th\u00e8me du blog Coinpress ICO Cryptocurrency est un produit extr\u00eamement exemplaire qui a \u00e9t\u00e9 m\u00e9ticuleusement con\u00e7u pour r\u00e9pondre aux go\u00fbts et int\u00e9r\u00eats exigeants des individus qui poss\u00e8dent une curiosit\u00e9 et un enthousiasme ferveux pour le domaine des crypto-monnaies. Avec l&rsquo;utilisation de ce th\u00e8me remarquable, les utilisateurs ont la capacit\u00e9 de construire sans effort et sans effort un magazine ou un blog exceptionnellement sophistiqu\u00e9 et raffin\u00e9 qui se concentre sur la diffusion de nouvelles informatives, captivantes et de crypto-monnaie de pointe, de perspectives astucieuses et de tendances \u00e9mergentes.<\/p>\n<p>Enrichi d&rsquo;une vaste gamme de fonctionnalit\u00e9s et de fonctionnalit\u00e9s, ce th\u00e8me permet aux utilisateurs une abondance d&rsquo;options pour la personnalisation transparente et la convivialit\u00e9 optimale. Les utilisateurs peuvent se pr\u00e9lasser dans le plaisir et la satisfaction de s\u00e9lectionner parmi un assortiment diversifi\u00e9 de dispositions et de sch\u00e9mas de couleurs visuellement captivants, avec la commodit\u00e9 et la polyvalence suppl\u00e9mentaires d&rsquo;un design enti\u00e8rement r\u00e9actif qui garantit un affichage esth\u00e9tique et visuellement harmonieux dans tous les appareils imaginables.<\/p>\n<p>De plus, le magazine et le th\u00e8me du blog Coinpress ICO Cryptocurrency ont \u00e9t\u00e9 soigneusement con\u00e7us et m\u00e9ticuleusement con\u00e7us pour poss\u00e9der une inqui\u00e9tude inh\u00e9rente, ce qui permettait \u00e0 des utilisateurs de mani\u00e8re indiscutablement et sans \u00e9quivoque dans le paysage num\u00e9rique vast et efficace et efficace .<\/p>\n<p>In essence, this exceptional product is an unequivocal and indispensable asset that is absolutely imperative and essential for anyone who aspires to establish and cultivate a resplendent, refined, and undeniably professional-looking online presence within the awe-inspiring realm of cryptocurrency blogging and magazine publication .<\/p>\n<ul>\n<li>Design \u00e9l\u00e9gant et moderne qui pr\u00e9sente le contenu des crypto-monnaies d&rsquo;une mani\u00e8re visuellement attrayante<\/li>\n<li>Prise en charge int\u00e9gr\u00e9e pour les listes et le suivi de l&rsquo;ICO (Initial Coin Offrande)<\/li>\n<li>Comprend une disposition de blog enti\u00e8rement personnalisable, vous permettant d&rsquo;adapter votre contenu \u00e0 votre public<\/li>\n<li>Des fonctionnalit\u00e9s de navigation am\u00e9lior\u00e9es qui permettent un acc\u00e8s facile \u00e0 tous les aspects du site<\/li>\n<li>Optimisation avanc\u00e9e du r\u00e9f\u00e9rencement pour aider \u00e0 g\u00e9n\u00e9rer un trafic et \u00e0 am\u00e9liorer les classements des moteurs de recherche<\/li>\n<li>Intregate de mani\u00e8re transparente avec les plugins WordPress populaires, y compris WooCommerce et WPFORMS<\/li>\n<li>La conception sensible aux mobiles garantit que votre site Web a fi\u00e8re allure sur n&rsquo;importe quel appareil<\/li>\n<li>\u00c9quipe d&rsquo;assistance d\u00e9di\u00e9e disponible pour r\u00e9pondre \u00e0 toutes les questions ou aide \u00e0 tout probl\u00e8me<\/li>\n<li>Installation en un clic et interface facile \u00e0 utiliser, ce qui le rend accessible aux propri\u00e9taires de sites Web d\u00e9butants et exp\u00e9riment\u00e9s<\/li>\n<li>Comprend une vari\u00e9t\u00e9 de mod\u00e8les de page pr\u00e9d\u00e9finis qui peuvent \u00eatre personnalis\u00e9s pour r\u00e9pondre \u00e0 vos besoins.<\/li>\n<li>Comprend l&rsquo;int\u00e9gration des m\u00e9dias sociaux vous permettant de partager rapidement et facilement du contenu sur les plateformes sociales populaires.<\/li>\n<\/ul>\n","protected":false},"excerpt":{"rendered":"<p>Pr\u00e9sentation du magazine Coinpress ICO Cryptocurrence Magazine and Blog Th\u00e8me, un th\u00e8me WordPress sp\u00e9cialement con\u00e7u pour r\u00e9pondre aux besoins des amateurs de crypto-monnaie et de blockchain. B\u00e9n\u00e9ficiant d&rsquo;un design \u00e9l\u00e9gant et contemporain, Coinpress est pr\u00eat \u00e0 \u00e9lever l&rsquo;esth\u00e9tique et la fonctionnalit\u00e9 de votre site Web, ce qui lui donne une apparence professionnelle et efficace. Il sert de plate-forme id\u00e9ale pour pr\u00e9senter des articles \u00e9ducatifs convaincants, des mises \u00e0 jour d&rsquo;actualit\u00e9s et des opinions perspicaces concernant les derni\u00e8res tendances et progr\u00e8s de l&rsquo;industrie des crypto-monnaies en constante \u00e9volution. \u00c9quip\u00e9 d&rsquo;une gamme de fonctionnalit\u00e9s avanc\u00e9es, y compris des options de personnalisation \u00e9tendues, des capacit\u00e9s d&rsquo;optimisation des moteurs de recherche et une conception r\u00e9active, Coinpress appara\u00eet comme la solution ultime pour les personnes cherchant \u00e0 \u00e9tablir un blog ou un magazine de crypto-monnaie florissant. Pr\u00e9parez-vous \u00e0 transcender les limites de votre pr\u00e9sence en ligne en exploitant le potentiel du magazine et du th\u00e8me du blog Coinpress ICO Cryptocurrency!<\/p>\n","protected":false},"featured_media":146626,"comment_status":"open","ping_status":"open","template":"","meta":[],"product_brand":[2433],"product_cat":[1516,1212,1213],"product_tag":[1366],"class_list":{"0":"post-131309","1":"product","2":"type-product","3":"status-publish","4":"has-post-thumbnail","6":"product_brand-themeforest","7":"product_cat-entreprise","8":"product_cat-themes","9":"product_cat-wordpress-themes","10":"product_tag-themeforest","11":"member-discount","12":"discount-restricted","14":"first","15":"instock","16":"sale","17":"downloadable","18":"virtual","19":"sold-individually","20":"purchasable","21":"product-type-simple"},"_links":{"self":[{"href":"https:\/\/gpl-love.com\/fr\/wp-json\/wp\/v2\/product\/131309","targetHints":{"allow":["GET"]}}],"collection":[{"href":"https:\/\/gpl-love.com\/fr\/wp-json\/wp\/v2\/product"}],"about":[{"href":"https:\/\/gpl-love.com\/fr\/wp-json\/wp\/v2\/types\/product"}],"replies":[{"embeddable":true,"href":"https:\/\/gpl-love.com\/fr\/wp-json\/wp\/v2\/comments?post=131309"}],"wp:featuredmedia":[{"embeddable":true,"href":"https:\/\/gpl-love.com\/fr\/wp-json\/wp\/v2\/media\/146626"}],"wp:attachment":[{"href":"https:\/\/gpl-love.com\/fr\/wp-json\/wp\/v2\/media?parent=131309"}],"wp:term":[{"taxonomy":"product_brand","embeddable":true,"href":"https:\/\/gpl-love.com\/fr\/wp-json\/wp\/v2\/product_brand?post=131309"},{"taxonomy":"product_cat","embeddable":true,"href":"https:\/\/gpl-love.com\/fr\/wp-json\/wp\/v2\/product_cat?post=131309"},{"taxonomy":"product_tag","embeddable":true,"href":"https:\/\/gpl-love.com\/fr\/wp-json\/wp\/v2\/product_tag?post=131309"}],"curies":[{"name":"wp","href":"https:\/\/api.w.org\/{rel}","templated":true}]}}