{"id":131307,"date":"2025-11-14T00:00:00","date_gmt":"2025-11-13T23:00:00","guid":{"rendered":"https:\/\/gpl-love.com\/fr\/produit\/pixelyoursite-wordpress-feed-pour-facebook-dynamic-ads\/"},"modified":"2026-03-20T23:56:55","modified_gmt":"2026-03-20T22:56:55","slug":"pixelyoursite-wordpress-feed-pour-facebook-dynamic-ads","status":"publish","type":"product","link":"https:\/\/gpl-love.com\/fr\/produit\/pixelyoursite-wordpress-feed-pour-facebook-dynamic-ads\/","title":{"rendered":"PixelYourSite WordPress Feed pour Facebook Dynamic Ads 1.0.4.1"},"content":{"rendered":"<h3>PixelYourSite WordPress Feed pour Facebook Dynamic Ads Traits<\/h3>\n<p>Le flux WordPress PixelyOrsite pour Facebook Dynamic Ads est un outil incroyablement innovant et exceptionnellement efficace qui accorde aux propri\u00e9taires de sites Web la possibilit\u00e9 de g\u00e9n\u00e9rer rapidement et sans effort sans effort les publicit\u00e9s dynamiques Facebook personnalis\u00e9es. Cette solution remarquable permet aux utilisateurs de fa\u00e7onner les publicit\u00e9s de produits dynamiques qui sont m\u00e9ticuleusement adapt\u00e9es pour s&rsquo;adapter aux pr\u00e9f\u00e9rences et comportements distincts pr\u00e9sent\u00e9s par un public sp\u00e9cifique dans leurs interactions en ligne. En exploitant la puissance de cet outil, les propri\u00e9taires de sites Web ont l&rsquo;occasion unique de surveiller et de suivre m\u00e9ticuleusement le trafic et les \u00e9v\u00e9nements de leur site Web, en utilisant par la suite ces donn\u00e9es inestimables pour fabriquer des publicit\u00e9s qui ne sont pas seulement profond\u00e9ment pertinentes mais aussi profond\u00e9ment captivantes, ce qui saisit ainsi le plein int\u00e9gral, mais aussi profond\u00e9ment captivant, ce qui saisit ainsi le plein complet, en passant ainsi le plein \u00e0-t attention et d\u00e9vouement de leur public cible pr\u00e9vu. En outre, gr\u00e2ce \u00e0 l&rsquo;utilisation du flux WordPress PixelyORSite pour les publicit\u00e9s dynamiques Facebook, le processus autrement ardu et long de la cr\u00e9ation et de la gestion des publicit\u00e9s peut \u00eatre efficacement automatis\u00e9, entra\u00eenant ainsi la pr\u00e9servation substantielle du temps et de l&rsquo;argent. Essentiellement, cette solution est un actif indispensable et non n\u00e9gociable pour tout propri\u00e9taire de site Web exigeant qui abrite le d\u00e9sir d&rsquo;optimiser leurs campagnes publicitaires Facebook et, finalement, d&rsquo;atteindre les deux objectifs d&rsquo;augmentation du flux de trafic et de stimulation des ventes dans leur domaine num\u00e9rique.<\/p>\n<ul>\n<li>Cr\u00e9er efficacement les annonces Facebook dynamiques directement \u00e0 partir de votre flux WordPress<\/li>\n<li>Mettre \u00e0 jour automatiquement les annonces avec des modifications en temps r\u00e9el \u00e0 votre site Web<\/li>\n<li>Personnaliser facilement le format d&rsquo;annonce et le design pour s&rsquo;adapter \u00e0 votre marque<\/li>\n<li>Suivre les conversions et analyser les performances avec des analyses avanc\u00e9es<\/li>\n<li>Int\u00e9grer avec des plateformes de commerce \u00e9lectronique populaires comme WooCommerce et des t\u00e9l\u00e9chargements num\u00e9riques faciles<\/li>\n<li>Gagnez du temps et augmentez les revenus avec la cr\u00e9ation et l&rsquo;optimisation des annonces automatis\u00e9es<\/li>\n<li>Interface conviviale et installation de plugin pour une int\u00e9gration transparente dans votre site WordPress<\/li>\n<li>\u00c9quipe d&rsquo;assistance r\u00e9active disponible pour aider \u00e0 toute question ou probl\u00e8mes techniques<\/li>\n<li>Compatible avec le RGPD avec des fonctionnalit\u00e9s avanc\u00e9es de protection des donn\u00e9es<\/li>\n<li>Mises \u00e0 jour r\u00e9guli\u00e8res et am\u00e9liorations pour am\u00e9liorer les fonctionnalit\u00e9s et l&rsquo;exp\u00e9rience utilisateur<\/li>\n<\/ul>\n","protected":false},"excerpt":{"rendered":"<p>Nous sommes ravis de pr\u00e9senter le flux WordPress PixELYORSITE pour Facebook Dynamic Ads, qui sert de solution ultime pour am\u00e9liorer l&rsquo;efficacit\u00e9 de vos campagnes publicitaires Facebook. Cet outil incroyablement robuste s&rsquo;int\u00e8gre parfaitement \u00e0 votre site Web WordPress, vous accordant la possibilit\u00e9 de cr\u00e9er sans effort des campagnes publicitaires dynamiques qui pr\u00e9sentent efficacement vos produits ou services \u00e0 un public cibl\u00e9 de clients potentiels qui ont exprim\u00e9 leur int\u00e9r\u00eat. En tirant parti de ses fonctionnalit\u00e9s avanc\u00e9es de suivi et d&rsquo;optimisation, vous aurez la capacit\u00e9 d&rsquo;optimiser vos d\u00e9penses publicitaires et de t\u00e9moigner des r\u00e9sultats substantiels dans une p\u00e9riode relativement courte. Que vous soyez un propri\u00e9taire de petite entreprise ou un sp\u00e9cialiste du marketing chevronn\u00e9, le flux WordPress PixelyORSite pour Facebook Dynamic Ads est une ressource indispensable pour la mise en \u0153uvre d&rsquo;une strat\u00e9gie publicitaire r\u00e9ussie. Prenez l&rsquo;initiative aujourd&rsquo;hui et observez la croissance de votre entreprise de premi\u00e8re main!<\/p>\n","protected":false},"featured_media":146625,"comment_status":"open","ping_status":"open","template":"","meta":[],"product_brand":[2627],"product_cat":[1207,1181,1186],"product_tag":[1327],"class_list":{"0":"post-131307","1":"product","2":"type-product","3":"status-publish","4":"has-post-thumbnail","6":"product_brand-pixelyoursite","7":"product_cat-commercialisation-wordpress-plugins","8":"product_cat-plugins","9":"product_cat-wordpress-plugins","10":"product_tag-pixelyoursite","11":"member-discount","12":"discount-restricted","14":"first","15":"instock","16":"sale","17":"downloadable","18":"virtual","19":"sold-individually","20":"purchasable","21":"product-type-simple"},"_links":{"self":[{"href":"https:\/\/gpl-love.com\/fr\/wp-json\/wp\/v2\/product\/131307","targetHints":{"allow":["GET"]}}],"collection":[{"href":"https:\/\/gpl-love.com\/fr\/wp-json\/wp\/v2\/product"}],"about":[{"href":"https:\/\/gpl-love.com\/fr\/wp-json\/wp\/v2\/types\/product"}],"replies":[{"embeddable":true,"href":"https:\/\/gpl-love.com\/fr\/wp-json\/wp\/v2\/comments?post=131307"}],"wp:featuredmedia":[{"embeddable":true,"href":"https:\/\/gpl-love.com\/fr\/wp-json\/wp\/v2\/media\/146625"}],"wp:attachment":[{"href":"https:\/\/gpl-love.com\/fr\/wp-json\/wp\/v2\/media?parent=131307"}],"wp:term":[{"taxonomy":"product_brand","embeddable":true,"href":"https:\/\/gpl-love.com\/fr\/wp-json\/wp\/v2\/product_brand?post=131307"},{"taxonomy":"product_cat","embeddable":true,"href":"https:\/\/gpl-love.com\/fr\/wp-json\/wp\/v2\/product_cat?post=131307"},{"taxonomy":"product_tag","embeddable":true,"href":"https:\/\/gpl-love.com\/fr\/wp-json\/wp\/v2\/product_tag?post=131307"}],"curies":[{"name":"wp","href":"https:\/\/api.w.org\/{rel}","templated":true}]}}