{"id":131305,"date":"2023-04-06T00:00:00","date_gmt":"2023-04-05T22:00:00","guid":{"rendered":"https:\/\/gpl-love.com\/fr\/produit\/pixelyoursite-edd-product-catalog-feed\/"},"modified":"2026-03-20T23:56:54","modified_gmt":"2026-03-20T22:56:54","slug":"pixelyoursite-edd-product-catalog-feed","status":"publish","type":"product","link":"https:\/\/gpl-love.com\/fr\/produit\/pixelyoursite-edd-product-catalog-feed\/","title":{"rendered":"PixelYourSite EDD Product Catalog Feed 1.0.2"},"content":{"rendered":"<h3>PixelYourSite EDD Product Catalog Feed Traits<\/h3>\n<p>Le flux de catalogue de produits PixelyOrSite EDD est un outil exceptionnellement robuste et influent qui permet aux utilisateurs de g\u00e9n\u00e9rer et de superviser efficacement les flux de produits pour leurs magasins en ligne gr\u00e2ce \u00e0 l&rsquo;utilisation de la plate-forme Easy Digital Downloads (EDD). Cet outil innovant sert de conduit, connectant de mani\u00e8re transparente votre boutique EDD avec une myriade de canaux marketing divers, englobant mais sans s&rsquo;y limiter \u00e0 Facebook, Instagram, Google et d&rsquo;autres r\u00e9seaux publicitaires. En se pr\u00e9voyant des innombrables fonctionnalit\u00e9s offertes par PixelyORSite EDD Product Catalog Feed, on peut \u00e9laborer et cultiver sans effort des flux de produits qui englobent toutes les informations indispensables concernant leurs produits, englobant mais sans s&rsquo;y limiter autres donn\u00e9es saillantes. De plus, cet outil inestimable a la capacit\u00e9 de prendre en charge efficacement les annonces de produits dynamiques, permettant ainsi \u00e0 l&rsquo;utilisateur de cr\u00e9er et de personnaliser m\u00e9ticuleusement le public cible pr\u00e9vu sur les produits que les individus ont parcouru ou ajout\u00e9 \u00e0 leurs caddats virtuels. Cela, \u00e0 son tour, augmente la probabilit\u00e9 de convertir ces personnes en clients fid\u00e8les et satisfaits. Par cons\u00e9quent, il est incontestable que le flux de catalogue de produits PixelyORSite EDD soit un actif indispensable pour tout d\u00e9taillant en ligne entreprenant qui cherche \u00e0 optimiser l&rsquo;exposition de leur produit et \u00e0 am\u00e9liorer de fa\u00e7on exponentielle leurs chiffres de vente.<\/p>\n<ul>\n<li>Int\u00e9gration transparente avec des t\u00e9l\u00e9chargements num\u00e9riques faciles<\/li>\n<li>G\u00e9n\u00e9ration automatique de flux de catalogue de produits pour Facebook et Google<\/li>\n<li>Capacit\u00e9 \u00e0 personnaliser le mod\u00e8le de flux de produits<\/li>\n<li>Option pour exclure certains produits de l&rsquo;alimentation<\/li>\n<li>Support linguistique multiple pour les campagnes internationales<\/li>\n<li>Mises \u00e0 jour en temps r\u00e9el pour les modifications des produits et les niveaux d&rsquo;inventaire<\/li>\n<li>Configuration et configuration faciles avec des instructions \u00e9tape par \u00e9tape<\/li>\n<li>Documentation et soutien compl\u00e8tes<\/li>\n<li>Am\u00e9liore les performances globales et la visibilit\u00e9 des magasins en ligne<\/li>\n<li>\u00c9conomise du temps et des efforts dans la cr\u00e9ation et les mises \u00e0 jour des produits de produit manuels<\/li>\n<li>Prix \u200b\u200babordable avec des plans d&rsquo;abonnement flexibles.<\/li>\n<\/ul>\n","protected":false},"excerpt":{"rendered":"<p>Le flux de catalogue de produits PixelyOrSite EDD est un outil tr\u00e8s efficace et efficace qui a \u00e9t\u00e9 sp\u00e9cialement d\u00e9velopp\u00e9 pour optimiser et rationaliser votre catalogue de produits EDD (t\u00e9l\u00e9chargements num\u00e9riques faciles). Il offre une gamme de fonctionnalit\u00e9s robustes qui vous permettent de g\u00e9n\u00e9rer et de superviser sans effort des fichiers de flux, qui comprennent des informations vitales concernant vos produits num\u00e9riques, tels que les t\u00e9l\u00e9chargements, les d\u00e9tails de tarification, les images visuellement captivantes et les descriptions captivantes. Ces fichiers de flux m\u00e9ticuleusement fabriqu\u00e9s peuvent ensuite \u00eatre utilis\u00e9s de mani\u00e8re transparente pour synchroniser et mettre \u00e0 jour automatiquement votre catalogue de produits sur plusieurs march\u00e9s pro\u00e9minents et plateformes de m\u00e9dias sociaux, y compris, mais sans s&rsquo;y limiter, les achats Google, Facebook, Instagram et une multitude d&rsquo;autres. En tirant parti de la puissance de cette solution innovante, vous pouvez conserver efficacement et efficacement votre temps et votre \u00e9nergie pr\u00e9cieux qui seraient autrement d\u00e9pens\u00e9s pour la t\u00e2che laborieuse de g\u00e9rer vos listes de produits, vous permettant ainsi de vous concentrer de tout c\u0153ur sur les facettes cruciales et indispensables de votre plein essor de votre plein c\u0153ur entreprise. De plus, il est imp\u00e9ratif de noter que le flux de catalogue de produits PixelyORSite EDD est incroyablement convivial, accompagn\u00e9 d&rsquo;une documentation et d&rsquo;un syst\u00e8me de soutien globales et sans entravage qui garantit votre utilisation sans couture et sans entrave de cet outil remarquable.<\/p>\n","protected":false},"featured_media":146624,"comment_status":"open","ping_status":"open","template":"","meta":[],"product_brand":[2627],"product_cat":[1200,1182,1181],"product_tag":[1327],"class_list":{"0":"post-131305","1":"product","2":"type-product","3":"status-publish","4":"has-post-thumbnail","6":"product_brand-pixelyoursite","7":"product_cat-commercialisation","8":"product_cat-commerce-electronique-plugins","9":"product_cat-plugins","10":"product_tag-pixelyoursite","11":"member-discount","12":"discount-restricted","14":"first","15":"instock","16":"sale","17":"downloadable","18":"virtual","19":"sold-individually","20":"purchasable","21":"product-type-simple"},"_links":{"self":[{"href":"https:\/\/gpl-love.com\/fr\/wp-json\/wp\/v2\/product\/131305","targetHints":{"allow":["GET"]}}],"collection":[{"href":"https:\/\/gpl-love.com\/fr\/wp-json\/wp\/v2\/product"}],"about":[{"href":"https:\/\/gpl-love.com\/fr\/wp-json\/wp\/v2\/types\/product"}],"replies":[{"embeddable":true,"href":"https:\/\/gpl-love.com\/fr\/wp-json\/wp\/v2\/comments?post=131305"}],"wp:featuredmedia":[{"embeddable":true,"href":"https:\/\/gpl-love.com\/fr\/wp-json\/wp\/v2\/media\/146624"}],"wp:attachment":[{"href":"https:\/\/gpl-love.com\/fr\/wp-json\/wp\/v2\/media?parent=131305"}],"wp:term":[{"taxonomy":"product_brand","embeddable":true,"href":"https:\/\/gpl-love.com\/fr\/wp-json\/wp\/v2\/product_brand?post=131305"},{"taxonomy":"product_cat","embeddable":true,"href":"https:\/\/gpl-love.com\/fr\/wp-json\/wp\/v2\/product_cat?post=131305"},{"taxonomy":"product_tag","embeddable":true,"href":"https:\/\/gpl-love.com\/fr\/wp-json\/wp\/v2\/product_tag?post=131305"}],"curies":[{"name":"wp","href":"https:\/\/api.w.org\/{rel}","templated":true}]}}