{"id":131303,"date":"2026-03-24T00:00:00","date_gmt":"2026-03-23T23:00:00","guid":{"rendered":"https:\/\/gpl-love.com\/fr\/produit\/pixelyoursite-woocommerce-cost-of-goods\/"},"modified":"2026-03-24T23:30:51","modified_gmt":"2026-03-24T22:30:51","slug":"pixelyoursite-woocommerce-cost-of-goods","status":"publish","type":"product","link":"https:\/\/gpl-love.com\/fr\/produit\/pixelyoursite-woocommerce-cost-of-goods\/","title":{"rendered":"PixelYourSite WooCommerce Cost of Goods 1.2.10"},"content":{"rendered":"<h3>PixelYourSite WooCommerce Cost of Goods Traits<\/h3>\n<p>Le plugin estim\u00e9 PixelyourSite WooCommerce Cost of Goods est un outil tr\u00e8s efficace et puissant qui aide les propri\u00e9taires de magasins en ligne dans la gestion efficace de leurs co\u00fbts et de leurs b\u00e9n\u00e9fices. Ce plugin particulier poss\u00e8de une capacit\u00e9 impeccable \u00e0 suivre m\u00e9ticuleusement les co\u00fbts associ\u00e9s aux marchandises vendues sur un magasin WooCommerce, fournissant ainsi des informations inestimables sur les performances de chaque produit individuel. En outre, il permet aux propri\u00e9taires de magasins la capacit\u00e9 d&rsquo;\u00e9tablir les prix des co\u00fbts des produits ou des variations individuelles, leur permettant ainsi de calculer avec pr\u00e9cision leurs marges b\u00e9n\u00e9ficiaires et de prendre des d\u00e9cisions bien inform\u00e9es concernant les strat\u00e9gies de tarification et les campagnes promotionnelles. De plus, ce plugin remarquable s&rsquo;int\u00e8gre de mani\u00e8re transparente \u00e0 la c\u00e9l\u00e8bre plate-forme Google Analytics, offrant aux utilisateurs la commodit\u00e9 de surveiller leurs revenus et le co\u00fbt des donn\u00e9es vendues des donn\u00e9es \u00e0 partir d&rsquo;un seul emplacement centralis\u00e9. La fusion de son interface conviviale et de sa gamme compl\u00e8te de fonctionnalit\u00e9s robustes rend le co\u00fbt des marchandises WooCommerce de pixelyoursite un outil indispensable pour tout propri\u00e9taire de magasin WooCommerce exigeant cherchant \u00e0 optimiser leurs performances commerciales \u00e0 son plus grand potentiel.<\/p>\n<ul>\n<li>Int\u00e9gration avec WooCommerce<\/li>\n<li>Repr\u00e9sentation graphique des marges b\u00e9n\u00e9ficiaires de votre entreprise<\/li>\n<li>Analyse du co\u00fbt des marchandises de votre magasin vendu<\/li>\n<li>Vue plus pr\u00e9cise des revenus et des b\u00e9n\u00e9fices de votre magasin<\/li>\n<li>Capacit\u00e9 \u00e0 prendre de meilleures d\u00e9cisions d&rsquo;achat et d&rsquo;optimisation des prix<\/li>\n<li>\u00c9conomisez de l&rsquo;argent et augmentez les b\u00e9n\u00e9fices en restant au-dessus de vos finances<\/li>\n<li>Types de co\u00fbts personnalisables et m\u00e9thodes de calcul des co\u00fbts<\/li>\n<li>Installation facile et interface conviviale<\/li>\n<li>Mises \u00e0 jour r\u00e9guli\u00e8res et support client<\/li>\n<\/ul>\n","protected":false},"excerpt":{"rendered":"<p>Le co\u00fbt des marchandises de WooCommerce de PixelyOrSite est un plugin tr\u00e8s efficace et fonctionnel sans effort qui vous permet de surveiller et de suivre et efficacement les co\u00fbts des marchandises vendues pour chaque produit de votre magasin WooCommerce. En utilisant cet outil remarquable, vous pouvez acc\u00e9der de mani\u00e8re transparente et instantan\u00e9ment acc\u00e9der \u00e0 des donn\u00e9es en temps r\u00e9el concernant vos marges b\u00e9n\u00e9ficiaires, vous permettant ainsi de prendre des d\u00e9cisions bien inform\u00e9es et tr\u00e8s strat\u00e9giques en ce qui concerne vos strat\u00e9gies de prix. R\u00e9pondant aux besoins et aux exigences des propri\u00e9taires d&rsquo;entreprise, ce plugin exceptionnel sert de ressource inestimable, offrant des informations inestimables et perspicaces concernant vos co\u00fbts de produit, garantissant ainsi que vous maintenez constamment un avantage concurrentiel sur vos concurrents et restez toujours en avance sur la courbe.<\/p>\n","protected":false},"featured_media":146623,"comment_status":"open","ping_status":"open","template":"","meta":[],"product_brand":[2627],"product_cat":[1182,1200,1181],"product_tag":[1327],"class_list":{"0":"post-131303","1":"product","2":"type-product","3":"status-publish","4":"has-post-thumbnail","6":"product_brand-pixelyoursite","7":"product_cat-commerce-electronique-plugins","8":"product_cat-commercialisation","9":"product_cat-plugins","10":"product_tag-pixelyoursite","11":"member-discount","12":"discount-restricted","14":"first","15":"instock","16":"sale","17":"downloadable","18":"virtual","19":"sold-individually","20":"purchasable","21":"product-type-simple"},"_links":{"self":[{"href":"https:\/\/gpl-love.com\/fr\/wp-json\/wp\/v2\/product\/131303","targetHints":{"allow":["GET"]}}],"collection":[{"href":"https:\/\/gpl-love.com\/fr\/wp-json\/wp\/v2\/product"}],"about":[{"href":"https:\/\/gpl-love.com\/fr\/wp-json\/wp\/v2\/types\/product"}],"replies":[{"embeddable":true,"href":"https:\/\/gpl-love.com\/fr\/wp-json\/wp\/v2\/comments?post=131303"}],"wp:featuredmedia":[{"embeddable":true,"href":"https:\/\/gpl-love.com\/fr\/wp-json\/wp\/v2\/media\/146623"}],"wp:attachment":[{"href":"https:\/\/gpl-love.com\/fr\/wp-json\/wp\/v2\/media?parent=131303"}],"wp:term":[{"taxonomy":"product_brand","embeddable":true,"href":"https:\/\/gpl-love.com\/fr\/wp-json\/wp\/v2\/product_brand?post=131303"},{"taxonomy":"product_cat","embeddable":true,"href":"https:\/\/gpl-love.com\/fr\/wp-json\/wp\/v2\/product_cat?post=131303"},{"taxonomy":"product_tag","embeddable":true,"href":"https:\/\/gpl-love.com\/fr\/wp-json\/wp\/v2\/product_tag?post=131303"}],"curies":[{"name":"wp","href":"https:\/\/api.w.org\/{rel}","templated":true}]}}