{"id":131299,"date":"2026-01-10T00:00:00","date_gmt":"2026-01-09T23:00:00","guid":{"rendered":"https:\/\/gpl-love.com\/fr\/produit\/pixelyoursite-pinterest\/"},"modified":"2026-03-20T23:56:51","modified_gmt":"2026-03-20T22:56:51","slug":"pixelyoursite-pinterest","status":"publish","type":"product","link":"https:\/\/gpl-love.com\/fr\/produit\/pixelyoursite-pinterest\/","title":{"rendered":"PixelYourSite Pinterest 6.1.9.2"},"content":{"rendered":"<h3>PixelYourSite Pinterest Traits<\/h3>\n<p>Pixelyoursite Pinterest est un plugin extr\u00eamement robuste et puissant qui accorde aux propri\u00e9taires de sites Web la capacit\u00e9 de surveiller et d&rsquo;am\u00e9liorer sans effort leurs efforts de marketing Pinterest. En incorporant ce plugin dans votre site Web, vous \u00eates autoris\u00e9 \u00e0 int\u00e9grer de mani\u00e8re transparente le pixel de conversion Pinterest, \u00e0 surveiller m\u00e9ticuleusement les performances de vos publicit\u00e9s et promotions Pinterest, et \u00e0 \u00e9laborer m\u00e9ticuleusement des groupes d&rsquo;utilisateurs personnalis\u00e9s Pinterest \u00e0 des fins de reciblage. En outre, PixelyOrsite Pinterest offre une pl\u00e9thore d&rsquo;analyses avanc\u00e9es et de fonctionnalit\u00e9s de rapport, vous permettant d&rsquo;\u00e9valuer de mani\u00e8re approfondie le triomphe de vos campagnes Pinterest et de prendre des d\u00e9cisions judicieuses fond\u00e9es sur des preuves empiriques. Que vous soyez un entrepreneur qui dirige une entreprise \u00e0 petite \u00e9chelle ou un magnat supervisant une grande entreprise, PixelyOrsite Pinterest est \u00e9quip\u00e9 pour faciliter l&rsquo;am\u00e9lioration de vos strat\u00e9gies de marketing Pinterest et renforcer vos chiffres de vente en ligne.<\/p>\n<ul>\n<li>PixelyOrsite Pinterest est un plugin puissant con\u00e7u pour ceux qui souhaitent optimiser leurs efforts de marketing Pinterest<\/li>\n<li>Le plugin vous permet de suivre les conversions, de cr\u00e9er des listes d&rsquo;audience et d&rsquo;optimiser vos campagnes Pinterest directement \u00e0 partir de votre site Web WordPress<\/li>\n<li>Vous pouvez facilement configurer le suivi de la conversion Pinterest en quelques clics et commencer \u00e0 suivre le comportement de votre site Web sur Pinterest<\/li>\n<li>Le plugin fournit un suivi avanc\u00e9 des \u00e9v\u00e9nements, qui vous permet de suivre des actions telles que l&rsquo;ajout de la carte, le paiement et l&rsquo;achat sur votre site Web<\/li>\n<li>Avec PixELYORSITE Pinterest, vous pouvez cr\u00e9er des listes d&rsquo;audience personnalis\u00e9es pour recibler les visiteurs de votre site Web sur Pinterest et cr\u00e9er un public lookalike pour \u00e9tendre votre port\u00e9e<\/li>\n<li>Le plugin vous permet d&rsquo;optimiser vos campagnes Pinterest en g\u00e9n\u00e9rant des balises Pinterest et en les envoyant \u00e0 votre compte Pinterest<\/li>\n<li>Vous pourrez cr\u00e9er des publicit\u00e9s dynamiques en fonction de l&rsquo;activit\u00e9 de votre site Web, cibler des publics sp\u00e9cifiques et mesurer le succ\u00e8s de la campagne avec la puissante fonctionnalit\u00e9 de rapport<\/li>\n<li>PixelyOrSite Pinterest s&rsquo;int\u00e8gre parfaitement \u00e0 d&rsquo;autres outils populaires PixelyOrsite, garantissant une approche marketing enti\u00e8rement int\u00e9gr\u00e9e \u00e0 travers votre pr\u00e9sence en ligne.<\/li>\n<\/ul>\n","protected":false},"excerpt":{"rendered":"<p>PixelyOrsite Pinterest est un outil robuste et tr\u00e8s efficace qui vous permet de surveiller et de mesurer sans effort les conversions Pinterest, tout en facilitant simultan\u00e9ment la cr\u00e9ation d&rsquo;un public personnalis\u00e9 dans le but de mettre en \u0153uvre des strat\u00e9gies publicitaires hautement cibl\u00e9es. Gr\u00e2ce \u00e0 son processus d&rsquo;installation simple et \u00e0 son interface conviviale, m\u00eame les individus d\u00e9pourvus d&rsquo;expertise technique peuvent optimiser de mani\u00e8re transparente leurs campagnes Pinterest. De plus, cette application va au-del\u00e0 en offrant des capacit\u00e9s compl\u00e8tes d&rsquo;analyse et de rapports, ce qui permet aux utilisateurs de mieux comprendre leur public et, par cons\u00e9quent, de prendre des d\u00e9cisions astucieuses et bien inform\u00e9es pour leurs entreprises. En tirant parti de la puissance de PixelyOrsite Pinterest, les individus peuvent consid\u00e9rablement am\u00e9liorer l&rsquo;efficacit\u00e9 de leurs efforts de marketing Pinterest et g\u00e9n\u00e9rer efficacement un volume de trafic beaucoup plus important vers leurs sites Web respectifs.<\/p>\n","protected":false},"featured_media":146621,"comment_status":"open","ping_status":"open","template":"","meta":[],"product_brand":[2627],"product_cat":[1207,1181,1186],"product_tag":[1327],"class_list":{"0":"post-131299","1":"product","2":"type-product","3":"status-publish","4":"has-post-thumbnail","6":"product_brand-pixelyoursite","7":"product_cat-commercialisation-wordpress-plugins","8":"product_cat-plugins","9":"product_cat-wordpress-plugins","10":"product_tag-pixelyoursite","11":"member-discount","12":"discount-restricted","14":"first","15":"instock","16":"sale","17":"downloadable","18":"virtual","19":"sold-individually","20":"purchasable","21":"product-type-simple"},"_links":{"self":[{"href":"https:\/\/gpl-love.com\/fr\/wp-json\/wp\/v2\/product\/131299","targetHints":{"allow":["GET"]}}],"collection":[{"href":"https:\/\/gpl-love.com\/fr\/wp-json\/wp\/v2\/product"}],"about":[{"href":"https:\/\/gpl-love.com\/fr\/wp-json\/wp\/v2\/types\/product"}],"replies":[{"embeddable":true,"href":"https:\/\/gpl-love.com\/fr\/wp-json\/wp\/v2\/comments?post=131299"}],"wp:featuredmedia":[{"embeddable":true,"href":"https:\/\/gpl-love.com\/fr\/wp-json\/wp\/v2\/media\/146621"}],"wp:attachment":[{"href":"https:\/\/gpl-love.com\/fr\/wp-json\/wp\/v2\/media?parent=131299"}],"wp:term":[{"taxonomy":"product_brand","embeddable":true,"href":"https:\/\/gpl-love.com\/fr\/wp-json\/wp\/v2\/product_brand?post=131299"},{"taxonomy":"product_cat","embeddable":true,"href":"https:\/\/gpl-love.com\/fr\/wp-json\/wp\/v2\/product_cat?post=131299"},{"taxonomy":"product_tag","embeddable":true,"href":"https:\/\/gpl-love.com\/fr\/wp-json\/wp\/v2\/product_tag?post=131299"}],"curies":[{"name":"wp","href":"https:\/\/api.w.org\/{rel}","templated":true}]}}