{"id":131297,"date":"2025-10-18T00:00:00","date_gmt":"2025-10-17T22:00:00","guid":{"rendered":"https:\/\/gpl-love.com\/fr\/produit\/wpforms-google-sheets\/"},"modified":"2026-03-20T23:56:50","modified_gmt":"2026-03-20T22:56:50","slug":"wpforms-google-sheets","status":"publish","type":"product","link":"https:\/\/gpl-love.com\/fr\/produit\/wpforms-google-sheets\/","title":{"rendered":"WPForms Google Sheets 2.5.0"},"content":{"rendered":"<h3>WPForms Google Sheets Traits<\/h3>\n<p>WPFORMS Google Sheets est un produit exceptionnel qui sert \u00e0 permettre aux utilisateurs d&rsquo;optimiser et d&rsquo;am\u00e9liorer leurs processus de collecte et de gestion de donn\u00e9es de mani\u00e8re tr\u00e8s efficace et efficace. En exploitant les capacit\u00e9s robustes de WPFORMS et Google Sheets, cet outil int\u00e8gre de mani\u00e8re transparente ces deux plates-formes pour offrir une exp\u00e9rience utilisateur vraiment rationalis\u00e9e et in\u00e9gal\u00e9e. Gr\u00e2ce \u00e0 l&rsquo;utilisation des feuilles Google WPForms, les utilisateurs peuvent construire sans effort des formulaires sur mesure avec la plus grande facilit\u00e9 et la plus grande commodit\u00e9, tout en b\u00e9n\u00e9ficiant simultan\u00e9ment de la transmission automatique des donn\u00e9es aux feuilles Google pour le suivi sans effort et une analyse approfondie. Ce produit remarquable r\u00e9pond sp\u00e9cifiquement aux besoins et aux exigences des entreprises et des organisations qui n\u00e9cessitent la collecte et la gestion comp\u00e9tentes des donn\u00e9es provenant d&rsquo;une myriade de sources diverses. WPFORMS Google Sheets fournit une r\u00e9solution \u00e9l\u00e9gamment simple et extr\u00eamement productive pour la gestion des donn\u00e9es, ce qui permet de gagner un temps pr\u00e9cieux et de minimiser consid\u00e9rablement la survenue d&rsquo;erreurs.<\/p>\n<ul>\n<li>Int\u00e9gration facile: WPForms Google Sheets permet aux utilisateurs d&rsquo;int\u00e9grer de mani\u00e8re transparente les donn\u00e9es WPFORM dans Google Sheets, d&rsquo;\u00e9conomiser du temps et de l&rsquo;\u00e9nergie sur la saisie manuelle des donn\u00e9es.<\/li>\n<li>Mappage personnalisable: les utilisateurs peuvent personnaliser la fa\u00e7on dont les donn\u00e9es WPForms sont mapp\u00e9es sur des colonnes sp\u00e9cifiques dans leurs feuilles Google, ce qui facilite le suivi et l&rsquo;analyse des donn\u00e9es.<\/li>\n<li>Mises \u00e0 jour en temps r\u00e9el: les donn\u00e9es apparaissent dans Google Sheets en temps r\u00e9el, donc les utilisateurs n&rsquo;ont jamais \u00e0 se soucier de manquer de nouvelles mises \u00e0 jour de donn\u00e9es.<\/li>\n<li>Sauvegarde automatis\u00e9e des donn\u00e9es: avec les feuilles Google WPForms, les utilisateurs peuvent automatiquement sauvegarder leurs donn\u00e9es WPFORMS sur Google Sheets, en veillant \u00e0 ce qu&rsquo;ils ne perdent jamais d&rsquo;informations importantes.<\/li>\n<li>Organisation am\u00e9lior\u00e9e: en centralisant les donn\u00e9es WPForms dans Google Sheets, les utilisateurs peuvent plus facilement organiser et trier leurs donn\u00e9es, ce qui facilite la recherche d&rsquo;informations pertinentes rapidement.<\/li>\n<li>Collaboration am\u00e9lior\u00e9e: WPForms Google Sheets permet \u00e0 plusieurs membres de l&rsquo;\u00e9quipe d&rsquo;acc\u00e9der et de modifier le m\u00eame ensemble de donn\u00e9es, promouvant la collaboration et l&rsquo;efficacit\u00e9 de l&rsquo;\u00e9quipe.<\/li>\n<\/ul>\n","protected":false},"excerpt":{"rendered":"<p>L&rsquo;int\u00e9gration de WPForms avec Google Sheets permet aux utilisateurs de synchroniser sans effort les donn\u00e9es qu&rsquo;ils collectent aupr\u00e8s de WPFORMS directement dans Google Sheets, facilitant ainsi le suivi et l&rsquo;analyse transparentes des donn\u00e9es utilisateur, des soumissions de formulaires et d&rsquo;autres informations de formulaire connexe dans Google Sheets. En tirant parti de cette int\u00e9gration, les utilisateurs ont acc\u00e8s \u00e0 des informations inestimables et jouissent de capacit\u00e9s am\u00e9lior\u00e9es de gestion des donn\u00e9es, conduisant \u00e0 une prise de d\u00e9cision sup\u00e9rieure et \u00e0 une optimisation globale des performances.<\/p>\n","protected":false},"featured_media":146620,"comment_status":"open","ping_status":"open","template":"","meta":[],"product_brand":[2724],"product_cat":[1187,1181,1186],"product_tag":[1415],"class_list":{"0":"post-131297","1":"product","2":"type-product","3":"status-publish","4":"has-post-thumbnail","6":"product_brand-wp-forms","7":"product_cat-administration-wordpress-plugins","8":"product_cat-plugins","9":"product_cat-wordpress-plugins","10":"product_tag-wp-forms","11":"member-discount","12":"discount-restricted","14":"first","15":"instock","16":"sale","17":"downloadable","18":"virtual","19":"sold-individually","20":"purchasable","21":"product-type-simple"},"_links":{"self":[{"href":"https:\/\/gpl-love.com\/fr\/wp-json\/wp\/v2\/product\/131297","targetHints":{"allow":["GET"]}}],"collection":[{"href":"https:\/\/gpl-love.com\/fr\/wp-json\/wp\/v2\/product"}],"about":[{"href":"https:\/\/gpl-love.com\/fr\/wp-json\/wp\/v2\/types\/product"}],"replies":[{"embeddable":true,"href":"https:\/\/gpl-love.com\/fr\/wp-json\/wp\/v2\/comments?post=131297"}],"wp:featuredmedia":[{"embeddable":true,"href":"https:\/\/gpl-love.com\/fr\/wp-json\/wp\/v2\/media\/146620"}],"wp:attachment":[{"href":"https:\/\/gpl-love.com\/fr\/wp-json\/wp\/v2\/media?parent=131297"}],"wp:term":[{"taxonomy":"product_brand","embeddable":true,"href":"https:\/\/gpl-love.com\/fr\/wp-json\/wp\/v2\/product_brand?post=131297"},{"taxonomy":"product_cat","embeddable":true,"href":"https:\/\/gpl-love.com\/fr\/wp-json\/wp\/v2\/product_cat?post=131297"},{"taxonomy":"product_tag","embeddable":true,"href":"https:\/\/gpl-love.com\/fr\/wp-json\/wp\/v2\/product_tag?post=131297"}],"curies":[{"name":"wp","href":"https:\/\/api.w.org\/{rel}","templated":true}]}}