{"id":131295,"date":"2023-04-21T00:00:00","date_gmt":"2023-04-20T22:00:00","guid":{"rendered":"https:\/\/gpl-love.com\/fr\/produit\/magazilla-news-et-magazine-theme\/"},"modified":"2026-03-20T23:56:49","modified_gmt":"2026-03-20T22:56:49","slug":"magazilla-news-et-magazine-theme","status":"publish","type":"product","link":"https:\/\/gpl-love.com\/fr\/produit\/magazilla-news-et-magazine-theme\/","title":{"rendered":"Magazilla News et Magazine Theme 1.1.3"},"content":{"rendered":"<h3>Magazilla News et Magazine Theme Traits<\/h3>\n<p>Magazilla News and Magazine Theme est un th\u00e8me WordPress exquis et de haute qualit\u00e9 visant \u00e0 r\u00e9pondre aux divers besoins des sites Web de publication, des magazines en ligne et des blogs. B\u00e9n\u00e9ficiant d&rsquo;un design \u00e9l\u00e9gant et contemporain, Magazilla pr\u00e9sente une gamme d&rsquo;options de personnalisation, permettant aux utilisateurs de fa\u00e7onner une exp\u00e9rience de lecture en ligne in\u00e9gal\u00e9e qui est vraiment unique. Ce th\u00e8me excelle dans la r\u00e9activit\u00e9, s&rsquo;adaptant parfaitement \u00e0 divers appareils afin que les utilisateurs puissent acc\u00e9der et savourer sans effort dans le contenu captivant quelle que soit la plate-forme qu&rsquo;ils choisissent d&rsquo;utiliser. De plus, Magazilla va au-del\u00e0 de l&rsquo;optimisation de ses fonctionnalit\u00e9s pour les moteurs de recherche, garantissant une visibilit\u00e9 et une d\u00e9couvre optimales. Parmi ses attributs les plus impressionnants, il y a son panneau d&rsquo;options de th\u00e8me avanc\u00e9, qui fournit aux utilisateurs un contr\u00f4le sans effort sur des \u00e9l\u00e9ments complexes tels que la mise en page, les polices, les couleurs et les widgets. Comme si cela ne suffisait pas, Magazilla est \u00e9galement \u00e9quip\u00e9 d&rsquo;une myriade de mod\u00e8les et de fonctionnalit\u00e9s pr\u00e9d\u00e9finis qui sont s\u00fbrs de \u00e9blouir m\u00eame les utilisateurs les plus exigeants. Il s&rsquo;agit notamment d&rsquo;un constructeur de pages extr\u00eamement puissant, d&rsquo;un vaste mega m\u00e9ga et d&rsquo;une int\u00e9gration transparente avec diverses plateformes de m\u00e9dias sociaux. Toutes ces capacit\u00e9s remarquables sont log\u00e9es de mani\u00e8re transparente dans une interface conviviale, faisant de Magazilla la quintessence de la polyvalence et du dynamisme, ce qui en fait un excellent choix pour ceux qui recherchent le th\u00e8me parfait pour leur publication en ligne.<\/p>\n<ul>\n<li>Th\u00e8me des nouvelles et magazines con\u00e7ues par des professionnels<\/li>\n<li>Disposition enti\u00e8rement r\u00e9active et adapt\u00e9e aux mobiles<\/li>\n<li>Facile \u00e0 personnaliser avec un panneau d&rsquo;options de th\u00e8me convivial<\/li>\n<li>Plusieurs dispositions de publication pour une flexibilit\u00e9 suppl\u00e9mentaire<\/li>\n<li>Livr\u00e9 avec 8 dispositions de page d&rsquo;accueil uniques et personnalisables<\/li>\n<li>Int\u00e9gration int\u00e9gr\u00e9e des m\u00e9dias sociaux pour un partage facile<\/li>\n<li>Compatible avec les constructeurs de pages populaires comme Elementor et Visual Composer<\/li>\n<li>Int\u00e9gr\u00e9 \u00e0 WooCommerce pour une fonctionnalit\u00e9 facile du commerce \u00e9lectronique<\/li>\n<li>SEO optimis\u00e9 pour un meilleur classement des moteurs de recherche<\/li>\n<li>Inclut l&rsquo;int\u00e9gration de polices Google pour une typographie \u00e9l\u00e9gante<\/li>\n<li>Installation de d\u00e9monstration en un clic pour une configuration rapide<\/li>\n<li>R\u00e9guli\u00e8rement mis \u00e0 jour avec de nouvelles fonctionnalit\u00e9s et am\u00e9liorations.<\/li>\n<\/ul>\n","protected":false},"excerpt":{"rendered":"<p>Magazilla News and Magazine Th\u00e8me, un th\u00e8me WordPress de haute qualit\u00e9, a \u00e9t\u00e9 m\u00e9ticuleusement con\u00e7u pour r\u00e9pondre aux sites Web orient\u00e9s vers les m\u00e9dias, y compris, mais sans s&rsquo;y limiter, des portails d&rsquo;information, des magazines et des blogs. Ce produit premium offre une gamme de fonctionnalit\u00e9s de pointe, vous accordant la libert\u00e9 d&rsquo;adapter l&rsquo;apparence de votre site d&rsquo;une mani\u00e8re qui d\u00e9gage le professionnalisme et la sophistication. Avec sa s\u00e9lection diversifi\u00e9e de dispositions de page d&rsquo;accueil, de possibilit\u00e9s de couleurs illimit\u00e9es et d&rsquo;options typographiques avanc\u00e9es, ce th\u00e8me vous permet de cr\u00e9er une plate-forme en ligne visuellement \u00e9tonnante et captivante. Notamment, sa conception r\u00e9active s&rsquo;adapte de mani\u00e8re transparente \u00e0 divers appareils, garantissant une exp\u00e9rience utilisateur transparente \u00e0 tous les niveaux. De plus, Magazilla News et le th\u00e8me du magazine sont optimis\u00e9s par moteur de recherche, garantissant une visibilit\u00e9 am\u00e9lior\u00e9e et des classements am\u00e9lior\u00e9s sur les pages de r\u00e9sultats des moteurs de recherche. En conclusion, si vous aspirez \u00e0 \u00e9tablir un centre m\u00e9diatique num\u00e9rique et enti\u00e8rement fonctionnel visuellement et enti\u00e8rement fonctionnel, Magazilla News and Magazine Theme est incontestablement un choix exemplaire.<\/p>\n","protected":false},"featured_media":146619,"comment_status":"open","ping_status":"open","template":"","meta":[],"product_brand":[2433],"product_cat":[1220,1212,1213],"product_tag":[1366],"class_list":{"0":"post-131295","1":"product","2":"type-product","3":"status-publish","4":"has-post-thumbnail","6":"product_brand-themeforest","7":"product_cat-blog-magazine","8":"product_cat-themes","9":"product_cat-wordpress-themes","10":"product_tag-themeforest","11":"member-discount","12":"discount-restricted","14":"first","15":"instock","16":"sale","17":"downloadable","18":"virtual","19":"sold-individually","20":"purchasable","21":"product-type-simple"},"_links":{"self":[{"href":"https:\/\/gpl-love.com\/fr\/wp-json\/wp\/v2\/product\/131295","targetHints":{"allow":["GET"]}}],"collection":[{"href":"https:\/\/gpl-love.com\/fr\/wp-json\/wp\/v2\/product"}],"about":[{"href":"https:\/\/gpl-love.com\/fr\/wp-json\/wp\/v2\/types\/product"}],"replies":[{"embeddable":true,"href":"https:\/\/gpl-love.com\/fr\/wp-json\/wp\/v2\/comments?post=131295"}],"wp:featuredmedia":[{"embeddable":true,"href":"https:\/\/gpl-love.com\/fr\/wp-json\/wp\/v2\/media\/146619"}],"wp:attachment":[{"href":"https:\/\/gpl-love.com\/fr\/wp-json\/wp\/v2\/media?parent=131295"}],"wp:term":[{"taxonomy":"product_brand","embeddable":true,"href":"https:\/\/gpl-love.com\/fr\/wp-json\/wp\/v2\/product_brand?post=131295"},{"taxonomy":"product_cat","embeddable":true,"href":"https:\/\/gpl-love.com\/fr\/wp-json\/wp\/v2\/product_cat?post=131295"},{"taxonomy":"product_tag","embeddable":true,"href":"https:\/\/gpl-love.com\/fr\/wp-json\/wp\/v2\/product_tag?post=131295"}],"curies":[{"name":"wp","href":"https:\/\/api.w.org\/{rel}","templated":true}]}}