{"id":131293,"date":"2026-03-21T00:00:00","date_gmt":"2026-03-20T23:00:00","guid":{"rendered":"https:\/\/gpl-love.com\/fr\/produit\/affiliatewp-vanity-coupon-codes\/"},"modified":"2026-03-21T23:32:30","modified_gmt":"2026-03-21T22:32:30","slug":"affiliatewp-vanity-coupon-codes","status":"publish","type":"product","link":"https:\/\/gpl-love.com\/fr\/produit\/affiliatewp-vanity-coupon-codes\/","title":{"rendered":"AffiliateWP Vanity Coupon Codes 1.0.5"},"content":{"rendered":"<h3>AffiliateWP Vanity Coupon Codes Traits<\/h3>\n<p>AffiliateWP Vanity Codes est un outil extr\u00eamement pr\u00e9cieux qui permet aux entreprises de g\u00e9n\u00e9rer sans effort des codes de coupon distinctifs et personnalis\u00e9s pour leurs initiatives de marketing d&rsquo;affiliation. En utilisant cet outil remarquable, les entreprises peuvent fabriquer efficacement les codes de coupon qui refl\u00e8tent l&rsquo;essence de leur marque et transmettre efficacement leur message marketing, ce qui le rend remarquablement pratique pour que les affili\u00e9s approuvent efficacement leurs produits et services. Ce plugin ph\u00e9nom\u00e9nal profite d&rsquo;une pl\u00e9thore d&rsquo;options de personnalisation, permettant aux entreprises d&rsquo;\u00e9tablir m\u00e9ticuleusement la fr\u00e9quence avec laquelle un coupon peut \u00eatre utilis\u00e9, tout en profitant de suivi et de signalement des fonctionnalit\u00e9s qui s&rsquo;av\u00e8rent inestimables pour surveiller avec impatience le triomphe de leurs campagnes d&rsquo;affiliation. Avec les capacit\u00e9s remarquables des codes de r\u00e9duction de la vanit\u00e9 affili\u00e9ewp, les entreprises peuvent augmenter sans \u00e9quivoque leur programme de marketing d&rsquo;affiliation, stimuler un afflux de trafic et de ventes sur leur site Web, et amplifier consid\u00e9rablement la reconnaissance de la marque par le d\u00e9ploiement de codes de coupon exquis et astucieusement cibl\u00e9s.<\/p>\n<ul>\n<li>Permet aux sp\u00e9cialistes du marketing d&rsquo;affiliation de cr\u00e9er des codes de coupon personnalis\u00e9s pour leur public<\/li>\n<li>Fournit une touche personnalis\u00e9e aux promotions qui peuvent augmenter les taux de conversion<\/li>\n<li>Interface facile \u00e0 utiliser pour cr\u00e9er et g\u00e9rer les codes de r\u00e9duction<\/li>\n<li>Peut suivre l&rsquo;utilisation des coupons pour d\u00e9terminer l&rsquo;efficacit\u00e9 des promotions<\/li>\n<li>Intregate de mani\u00e8re transparente avec le plugin AffiliateWP pour WordPress<\/li>\n<li>Peut \u00eatre utilis\u00e9 en conjonction avec d&rsquo;autres strat\u00e9gies promotionnelles pour am\u00e9liorer encore les efforts de marketing<\/li>\n<li>Offre un plus grand sentiment de contr\u00f4le aux sp\u00e9cialistes du marketing d&rsquo;affiliation sur leurs promotions<\/li>\n<li>Option abordable pour ceux qui cherchent \u00e0 ajouter une couche suppl\u00e9mentaire de marketing personnalis\u00e9.<\/li>\n<\/ul>\n","protected":false},"excerpt":{"rendered":"<p>AffiliateWP Vanity Codes, \u00e9tant un outil extr\u00eamement influent, vous permet de g\u00e9n\u00e9rer des codes de coupon uniques en son genre qui poss\u00e8dent l&rsquo;exclusivit\u00e9 pour vos affili\u00e9s. Cet attribut exceptionnel vous permet de satisfaire vos affili\u00e9s en leur donnant des codes de coupon personnalis\u00e9s, leur permettant ainsi de diffuser ces codes parmi leur public cible, amplifiant ainsi consid\u00e9rablement les taux de conversion et le renforcement des chiffres de vente. Le r\u00e9sultat de cette fonctionnalit\u00e9 remarquable se manifeste sous la forme d&rsquo;un code de coupon sur mesure qui est m\u00e9ticuleusement surveill\u00e9 et document\u00e9 dans votre tableau de bord affili\u00e9wp, vous acquittant ainsi avec une autorit\u00e9 absolue sur l&rsquo;efficacit\u00e9 et les performances de chaque code. En vertu des codes de r\u00e9duction de la vanit\u00e9 AffiliateWP, vous \u00eates sur le point de catapulter votre programme d&rsquo;affiliation \u00e0 des hauteurs sans pr\u00e9c\u00e9dent, accordant ainsi \u00e0 vos affili\u00e9s la possibilit\u00e9 de provoquer un d\u00e9luge de trafic Web, de prospects et de revenus \u00e0 votre entreprise.<\/p>\n","protected":false},"featured_media":146618,"comment_status":"open","ping_status":"open","template":"","meta":[],"product_brand":[2453],"product_cat":[1182,1200,1181],"product_tag":[1202],"class_list":{"0":"post-131293","1":"product","2":"type-product","3":"status-publish","4":"has-post-thumbnail","6":"product_brand-affiliate-wp","7":"product_cat-commerce-electronique-plugins","8":"product_cat-commercialisation","9":"product_cat-plugins","10":"product_tag-affiliate-wp","11":"member-discount","12":"discount-restricted","14":"first","15":"instock","16":"sale","17":"downloadable","18":"virtual","19":"sold-individually","20":"purchasable","21":"product-type-simple"},"_links":{"self":[{"href":"https:\/\/gpl-love.com\/fr\/wp-json\/wp\/v2\/product\/131293","targetHints":{"allow":["GET"]}}],"collection":[{"href":"https:\/\/gpl-love.com\/fr\/wp-json\/wp\/v2\/product"}],"about":[{"href":"https:\/\/gpl-love.com\/fr\/wp-json\/wp\/v2\/types\/product"}],"replies":[{"embeddable":true,"href":"https:\/\/gpl-love.com\/fr\/wp-json\/wp\/v2\/comments?post=131293"}],"wp:featuredmedia":[{"embeddable":true,"href":"https:\/\/gpl-love.com\/fr\/wp-json\/wp\/v2\/media\/146618"}],"wp:attachment":[{"href":"https:\/\/gpl-love.com\/fr\/wp-json\/wp\/v2\/media?parent=131293"}],"wp:term":[{"taxonomy":"product_brand","embeddable":true,"href":"https:\/\/gpl-love.com\/fr\/wp-json\/wp\/v2\/product_brand?post=131293"},{"taxonomy":"product_cat","embeddable":true,"href":"https:\/\/gpl-love.com\/fr\/wp-json\/wp\/v2\/product_cat?post=131293"},{"taxonomy":"product_tag","embeddable":true,"href":"https:\/\/gpl-love.com\/fr\/wp-json\/wp\/v2\/product_tag?post=131293"}],"curies":[{"name":"wp","href":"https:\/\/api.w.org\/{rel}","templated":true}]}}