{"id":131291,"date":"2026-03-21T00:00:00","date_gmt":"2026-03-20T23:00:00","guid":{"rendered":"https:\/\/gpl-love.com\/fr\/produit\/affiliatewp-affiliate-qr-codes\/"},"modified":"2026-03-21T23:32:29","modified_gmt":"2026-03-21T22:32:29","slug":"affiliatewp-affiliate-qr-codes","status":"publish","type":"product","link":"https:\/\/gpl-love.com\/fr\/produit\/affiliatewp-affiliate-qr-codes\/","title":{"rendered":"AffiliateWP Affiliate QR Codes 1.0.4"},"content":{"rendered":"<h3>AffiliateWP Affiliate QR Codes Traits<\/h3>\n<p>AffiliateWP Affiliate QR Codes est un outil de pointe et tr\u00e8s efficace qui offre une assistance in\u00e9gal\u00e9e aux entreprises dans leur qu\u00eate pour surveiller et analyser les ventes d&rsquo;affiliation au moyen de codes QR. Ce produit ing\u00e9nieux sert de catalyseur dans l&rsquo;am\u00e9lioration de l&rsquo;efficacit\u00e9 et de la pr\u00e9cision des efforts de marketing d&rsquo;affiliation. En vertu de cet outil remarquable, les affili\u00e9s sont autoris\u00e9s \u00e0 g\u00e9n\u00e9rer des codes QR distinctifs qui sont parfaitement li\u00e9s \u00e0 leurs liens de r\u00e9f\u00e9rence respectifs. Par cons\u00e9quent, les clients peuvent lancer le processus d&rsquo;achat simplement en scannant ces codes QR. L&rsquo;un des avantages les plus remarquables rendus par ce produit est sa capacit\u00e9 \u00e0 permettre aux entreprises de suivre et d&rsquo;\u00e9valuer m\u00e9ticuleusement les performances de leurs campagnes de marketing d&rsquo;affiliation. Cette transparence in\u00e9gal\u00e9e est rendue possible gr\u00e2ce \u00e0 la fourniture de donn\u00e9es cristallines relatives \u00e0 l&rsquo;affili\u00e9 sp\u00e9cifique responsable de la g\u00e9n\u00e9ration de la vente. En exploitant l&rsquo;immense potentiel des codes QR d&rsquo;affiliation Affiliatewp, les entreprises sont en mesure d&rsquo;optimiser leurs strat\u00e9gies de marketing d&rsquo;affiliation et d&rsquo;assister \u00e0 une augmentation substantielle de leurs sources de revenus. Simultan\u00e9ment, les affili\u00e9s peuvent sans effort promouvoir leurs produits et s\u00e9curiser les belles commissions dans le processus. Tout bien consid\u00e9r\u00e9, il est hors de tout doute que ce produit extraordinaire appara\u00eet comme un atout indispensable pour toute entreprise qui aspire \u00e0 \u00e9lever et \u00e0 affiner leurs efforts de marketing d&rsquo;affiliation.<\/p>\n<ul>\n<li>G\u00e9n\u00e9rer des codes QR uniques pour le suivi des affili\u00e9s<\/li>\n<li>Suivre les r\u00e9f\u00e9rences d&rsquo;affiliation via la num\u00e9risation des codes QR<\/li>\n<li>Facile \u00e0 int\u00e9grer au plugin AffiliateWP<\/li>\n<li>Conceptions personnalisables pour les codes QR<\/li>\n<li>Augmente l&rsquo;engagement et la pr\u00e9cision du suivi<\/li>\n<li>Compatible avec les appareils mobiles<\/li>\n<li>Rapports d\u00e9taill\u00e9s et analyses pour les performances du code QR<\/li>\n<li>Fournit aux affili\u00e9s un outil de marketing unique<\/li>\n<li>Am\u00e9liore l&rsquo;exp\u00e9rience utilisateur et l&rsquo;engagement<\/li>\n<li>Augmente le potentiel des revenus pour les affili\u00e9s et les commer\u00e7ants.<\/li>\n<\/ul>\n","protected":false},"excerpt":{"rendered":"<p>L&rsquo;affiliatewp affili\u00e9 QR Codes est un add-on premium hautement estim\u00e9 con\u00e7u sp\u00e9cifiquement pour le plugin AffiliateWP, qui sert \u00e0 g\u00e9n\u00e9rer des codes QR individualis\u00e9s pour chacun de vos affili\u00e9s, facilitant ainsi et rationalisant leurs efforts promotionnels en relation avec votre large \u00e9ventail de produits ou de services. Cet ajout ing\u00e9nieux au plugin vous permet d&rsquo;allouer et d&rsquo;associer sans effort les codes QR \u00e0 chaque marketing affili\u00e9, tout en vous permettant simultan\u00e9ment de surveiller et d&rsquo;\u00e9valuer m\u00e9ticuleusement l&rsquo;efficacit\u00e9 et l&rsquo;impact de leurs efforts promotionnels en temps r\u00e9el. Pour approfondir les d\u00e9tails, tout ce que l&rsquo;on a \u00e0 faire est de num\u00e9riser commod\u00e9ment le code QR en utilisant un smartphone ou une tablette de pointe, qui fournit instantan\u00e9ment une mine d&rsquo;informations concernant le produit ou le service sp\u00e9cifique approuv\u00e9. Ne perdez pas de temps et commencez votre propre Odyssey de marketing d&rsquo;affiliation en adoptant ce module compl\u00e9mentaire r\u00e9volutionnaire sans d\u00e9lai!<\/p>\n","protected":false},"featured_media":146617,"comment_status":"open","ping_status":"open","template":"","meta":[],"product_brand":[2453],"product_cat":[1182,1200,1181],"product_tag":[1202],"class_list":{"0":"post-131291","1":"product","2":"type-product","3":"status-publish","4":"has-post-thumbnail","6":"product_brand-affiliate-wp","7":"product_cat-commerce-electronique-plugins","8":"product_cat-commercialisation","9":"product_cat-plugins","10":"product_tag-affiliate-wp","11":"member-discount","12":"discount-restricted","14":"first","15":"instock","16":"sale","17":"downloadable","18":"virtual","19":"sold-individually","20":"purchasable","21":"product-type-simple"},"_links":{"self":[{"href":"https:\/\/gpl-love.com\/fr\/wp-json\/wp\/v2\/product\/131291","targetHints":{"allow":["GET"]}}],"collection":[{"href":"https:\/\/gpl-love.com\/fr\/wp-json\/wp\/v2\/product"}],"about":[{"href":"https:\/\/gpl-love.com\/fr\/wp-json\/wp\/v2\/types\/product"}],"replies":[{"embeddable":true,"href":"https:\/\/gpl-love.com\/fr\/wp-json\/wp\/v2\/comments?post=131291"}],"wp:featuredmedia":[{"embeddable":true,"href":"https:\/\/gpl-love.com\/fr\/wp-json\/wp\/v2\/media\/146617"}],"wp:attachment":[{"href":"https:\/\/gpl-love.com\/fr\/wp-json\/wp\/v2\/media?parent=131291"}],"wp:term":[{"taxonomy":"product_brand","embeddable":true,"href":"https:\/\/gpl-love.com\/fr\/wp-json\/wp\/v2\/product_brand?post=131291"},{"taxonomy":"product_cat","embeddable":true,"href":"https:\/\/gpl-love.com\/fr\/wp-json\/wp\/v2\/product_cat?post=131291"},{"taxonomy":"product_tag","embeddable":true,"href":"https:\/\/gpl-love.com\/fr\/wp-json\/wp\/v2\/product_tag?post=131291"}],"curies":[{"name":"wp","href":"https:\/\/api.w.org\/{rel}","templated":true}]}}