{"id":131289,"date":"2025-04-27T00:00:00","date_gmt":"2025-04-26T22:00:00","guid":{"rendered":"https:\/\/gpl-love.com\/fr\/produit\/affiliatewp-fraud-prevention\/"},"modified":"2026-03-20T23:56:47","modified_gmt":"2026-03-20T22:56:47","slug":"affiliatewp-fraud-prevention","status":"publish","type":"product","link":"https:\/\/gpl-love.com\/fr\/produit\/affiliatewp-fraud-prevention\/","title":{"rendered":"AffiliateWP Fraud Prevention 1.0.3"},"content":{"rendered":"<h3>AffiliateWP Fraud Prevention Traits<\/h3>\n<p>La pr\u00e9vention de la fraude Affiliatewp, une solution logicielle extr\u00eamement robuste, a \u00e9t\u00e9 m\u00e9ticuleusement con\u00e7ue pour aider les entreprises dans leurs efforts incessants \u00e0 contrecarrer et \u00e0 supprimer toutes les entreprises frauduleuses f\u00e2cheuses qui pourraient affliger leurs programmes d&rsquo;affiliation. Ce formidable logiciel exploite la puissance des algorithmes de pointe et des m\u00e9thodologies innovantes d&rsquo;apprentissage automatique, ce qui lui permet de examiner m\u00e9ticuleusement la conduite des utilisateurs et de discerner efficacement tout semblant d&rsquo;activit\u00e9 potentiellement frauduleuse. Arm\u00e9s d&rsquo;un tableau de bord intuitivement con\u00e7u, les entreprises peuvent superviser et examiner de pr\u00e8s les op\u00e9rations d&rsquo;affiliation, tout en prenant de mani\u00e8re transparente des mesures proactives pour proscrire tout comportement n\u00e9faste qui pourrait potentiellement infliger des r\u00e9percussions d\u00e9favorables \u00e0 leur trajectoire budg\u00e9taire. Sans aucun doute, la pr\u00e9vention de la fraude Affiliatewp est r\u00e9solue comme un outil indispensable, un imp\u00e9ratif imp\u00e9rieux, pour toute entreprise astucieuse et exigeante aspirant \u00e0 prot\u00e9ger le caract\u00e8re sacr\u00e9 et l&rsquo;int\u00e9grit\u00e9 de leur programme d&rsquo;affiliation, garantissant que leurs affili\u00e9s propagent avec ferveur leurs produits ou services d&rsquo;une mani\u00e8re qui, selon les affili\u00e9s, propage avec ferveur leurs produits ou services de mani\u00e8re est sans \u00e9quivoque \u00e9thique, fond\u00e9 en principe et veracial.<\/p>\n<ul>\n<li>Emp\u00eache les transactions frauduleuses sur votre plateforme affili\u00e9ewp<\/li>\n<li>Utilise des algorithmes avanc\u00e9s et l&rsquo;apprentissage automatique pour d\u00e9tecter et pr\u00e9venir la fraude<\/li>\n<li>La surveillance en temps r\u00e9el garantit une d\u00e9tection et une action rapide contre une activit\u00e9 suspecte<\/li>\n<li>Les param\u00e8tres d&rsquo;\u00e9valuation des risques personnalisables vous permettent de d\u00e9finir des seuils en fonction des besoins de votre entreprise<\/li>\n<li>Liste noire automatique des utilisateurs frauduleux et des adresses IP pour \u00e9viter les futures tentatives<\/li>\n<li>Reportage complet et analyse pour vous aider \u00e0 surveiller vos efforts de pr\u00e9vention de la fraude<\/li>\n<li>L&rsquo;interface conviviale facilite la gestion et la configuration des param\u00e8tres<\/li>\n<li>Compatible avec les passerelles de paiement populaires et les programmes d&rsquo;affiliation<\/li>\n<li>Mises \u00e0 jour r\u00e9guli\u00e8res et support client pour assurer des performances et une efficacit\u00e9 optimales.<\/li>\n<\/ul>\n","protected":false},"excerpt":{"rendered":"<p>La pr\u00e9vention de la fraude affili\u00e9ewp, un outil extr\u00eamement puissant, appara\u00eet comme une force indomptable dans le blindage des entreprises en ligne contre les activit\u00e9s affili\u00e9es perfides. B\u00e9n\u00e9ficiant d&rsquo;algorithmes de d\u00e9tection de fraude de pointe et fournissant des rapports complets, ce plugin remarquable a \u00e9t\u00e9 m\u00e9ticuleusement con\u00e7u pour am\u00e9liorer la pr\u00e9cision du suivi des commissions d&rsquo;affiliation, att\u00e9nuant effectivement le p\u00e9ril des envois de fonds injustifi\u00e9s. Avec l&rsquo;assistance inestimable de la pr\u00e9vention de la fraude Affiliatewp, les \u00e9tablissements en ligne peuvent se d\u00e9lecter d&rsquo;un r\u00e9confort tranquille, en sachant que leur programme d&rsquo;affiliation reste imperm\u00e9able aux actes trompeurs.<\/p>\n","protected":false},"featured_media":146616,"comment_status":"open","ping_status":"open","template":"","meta":[],"product_brand":[2453],"product_cat":[1200,1182,1181],"product_tag":[1202],"class_list":{"0":"post-131289","1":"product","2":"type-product","3":"status-publish","4":"has-post-thumbnail","6":"product_brand-affiliate-wp","7":"product_cat-commercialisation","8":"product_cat-commerce-electronique-plugins","9":"product_cat-plugins","10":"product_tag-affiliate-wp","11":"member-discount","12":"discount-restricted","14":"first","15":"instock","16":"sale","17":"downloadable","18":"virtual","19":"sold-individually","20":"purchasable","21":"product-type-simple"},"_links":{"self":[{"href":"https:\/\/gpl-love.com\/fr\/wp-json\/wp\/v2\/product\/131289","targetHints":{"allow":["GET"]}}],"collection":[{"href":"https:\/\/gpl-love.com\/fr\/wp-json\/wp\/v2\/product"}],"about":[{"href":"https:\/\/gpl-love.com\/fr\/wp-json\/wp\/v2\/types\/product"}],"replies":[{"embeddable":true,"href":"https:\/\/gpl-love.com\/fr\/wp-json\/wp\/v2\/comments?post=131289"}],"wp:featuredmedia":[{"embeddable":true,"href":"https:\/\/gpl-love.com\/fr\/wp-json\/wp\/v2\/media\/146616"}],"wp:attachment":[{"href":"https:\/\/gpl-love.com\/fr\/wp-json\/wp\/v2\/media?parent=131289"}],"wp:term":[{"taxonomy":"product_brand","embeddable":true,"href":"https:\/\/gpl-love.com\/fr\/wp-json\/wp\/v2\/product_brand?post=131289"},{"taxonomy":"product_cat","embeddable":true,"href":"https:\/\/gpl-love.com\/fr\/wp-json\/wp\/v2\/product_cat?post=131289"},{"taxonomy":"product_tag","embeddable":true,"href":"https:\/\/gpl-love.com\/fr\/wp-json\/wp\/v2\/product_tag?post=131289"}],"curies":[{"name":"wp","href":"https:\/\/api.w.org\/{rel}","templated":true}]}}