{"id":131287,"date":"2023-01-22T00:00:00","date_gmt":"2023-01-21T23:00:00","guid":{"rendered":"https:\/\/gpl-love.com\/fr\/produit\/affiliatewp-starting-affiliate-id\/"},"modified":"2026-03-20T23:56:46","modified_gmt":"2026-03-20T22:56:46","slug":"affiliatewp-starting-affiliate-id","status":"publish","type":"product","link":"https:\/\/gpl-love.com\/fr\/produit\/affiliatewp-starting-affiliate-id\/","title":{"rendered":"AffiliateWP Starting Affiliate ID 1.2"},"content":{"rendered":"<h3>AffiliateWP Starting Affiliate ID Traits<\/h3>\n<p>L&rsquo;ID Affiliatewp Start Affiliate est un outil extr\u00eamement puissant qui a \u00e9t\u00e9 m\u00e9ticuleusement con\u00e7u pour faciliter l&rsquo;expansion de votre programme de marketing d&rsquo;affiliation. Ce logiciel remarquable vous permet de suivre et de g\u00e9rer efficacement les activit\u00e9s de vos affili\u00e9s, vous permettant ainsi de surveiller vigilant leurs performances et de les r\u00e9mun\u00e9rer d\u00fbment pour leurs efforts incessants. En fournissant \u00e0 vos affili\u00e9s des num\u00e9ros d&rsquo;identification distinctifs, vous pouvez d\u00e9terminer sans \u00e9quivoque qu&rsquo;ils sont identifi\u00e9s avec pr\u00e9cision et d\u00fbment reconnus pour les ventes louables qu&rsquo;ils g\u00e9n\u00e8rent. De plus, ce logiciel est exceptionnellement convivial, avec une interface intuitivement con\u00e7ue qui simplifie non seulement le processus de configuration de votre programme, mais vous permet \u00e9galement de le personnaliser parfaitement en fonction de vos exigences uniques. Que vous soyez un n\u00e9ophyte dans le domaine du marketing d&rsquo;affiliation ou que vous aspirez \u00e0 \u00e9lever votre programme \u00e0 des hauteurs sans pr\u00e9c\u00e9dent, il est imp\u00e9ratif que vous reconnaissiez l&rsquo;indispensabilit\u00e9 de l&rsquo;affiliatewp de d\u00e9marrage de l&rsquo;identification d&rsquo;affiliation, car c&rsquo;est un outil indispensable qui a le potentiel de paver Le chemin vers votre triomphe retentissant.<\/p>\n<ul>\n<li>Processus de configuration facile et rapide pour le suivi des affili\u00e9s<\/li>\n<li>Fournit un suivi et un rapport pr\u00e9cis des ventes d&rsquo;affiliation<\/li>\n<li>Permet la personnalisation des taux de commission et des m\u00e9thodes de paiement<\/li>\n<li>S&rsquo;int\u00e8gre \u00e0 des plateformes de paiement populaires telles que PayPal et Stripe<\/li>\n<li>Fournit un tableau de bord intuitif aux affili\u00e9s pour suivre leurs gains et progr\u00e8s<\/li>\n<li>Offre une vari\u00e9t\u00e9 d&rsquo;outils de marketing pour aider les affili\u00e9s \u00e0 promouvoir vos produits ou services<\/li>\n<li>Fournit des mesures de protection contre la fraude pour garantir des commissions de filiales \u00e9quitables<\/li>\n<li>Offre le support client et les ressources pour les commer\u00e7ants et les affili\u00e9s.<\/li>\n<\/ul>\n","protected":false},"excerpt":{"rendered":"<p>L&rsquo;ID d&rsquo;affiliation Affiliatewp Starting est un outil tr\u00e8s crucial et indispensable qui facilite la gestion efficace de votre programme de marketing d&rsquo;affiliation. En utilisant cette contribution, vous \u00eates autoris\u00e9 \u00e0 surveiller et \u00e0 discerner sans effort o\u00f9 se trouve vos affili\u00e9s, \u00e0 maintenir un syst\u00e8me bien structur\u00e9 pour leur cat\u00e9gorisation et \u00e0 \u00e9valuer leurs performances. De plus, la fourniture de rapports pr\u00e9cis et d&rsquo;analyse compl\u00e8te vous offre les ressources n\u00e9cessaires pour maximiser l&rsquo;efficacit\u00e9 de votre programme et \u00e9lever votre g\u00e9n\u00e9ration de revenus. Ne perdez pas de temps et lancez ce voyage aujourd&rsquo;hui, car les r\u00e9sultats tangibles sont pr\u00eats \u00e0 vous \u00e9tonner!<\/p>\n","protected":false},"featured_media":146615,"comment_status":"open","ping_status":"open","template":"","meta":[],"product_brand":[2453],"product_cat":[1200,1182,1181],"product_tag":[1202],"class_list":{"0":"post-131287","1":"product","2":"type-product","3":"status-publish","4":"has-post-thumbnail","6":"product_brand-affiliate-wp","7":"product_cat-commercialisation","8":"product_cat-commerce-electronique-plugins","9":"product_cat-plugins","10":"product_tag-affiliate-wp","11":"member-discount","12":"discount-restricted","14":"first","15":"instock","16":"sale","17":"downloadable","18":"virtual","19":"sold-individually","20":"purchasable","21":"product-type-simple"},"_links":{"self":[{"href":"https:\/\/gpl-love.com\/fr\/wp-json\/wp\/v2\/product\/131287","targetHints":{"allow":["GET"]}}],"collection":[{"href":"https:\/\/gpl-love.com\/fr\/wp-json\/wp\/v2\/product"}],"about":[{"href":"https:\/\/gpl-love.com\/fr\/wp-json\/wp\/v2\/types\/product"}],"replies":[{"embeddable":true,"href":"https:\/\/gpl-love.com\/fr\/wp-json\/wp\/v2\/comments?post=131287"}],"wp:featuredmedia":[{"embeddable":true,"href":"https:\/\/gpl-love.com\/fr\/wp-json\/wp\/v2\/media\/146615"}],"wp:attachment":[{"href":"https:\/\/gpl-love.com\/fr\/wp-json\/wp\/v2\/media?parent=131287"}],"wp:term":[{"taxonomy":"product_brand","embeddable":true,"href":"https:\/\/gpl-love.com\/fr\/wp-json\/wp\/v2\/product_brand?post=131287"},{"taxonomy":"product_cat","embeddable":true,"href":"https:\/\/gpl-love.com\/fr\/wp-json\/wp\/v2\/product_cat?post=131287"},{"taxonomy":"product_tag","embeddable":true,"href":"https:\/\/gpl-love.com\/fr\/wp-json\/wp\/v2\/product_tag?post=131287"}],"curies":[{"name":"wp","href":"https:\/\/api.w.org\/{rel}","templated":true}]}}