{"id":131244,"date":"2026-04-16T00:00:00","date_gmt":"2026-04-15T22:00:00","guid":{"rendered":"https:\/\/gpl-love.com\/fr\/produit\/product-catalog-feed-pro\/"},"modified":"2026-04-17T00:31:35","modified_gmt":"2026-04-16T22:31:35","slug":"product-catalog-feed-pro","status":"publish","type":"product","link":"https:\/\/gpl-love.com\/fr\/produit\/product-catalog-feed-pro\/","title":{"rendered":"Product Catalog Feed Pro 5.8.2"},"content":{"rendered":"<h3>Product Catalog Feed Pro Traits<\/h3>\n<p>Product Catalog Feed Pro est un outil incroyablement robuste et sophistiqu\u00e9 qui a \u00e9t\u00e9 sp\u00e9cialement con\u00e7u pour offrir aux entreprises la possibilit\u00e9 de cr\u00e9er et de g\u00e9rer efficacement les flux de produits de haut niveau. Ce logiciel exceptionnel permet aux utilisateurs d&rsquo;importer et d&rsquo;exporter de mani\u00e8re transparente des donn\u00e9es \u00e0 partir d&rsquo;un large \u00e9ventail de sources diverses, telles que les fichiers CSV, les feuilles Google et les plates-formes de commerce \u00e9lectronique pro\u00e9minentes comme Shopify et WooCommerce. En outre, cet outil remarquable permet \u00e9galement aux utilisateurs de cartographier de mani\u00e8re experte leurs donn\u00e9es pr\u00e9cieuses pour s&rsquo;aligner parfaitement sur les exigences sp\u00e9cifiques de divers canaux publicitaires influents, y compris des plates-formes estim\u00e9es comme Google Shopping et les publicit\u00e9s Facebook. Ce qui distingue vraiment le Feed Catalog Feed Pro de ses concurrents, c&rsquo;est sa capacit\u00e9 remarquable \u00e0 planifier de mani\u00e8re transparente les mises \u00e0 jour automatiques tout en fournissant simultan\u00e9ment aux utilisateurs la capacit\u00e9 inestimable \u00e0 surveiller diligemment les performances de leur flux gr\u00e2ce \u00e0 des rapports tr\u00e8s d\u00e9taill\u00e9s. De plus, cette solution logicielle extraordinaire impressionne davantage avec son niveau impressionnant d&rsquo;options de personnalisation, offrant aux utilisateurs la possibilit\u00e9 de regrouper et de filtrer sans effort des produits, d&rsquo;int\u00e9grer de mani\u00e8re transparente des champs et des \u00e9tiquettes personnalis\u00e9s, et m\u00eame de g\u00e9n\u00e9rer des r\u00e8gles de tarification dynamiques. En fin de compte, l&rsquo;objectif central ind\u00e9niable de Product Catalog Feed Pro est de rationaliser irr\u00e9futablement le processus souvent complexe et long de la gestion et de l&rsquo;optimisation des flux de produits, ce qui entra\u00eene une pr\u00e9sence en ligne remarquablement am\u00e9lior\u00e9e et, plus important encore, une augmentation notable des ventes et des revenus pour votre entreprise estim\u00e9e.<\/p>\n<ul>\n<li>Rationalise le processus de cr\u00e9ation et de maintien d&rsquo;un flux de catalogue de produits<\/li>\n<li>Synchronise automatiquement avec votre plateforme de commerce \u00e9lectronique pour garantir des informations de produit pr\u00e9cises et \u00e0 jour<\/li>\n<li>Les champs personnalisables permettent aux flux sur mesure pour r\u00e9pondre aux besoins de publicit\u00e9 ou de marketing sp\u00e9cifiques<\/li>\n<li>Prend en charge plusieurs formats de fichiers, notamment CSV, XML et JSON<\/li>\n<li>G\u00e9n\u00e8re un flux organis\u00e9 convivial et organis\u00e9 pour une int\u00e9gration facile avec divers canaux publicitaires tels que Google Shopping, Facebook Ads et Amazon<\/li>\n<li>Fournit une r\u00e9troaction en temps r\u00e9el sur les performances des aliments, permettant des ajustements rapides et des optimisations<\/li>\n<li>R\u00e9duit l&rsquo;erreur humaine et le temps consacr\u00e9 aux mises \u00e0 jour manuelles des flux, lib\u00e9rant des ressources pour d&rsquo;autres t\u00e2ches importantes<\/li>\n<li>Options de prix flexibles pour adapter les entreprises de toutes tailles et besoins.<\/li>\n<\/ul>\n","protected":false},"excerpt":{"rendered":"<p>Le produit Catalog Feed Pro est un outil incroyablement robuste et puissant qui a \u00e9t\u00e9 sp\u00e9cialement con\u00e7u pour offrir aux entreprises la possibilit\u00e9 de g\u00e9rer et de g\u00e9rer efficacement leurs vastes catalogues de produits. En utilisant ce logiciel exceptionnel, les utilisateurs sont en mesure de g\u00e9n\u00e9rer, de modifier, de modifier et d&rsquo;exporter sans effort leurs listes de produits vers une multitude de march\u00e9s et de sites Web divers, ce qui entra\u00eene une \u00e9conomie importante du temps et des efforts. De plus, le produit Catalog Feed Pro poss\u00e8de une vaste gamme de fonctionnalit\u00e9s tr\u00e8s avanc\u00e9es, y compris, mais sans s&rsquo;y limiter, les mappages automatiques, un assortiment d&rsquo;options de filtrage avanc\u00e9es, une int\u00e9gration transparente avec des plateformes de commerce \u00e9lectronique tr\u00e8s populaires, ainsi que la capacit\u00e9 remarquable de synchronisation en temps r\u00e9el . Peu importe que l&rsquo;on soit charg\u00e9 de la gestion d&rsquo;une boutique en ligne relativement modeste ou d&rsquo;une op\u00e9ration commerciale consid\u00e9rablement \u00e0 grande \u00e9chelle, la commodit\u00e9 et l&rsquo;efficacit\u00e9 in\u00e9gal\u00e9es fournies par le Feed Pro Product Feed Pro garantissent que la tenue des clients appr\u00e9ci\u00e9s et la croissance consid\u00e9rable des ventes est une croissance des ventes est une Efforcez-vous \u00e0 la fois rationalis\u00e9 et simplifi\u00e9.<\/p>\n","protected":false},"featured_media":146613,"comment_status":"open","ping_status":"open","template":"","meta":[],"product_brand":[2627],"product_cat":[1207,1181,1186],"product_tag":[1327],"class_list":{"0":"post-131244","1":"product","2":"type-product","3":"status-publish","4":"has-post-thumbnail","6":"product_brand-pixelyoursite","7":"product_cat-commercialisation-wordpress-plugins","8":"product_cat-plugins","9":"product_cat-wordpress-plugins","10":"product_tag-pixelyoursite","11":"member-discount","12":"discount-restricted","14":"first","15":"instock","16":"sale","17":"downloadable","18":"virtual","19":"sold-individually","20":"purchasable","21":"product-type-simple"},"_links":{"self":[{"href":"https:\/\/gpl-love.com\/fr\/wp-json\/wp\/v2\/product\/131244","targetHints":{"allow":["GET"]}}],"collection":[{"href":"https:\/\/gpl-love.com\/fr\/wp-json\/wp\/v2\/product"}],"about":[{"href":"https:\/\/gpl-love.com\/fr\/wp-json\/wp\/v2\/types\/product"}],"replies":[{"embeddable":true,"href":"https:\/\/gpl-love.com\/fr\/wp-json\/wp\/v2\/comments?post=131244"}],"wp:featuredmedia":[{"embeddable":true,"href":"https:\/\/gpl-love.com\/fr\/wp-json\/wp\/v2\/media\/146613"}],"wp:attachment":[{"href":"https:\/\/gpl-love.com\/fr\/wp-json\/wp\/v2\/media?parent=131244"}],"wp:term":[{"taxonomy":"product_brand","embeddable":true,"href":"https:\/\/gpl-love.com\/fr\/wp-json\/wp\/v2\/product_brand?post=131244"},{"taxonomy":"product_cat","embeddable":true,"href":"https:\/\/gpl-love.com\/fr\/wp-json\/wp\/v2\/product_cat?post=131244"},{"taxonomy":"product_tag","embeddable":true,"href":"https:\/\/gpl-love.com\/fr\/wp-json\/wp\/v2\/product_tag?post=131244"}],"curies":[{"name":"wp","href":"https:\/\/api.w.org\/{rel}","templated":true}]}}