{"id":131136,"date":"2025-01-07T00:00:00","date_gmt":"2025-01-06T23:00:00","guid":{"rendered":"https:\/\/gpl-love.com\/fr\/produit\/tutorgo-education-theme\/"},"modified":"2026-03-20T23:56:42","modified_gmt":"2026-03-20T22:56:42","slug":"tutorgo-education-theme","status":"publish","type":"product","link":"https:\/\/gpl-love.com\/fr\/produit\/tutorgo-education-theme\/","title":{"rendered":"Tutorgo Education Theme 1.0.2"},"content":{"rendered":"<h3>Tutorgo Education Theme Traits<\/h3>\n<p>Le th\u00e8me de l&rsquo;\u00e9ducation Tutorgo se pr\u00e9sente comme un outil exceptionnellement robuste et adaptable, sp\u00e9cifiquement con\u00e7u pour r\u00e9pondre aux exigences des \u00e9ducateurs, des tuteurs et des \u00e9tablissements d&rsquo;enseignement cherchant \u00e0 pr\u00e9senter leurs cours et services avec le plus grand professionnalisme. Son design vierge et contemporain sert de base \u00e0 une multitude d&rsquo;options personnalis\u00e9es, permettant la cr\u00e9ation d&rsquo;une pr\u00e9sence en ligne in\u00e9gal\u00e9e. De plus, le th\u00e8me poss\u00e8de une r\u00e9activit\u00e9 compl\u00e8te, garantissant que votre site Web d\u00e9gagera de l&rsquo;excellence quel que soit l&rsquo;appareil \u00e0 partir de laquelle il est accessible. Ainsi, que vous aspiriez \u00e0 renforcer vos services de tutorat ou \u00e0 vous lancer dans le parcours de lancement d&rsquo;un cours en ligne, le th\u00e8me de l&rsquo;\u00e9ducation Tutorgo est la solution d\u00e9finitive.<\/p>\n<ul>\n<li>Th\u00e8me \u00e9ducatif complet pour WordPress<\/li>\n<li>Conception personnalisable avec plusieurs options de couleurs<\/li>\n<li>Caract\u00e9ristiques int\u00e9gr\u00e9es pour cr\u00e9er des cours en ligne et du mat\u00e9riel d&rsquo;apprentissage<\/li>\n<li>Int\u00e9gration avec des plugins populaires comme WooCommerce et LearnPress<\/li>\n<li>Page de page glisser-d\u00e9poser pour des personnalisations faciles<\/li>\n<li>Conception r\u00e9active mobile pour une visualisation optimale sur tous les \u00e9crans<\/li>\n<li>Code de r\u00e9f\u00e9rencement pour une am\u00e9lioration de la visibilit\u00e9 du moteur de recherche<\/li>\n<li>Compatibilit\u00e9 entre les navigateurs pour les performances transparentes sur toutes les plates-formes<\/li>\n<li>\u00c9quipe de support d\u00e9di\u00e9e disponible pour aider \u00e0 toute question ou probl\u00e8me<\/li>\n<li>Mises \u00e0 jour r\u00e9guli\u00e8res avec de nouvelles fonctionnalit\u00e9s et am\u00e9liorations pour garder le th\u00e8me \u00e0 jour et fonctionnel.<\/li>\n<\/ul>\n","protected":false},"excerpt":{"rendered":"<p>Le th\u00e8me de l&rsquo;\u00e9ducation Tutorgo est un th\u00e8me WordPress exceptionnellement flexible et convivial qui a \u00e9t\u00e9 sp\u00e9cifiquement con\u00e7u pour r\u00e9pondre aux besoins uniques des sites Web \u00e9ducatifs. Ce th\u00e8me poss\u00e8de un design \u00e9l\u00e9gant et contemporain qui pr\u00e9sente sans effort votre contenu pr\u00e9cieux de mani\u00e8re sophistiqu\u00e9e et professionnelle. De plus, il est livr\u00e9 avec une vari\u00e9t\u00e9 de mod\u00e8les pr\u00e9-con\u00e7us m\u00e9ticuleusement con\u00e7us qui ont \u00e9t\u00e9 soigneusement con\u00e7us pour r\u00e9pondre aux diverses exigences des \u00e9tablissements d&rsquo;enseignement tels que les universit\u00e9s, les cours en ligne, les \u00e9coles et les services de tutorat. De plus, le th\u00e8me de l&rsquo;\u00e9ducation Tutorgo englobe \u00e9galement une pl\u00e9thore de fonctionnalit\u00e9s essentielles qui sont essentielles pour \u00e9tablir une formidable pr\u00e9sence en ligne, y compris, mais sans s&rsquo;y limiter, des diaporamas personnalisables, une int\u00e9gration des m\u00e9dias sociaux sans faille et une conception exceptionnellement adaptative et r\u00e9active qui adapte de mani\u00e8re transparente \u00e0 un myriade de monria de dispositifs. Essentiellement, le th\u00e8me de l&rsquo;\u00e9ducation Tutorgo appara\u00eet sans aucun doute comme le choix d\u00e9finitif pour les \u00e9ducateurs qui aspirent \u00e0 laisser une impression durable dans le paysage num\u00e9rique en constante expansion.<\/p>\n","protected":false},"featured_media":146612,"comment_status":"open","ping_status":"open","template":"","meta":[],"product_brand":[2433],"product_cat":[1242,1212,1213],"product_tag":[1366],"class_list":{"0":"post-131136","1":"product","2":"type-product","3":"status-publish","4":"has-post-thumbnail","6":"product_brand-themeforest","7":"product_cat-creatif","8":"product_cat-themes","9":"product_cat-wordpress-themes","10":"product_tag-themeforest","11":"member-discount","12":"discount-restricted","14":"first","15":"instock","16":"sale","17":"downloadable","18":"virtual","19":"sold-individually","20":"purchasable","21":"product-type-simple"},"_links":{"self":[{"href":"https:\/\/gpl-love.com\/fr\/wp-json\/wp\/v2\/product\/131136","targetHints":{"allow":["GET"]}}],"collection":[{"href":"https:\/\/gpl-love.com\/fr\/wp-json\/wp\/v2\/product"}],"about":[{"href":"https:\/\/gpl-love.com\/fr\/wp-json\/wp\/v2\/types\/product"}],"replies":[{"embeddable":true,"href":"https:\/\/gpl-love.com\/fr\/wp-json\/wp\/v2\/comments?post=131136"}],"wp:featuredmedia":[{"embeddable":true,"href":"https:\/\/gpl-love.com\/fr\/wp-json\/wp\/v2\/media\/146612"}],"wp:attachment":[{"href":"https:\/\/gpl-love.com\/fr\/wp-json\/wp\/v2\/media?parent=131136"}],"wp:term":[{"taxonomy":"product_brand","embeddable":true,"href":"https:\/\/gpl-love.com\/fr\/wp-json\/wp\/v2\/product_brand?post=131136"},{"taxonomy":"product_cat","embeddable":true,"href":"https:\/\/gpl-love.com\/fr\/wp-json\/wp\/v2\/product_cat?post=131136"},{"taxonomy":"product_tag","embeddable":true,"href":"https:\/\/gpl-love.com\/fr\/wp-json\/wp\/v2\/product_tag?post=131136"}],"curies":[{"name":"wp","href":"https:\/\/api.w.org\/{rel}","templated":true}]}}