{"id":131134,"date":"2024-02-12T00:00:00","date_gmt":"2024-02-11T23:00:00","guid":{"rendered":"https:\/\/gpl-love.com\/fr\/produit\/auntri-industry-et-factory-theme\/"},"modified":"2026-03-20T23:56:41","modified_gmt":"2026-03-20T22:56:41","slug":"auntri-industry-et-factory-theme","status":"publish","type":"product","link":"https:\/\/gpl-love.com\/fr\/produit\/auntri-industry-et-factory-theme\/","title":{"rendered":"Auntri Industry et Factory Theme 1.0.4"},"content":{"rendered":"<h3>Auntri Industry et Factory Theme Traits<\/h3>\n<p>L&rsquo;industrie d&rsquo;Auntri et le th\u00e8me d&rsquo;usine, avec sa conception polyvalente et professionnelle, est un th\u00e8me WordPress qui vise \u00e0 aider les entreprises \u00e0 pr\u00e9senter efficacement leurs capacit\u00e9s industrielles et manufacturi\u00e8res. Ce th\u00e8me a \u00e9t\u00e9 m\u00e9ticuleusement con\u00e7u pour accentuer les forces et les actifs des usines, des usines de fabrication et d&rsquo;autres entreprises industrielles, avec une esth\u00e9tique \u00e9l\u00e9gante et moderne. Offrant une large gamme de fonctionnalit\u00e9s puissantes, telles que des dispositions personnalisables, plusieurs variations de page d&rsquo;accueil et des options de personnalisation avanc\u00e9es, l&rsquo;industrie d&rsquo;Auntri et le th\u00e8me d&rsquo;usine garantissent une pr\u00e9sence en ligne raffin\u00e9e et con\u00e7ue pour votre entreprise. Que votre objectif soit de montrer vos produits, de souligner vos services ou simplement d&rsquo;\u00e9tablir une pr\u00e9sence en ligne robuste, l&rsquo;industrie d&rsquo;Auntri et le th\u00e8me d&rsquo;usine sert de solution ultime pour les entreprises industrielles, quelle que soit leur \u00e9chelle.<\/p>\n<ul>\n<li>Industrie con\u00e7ue professionnellement et hautement personnalisable et th\u00e8me WordPress d&rsquo;usine<\/li>\n<li>Large gamme de pages et sections pr\u00e9d\u00e9finies pour pr\u00e9senter votre entreprise de fabrication, de production ou d&rsquo;ing\u00e9nierie<\/li>\n<li>Options de mise en page avanc\u00e9es de plusieurs mod\u00e8les d&rsquo;en-t\u00eate et de pied de page diff\u00e9rents et utilisez notre g\u00e9n\u00e9rateur de pages glisser-d\u00e9poser pour cr\u00e9er des dispositions de page personnalis\u00e9es uniques<\/li>\n<li>Caract\u00e9ristiques commerciales essentielles incluses, telles que les t\u00e9moignages, les tables de tarification, les profils des membres de l&rsquo;\u00e9quipe et les formulaires de contact fonctionnel<\/li>\n<li>Conception enti\u00e8rement r\u00e9active et adapt\u00e9e aux mobiles, garantissant que votre site a fi\u00e8re allure sur n&rsquo;importe quel appareil<\/li>\n<li>Panneau d&rsquo;options de th\u00e8me complet, vous permettant de contr\u00f4ler tous les aspects de la conception et de la fonctionnalit\u00e9 de votre site<\/li>\n<li>SEO optimis\u00e9 pour une meilleure visibilit\u00e9 et un classement des moteurs de recherche<\/li>\n<li>Livr\u00e9 avec plusieurs plugins WordPress premium pour une fonctionnalit\u00e9 \u00e9largie<\/li>\n<li>Construit sur des normes de codage modernes pour des performances plus rapides et optimis\u00e9es<\/li>\n<li>Support client d\u00e9di\u00e9 et mises \u00e0 jour de th\u00e8me r\u00e9guli\u00e8res<\/li>\n<\/ul>\n","protected":false},"excerpt":{"rendered":"<p>Le th\u00e8me de l&rsquo;industrie et de l&rsquo;usine d&rsquo;Auntri est un th\u00e8me WordPress extr\u00eamement con\u00e7u qui incarne une esth\u00e9tique sophistiqu\u00e9e et polie, m\u00e9ticuleusement adapt\u00e9e pour r\u00e9pondre aux besoins uniques des entreprises op\u00e9rant dans les domaines de fabrication et industriels. Son design d\u00e9gage un sentiment d&rsquo;\u00e9l\u00e9gance vierge, caract\u00e9ris\u00e9 par une disposition contemporaine qui m\u00e9lange de mani\u00e8re transparente la forme et la fonction. Ce th\u00e8me poss\u00e8de une gamme impressionnante d&rsquo;options personnalisables, offrant aux utilisateurs la possibilit\u00e9 de personnaliser leurs sections d&rsquo;en-t\u00eate et de pied de page en fonction de leurs pr\u00e9f\u00e9rences. De plus, sa polyvalence s&rsquo;\u00e9tend davantage, offrant des alternatives flexibles pour pr\u00e9senter des produits, des services et des membres de l&rsquo;\u00e9quipe. On ne peut pas ignorer le fait que l&rsquo;industrie d&rsquo;Auntri et le th\u00e8me d&rsquo;usine offre des fonctionnalit\u00e9s avanc\u00e9es destin\u00e9es \u00e0 optimiser les classements des moteurs de recherche, \u00e0 faciliter l&rsquo;int\u00e9gration transparente avec les plateformes de m\u00e9dias sociaux et \u00e0 garantir une adaptabilit\u00e9 impeccable sur divers appareils mobiles. En cons\u00e9quence, les entreprises industrielles exigeantes cherchant \u00e0 \u00e9tablir une pr\u00e9sence robuste et command\u00e9e en ligne trouveront sans aucun doute du r\u00e9confort dans ce th\u00e8me remarquable.<\/p>\n","protected":false},"featured_media":146611,"comment_status":"open","ping_status":"open","template":"","meta":[],"product_brand":[2433],"product_cat":[1516,1212,1213],"product_tag":[1366],"class_list":{"0":"post-131134","1":"product","2":"type-product","3":"status-publish","4":"has-post-thumbnail","6":"product_brand-themeforest","7":"product_cat-entreprise","8":"product_cat-themes","9":"product_cat-wordpress-themes","10":"product_tag-themeforest","11":"member-discount","12":"discount-restricted","14":"first","15":"instock","16":"sale","17":"downloadable","18":"virtual","19":"sold-individually","20":"purchasable","21":"product-type-simple"},"_links":{"self":[{"href":"https:\/\/gpl-love.com\/fr\/wp-json\/wp\/v2\/product\/131134","targetHints":{"allow":["GET"]}}],"collection":[{"href":"https:\/\/gpl-love.com\/fr\/wp-json\/wp\/v2\/product"}],"about":[{"href":"https:\/\/gpl-love.com\/fr\/wp-json\/wp\/v2\/types\/product"}],"replies":[{"embeddable":true,"href":"https:\/\/gpl-love.com\/fr\/wp-json\/wp\/v2\/comments?post=131134"}],"wp:featuredmedia":[{"embeddable":true,"href":"https:\/\/gpl-love.com\/fr\/wp-json\/wp\/v2\/media\/146611"}],"wp:attachment":[{"href":"https:\/\/gpl-love.com\/fr\/wp-json\/wp\/v2\/media?parent=131134"}],"wp:term":[{"taxonomy":"product_brand","embeddable":true,"href":"https:\/\/gpl-love.com\/fr\/wp-json\/wp\/v2\/product_brand?post=131134"},{"taxonomy":"product_cat","embeddable":true,"href":"https:\/\/gpl-love.com\/fr\/wp-json\/wp\/v2\/product_cat?post=131134"},{"taxonomy":"product_tag","embeddable":true,"href":"https:\/\/gpl-love.com\/fr\/wp-json\/wp\/v2\/product_tag?post=131134"}],"curies":[{"name":"wp","href":"https:\/\/api.w.org\/{rel}","templated":true}]}}