{"id":131095,"date":"2024-11-18T00:00:00","date_gmt":"2024-11-17T23:00:00","guid":{"rendered":"https:\/\/gpl-love.com\/fr\/produit\/waretech-it-solutions-et-technology-theme\/"},"modified":"2026-03-20T23:56:40","modified_gmt":"2026-03-20T22:56:40","slug":"waretech-it-solutions-et-technology-theme","status":"publish","type":"product","link":"https:\/\/gpl-love.com\/fr\/produit\/waretech-it-solutions-et-technology-theme\/","title":{"rendered":"Waretech IT Solutions et Technology Theme 1.0.9"},"content":{"rendered":"<h3>Waretech IT Solutions et Technology Theme Traits<\/h3>\n<p>Le th\u00e8me des solutions et technologies informatiques de Waretech est un produit exceptionnel qui a \u00e9t\u00e9 m\u00e9ticuleusement con\u00e7u pour r\u00e9pondre aux besoins et aux exigences des entreprises, leur permettant de montrer efficacement leurs prouesses dans le domaine de la technologie. Exposant une conception sophistiqu\u00e9e et de pointe, ce th\u00e8me est fait sur mesure pour les entreprises op\u00e9rant au sein de l&rsquo;industrie informatique, offrant une vaste gamme de fonctionnalit\u00e9s qui garantissent une pr\u00e9sence en ligne remarquable et professionnelle. Remarquablement polyvalent, ce th\u00e8me poss\u00e8de une abondance d&rsquo;options personnalisables, englobant un assortiment de choix pour les logos, les sch\u00e9mas de couleurs et les dispositions. De plus, il a \u00e9t\u00e9 optimis\u00e9 avec diligence pour r\u00e9pondre aux exigences des algorithmes de moteur de recherche, garantissant ainsi que votre entreprise assure sans effort la visibilit\u00e9 et la pro\u00e9minence parmi les clients potentiels. En adoptant ce th\u00e8me, vous pouvez cr\u00e9er sans effort un site Web visuellement captivant qui capture et d\u00e9peint bien la dext\u00e9rit\u00e9, les prouesses et l&rsquo;expertise de votre organisation dans le vaste domaine de la technologie.<\/p>\n<ul>\n<li>Design professionnel et \u00e9l\u00e9gant parfait pour pr\u00e9senter des solutions informatiques et des services technologiques<\/li>\n<li>Les options de mise en page et de couleurs enti\u00e8rement personnalisables permettent une marque personnalis\u00e9e<\/li>\n<li>Optimis\u00e9 pour tous les appareils, y compris la r\u00e9activit\u00e9 mobile pour une visualisation en d\u00e9placement<\/li>\n<li>Navigation intuitive et fonctionnalit\u00e9s conviviales pour une exp\u00e9rience utilisateur am\u00e9lior\u00e9e<\/li>\n<li>Comprend des pages pr\u00e9-construites pour les services de pr\u00e9sentation, les membres de l&rsquo;\u00e9quipe et les t\u00e9moignages<\/li>\n<li>S&rsquo;int\u00e8gre aux plugins et outils populaires, tels que les constructeurs de pages et les flux de m\u00e9dias sociaux<\/li>\n<li>Construit avec un code propre et efficace pour un chargement rapide et des performances de r\u00e9f\u00e9rencement optimales<\/li>\n<li>Comprend une documentation d\u00e9taill\u00e9e et une prise en charge des experts pour une configuration et une personnalisation faciles<\/li>\n<li>Mises \u00e0 jour r\u00e9guli\u00e8res et am\u00e9liorations pour assurer une fonctionnalit\u00e9 et une compatibilit\u00e9 continues avec les nouvelles technologies<\/li>\n<li>Compatible avec les principaux navigateurs pour une visibilit\u00e9 et une accessibilit\u00e9 am\u00e9lior\u00e9es sur plusieurs plates-formes.<\/li>\n<\/ul>\n","protected":false},"excerpt":{"rendered":"<p>Le th\u00e8me des solutions et technologies IT de Waretech est un mod\u00e8le de site Web d\u00e9licieusement con\u00e7u et contemporain m\u00e9ticuleusement adapt\u00e9 pour s&rsquo;adresser sp\u00e9cifiquement aux entreprises op\u00e9rant au sein de l&rsquo;industrie de la technologie. Il poss\u00e8de une conception visuellement apaisante et polie qui accentue efficacement les prouesses de vos produits et services \u00e0 travers ses menus et sections navigables sans effort. Ce th\u00e8me vous offre un niveau de personnalisation in\u00e9gal\u00e9, vous permettant de le personnaliser en fonction de l&rsquo;identit\u00e9 unique de votre marque en mettant en \u0153uvre votre palette de couleurs, vos polices et les graphiques souhait\u00e9s. De plus, gr\u00e2ce \u00e0 sa conception r\u00e9active, votre site Web s&rsquo;adaptera sans effort \u00e0 n&rsquo;importe quel appareil, que ce soit un ordinateur de bureau conventionnel, une tablette \u00e9l\u00e9gante ou un smartphone de pointe. \u00c9levez votre pr\u00e9sence en ligne et am\u00e9liorez votre empreinte num\u00e9rique en adoptant le th\u00e8me des solutions et technologies informatiques de Waretech.<\/p>\n","protected":false},"featured_media":146609,"comment_status":"open","ping_status":"open","template":"","meta":[],"product_brand":[2433],"product_cat":[1516,1212,1213],"product_tag":[1366],"class_list":{"0":"post-131095","1":"product","2":"type-product","3":"status-publish","4":"has-post-thumbnail","6":"product_brand-themeforest","7":"product_cat-entreprise","8":"product_cat-themes","9":"product_cat-wordpress-themes","10":"product_tag-themeforest","11":"member-discount","12":"discount-restricted","14":"first","15":"instock","16":"sale","17":"downloadable","18":"virtual","19":"sold-individually","20":"purchasable","21":"product-type-simple"},"_links":{"self":[{"href":"https:\/\/gpl-love.com\/fr\/wp-json\/wp\/v2\/product\/131095","targetHints":{"allow":["GET"]}}],"collection":[{"href":"https:\/\/gpl-love.com\/fr\/wp-json\/wp\/v2\/product"}],"about":[{"href":"https:\/\/gpl-love.com\/fr\/wp-json\/wp\/v2\/types\/product"}],"replies":[{"embeddable":true,"href":"https:\/\/gpl-love.com\/fr\/wp-json\/wp\/v2\/comments?post=131095"}],"wp:featuredmedia":[{"embeddable":true,"href":"https:\/\/gpl-love.com\/fr\/wp-json\/wp\/v2\/media\/146609"}],"wp:attachment":[{"href":"https:\/\/gpl-love.com\/fr\/wp-json\/wp\/v2\/media?parent=131095"}],"wp:term":[{"taxonomy":"product_brand","embeddable":true,"href":"https:\/\/gpl-love.com\/fr\/wp-json\/wp\/v2\/product_brand?post=131095"},{"taxonomy":"product_cat","embeddable":true,"href":"https:\/\/gpl-love.com\/fr\/wp-json\/wp\/v2\/product_cat?post=131095"},{"taxonomy":"product_tag","embeddable":true,"href":"https:\/\/gpl-love.com\/fr\/wp-json\/wp\/v2\/product_tag?post=131095"}],"curies":[{"name":"wp","href":"https:\/\/api.w.org\/{rel}","templated":true}]}}