{"id":131093,"date":"2023-03-19T00:00:00","date_gmt":"2023-03-18T23:00:00","guid":{"rendered":"https:\/\/gpl-love.com\/fr\/produit\/edumart-education-theme\/"},"modified":"2026-03-20T23:56:39","modified_gmt":"2026-03-20T22:56:39","slug":"edumart-education-theme","status":"publish","type":"product","link":"https:\/\/gpl-love.com\/fr\/produit\/edumart-education-theme\/","title":{"rendered":"Edumart Education Theme 1.0"},"content":{"rendered":"<h3>Edumart Education Theme Traits<\/h3>\n<p>Le th\u00e8me Edumart Education, un th\u00e8me WordPress, m\u00e9ticuleusement con\u00e7u dans le but de servir des \u00e9tablissements d&rsquo;enseignement tels que les \u00e9coles, les universit\u00e9s et les cours en ligne, poss\u00e8de une gamme de fonctionnalit\u00e9s impeccables qui facilitent sans effort le mat\u00e9riel de cours, les horaires et les donn\u00e9es \u00e9tudiants pour les \u00e9ducateurs et administrateurs. Ce th\u00e8me pr\u00e9sente un design \u00e9l\u00e9gant et contemporain pleinement r\u00e9actif, garantissant une apparence esth\u00e9tiquement agr\u00e9able sur n&rsquo;importe quel appareil \u00e9lectronique. De plus, il comprend des sch\u00e9mas de couleurs personnalisables, des mod\u00e8les de page et un constructeur de pages glisser-d\u00e9poser, permettant la cr\u00e9ation de dispositions de page distinctes sans avoir besoin d&rsquo;une expertise de codage. Avec son interface conviviale et ses fonctionnalit\u00e9s robustes, le th\u00e8me Edumart Education sert de s\u00e9lection optimale pour ceux qui cherchent \u00e0 fa\u00e7onner un site Web professionnel et percutant pour leur \u00e9tablissement d&rsquo;enseignement estim\u00e9.<\/p>\n<ul>\n<li>Th\u00e8me d&rsquo;\u00e9ducation premium con\u00e7u pour les \u00e9tablissements d&rsquo;enseignement, les sites Web d&rsquo;apprentissage en ligne et de tutorat<\/li>\n<li>La conception r\u00e9active garantit que le th\u00e8me a fi\u00e8re allure sur tous les appareils<\/li>\n<li>Hory personnalisable, avec une large gamme d&rsquo;options pour les sch\u00e9mas de couleurs, les choix de polices et les styles de mise en page<\/li>\n<li>Livr\u00e9 avec des mod\u00e8les de page pr\u00e9d\u00e9finis pour la page d&rsquo;accueil, les cours, les \u00e9v\u00e9nements, les galeries, et plus<\/li>\n<li>La fonction de recherche avanc\u00e9e permet aux utilisateurs de trouver facilement les cours ou les informations dont ils ont besoin<\/li>\n<li>Le syst\u00e8me de r\u00e9servation int\u00e9gr\u00e9 permet aux utilisateurs de s&rsquo;inscrire facilement \u00e0 des cours ou des \u00e9v\u00e9nements<\/li>\n<li>Soutient plusieurs langues, ce qui en fait un excellent choix pour les \u00e9coles et les institutions avec diverses populations d&rsquo;\u00e9tudiants<\/li>\n<li>Facile \u00e0 utiliser et \u00e0 maintenir, avec une documentation claire et un soutien d\u00e9di\u00e9 de l&rsquo;\u00e9quipe EduMart<\/li>\n<li>Compatible avec une large gamme de plugins, notamment WooCommerce, MailChimp, et plus<\/li>\n<li>Les mises \u00e0 jour et les am\u00e9liorations r\u00e9guli\u00e8res garantissent que le th\u00e8me reste \u00e0 jour avec les derni\u00e8res tendances de conception Web et les meilleures pratiques.<\/li>\n<\/ul>\n","protected":false},"excerpt":{"rendered":"<p>Nous sommes ravis de pr\u00e9senter le th\u00e8me Edumart Education, une option exceptionnelle pour les \u00e9tablissements d&rsquo;enseignement cherchant \u00e0 d\u00e9velopper un site Web \u00e0 la fois sophistiqu\u00e9 et captivant. L&rsquo;interface de ce th\u00e8me est con\u00e7ue pour \u00eatre conviviale, permettant une exp\u00e9rience transparente de personnalisation et fournissant une multitude de fonctionnalit\u00e9s robustes. Le th\u00e8me Edumart Education comprend tous les \u00e9l\u00e9ments n\u00e9cessaires pour mettre en \u00e9vidence efficacement votre \u00e9cole ou votre organisation, y compris la possibilit\u00e9 de pr\u00e9senter sans effort les listes de cours, les profils de professeurs, les t\u00e9moignages d&rsquo;\u00e9tudiants et bien plus encore. De plus, sa conception r\u00e9active garantit que votre site Web maintient une apparence impressionnante sur tous les types d&rsquo;appareils. \u00c9levez votre site Web d&rsquo;\u00e9ducation \u00e0 de nouveaux sommets en mettant en \u0153uvre le th\u00e8me Edumart Education.<\/p>\n","protected":false},"featured_media":146608,"comment_status":"open","ping_status":"open","template":"","meta":[],"product_brand":[2433],"product_cat":[1242,1212,1213],"product_tag":[1366],"class_list":{"0":"post-131093","1":"product","2":"type-product","3":"status-publish","4":"has-post-thumbnail","6":"product_brand-themeforest","7":"product_cat-creatif","8":"product_cat-themes","9":"product_cat-wordpress-themes","10":"product_tag-themeforest","11":"member-discount","12":"discount-restricted","14":"first","15":"instock","16":"sale","17":"downloadable","18":"virtual","19":"sold-individually","20":"purchasable","21":"product-type-simple"},"_links":{"self":[{"href":"https:\/\/gpl-love.com\/fr\/wp-json\/wp\/v2\/product\/131093","targetHints":{"allow":["GET"]}}],"collection":[{"href":"https:\/\/gpl-love.com\/fr\/wp-json\/wp\/v2\/product"}],"about":[{"href":"https:\/\/gpl-love.com\/fr\/wp-json\/wp\/v2\/types\/product"}],"replies":[{"embeddable":true,"href":"https:\/\/gpl-love.com\/fr\/wp-json\/wp\/v2\/comments?post=131093"}],"wp:featuredmedia":[{"embeddable":true,"href":"https:\/\/gpl-love.com\/fr\/wp-json\/wp\/v2\/media\/146608"}],"wp:attachment":[{"href":"https:\/\/gpl-love.com\/fr\/wp-json\/wp\/v2\/media?parent=131093"}],"wp:term":[{"taxonomy":"product_brand","embeddable":true,"href":"https:\/\/gpl-love.com\/fr\/wp-json\/wp\/v2\/product_brand?post=131093"},{"taxonomy":"product_cat","embeddable":true,"href":"https:\/\/gpl-love.com\/fr\/wp-json\/wp\/v2\/product_cat?post=131093"},{"taxonomy":"product_tag","embeddable":true,"href":"https:\/\/gpl-love.com\/fr\/wp-json\/wp\/v2\/product_tag?post=131093"}],"curies":[{"name":"wp","href":"https:\/\/api.w.org\/{rel}","templated":true}]}}