{"id":131091,"date":"2024-12-02T00:00:00","date_gmt":"2024-12-01T23:00:00","guid":{"rendered":"https:\/\/gpl-love.com\/fr\/produit\/marja-fashion-woocommerce-theme\/"},"modified":"2026-03-20T23:56:38","modified_gmt":"2026-03-20T22:56:38","slug":"marja-fashion-woocommerce-theme","status":"publish","type":"product","link":"https:\/\/gpl-love.com\/fr\/produit\/marja-fashion-woocommerce-theme\/","title":{"rendered":"Marja Fashion WooCommerce Theme 1.0.4"},"content":{"rendered":"<h3>Marja Fashion WooCommerce Theme Traits<\/h3>\n<p>Le th\u00e8me Marja Fashion WooCommerce, avec son design \u00e9l\u00e9gant et contemporain, offre aux d\u00e9taillants de mode une plate-forme de commerce \u00e9lectronique remarquable qui am\u00e9liore remarquablement l&rsquo;exp\u00e9rience d&rsquo;achat. Ce th\u00e8me exceptionnel a \u00e9t\u00e9 m\u00e9ticuleusement optimis\u00e9 pour WooCommerce, le rendant sans effort personnalisable et g\u00e9rable sans effort pour votre boutique en ligne. B\u00e9n\u00e9ficiant d&rsquo;une disposition immacul\u00e9e et captivante, la mode Marja s&rsquo;av\u00e8re \u00eatre la solution ultime pour montrer vos produits et optimiser les ventes. Ses nombreuses fonctionnalit\u00e9s, telles que sa conception tr\u00e8s r\u00e9active, les capacit\u00e9s de filtrage des produits avanc\u00e9es, la fonctionnalit\u00e9 de vue rapide des produits pratiques, et plus encore, contribuent en outre \u00e0 son attrait. De plus, le th\u00e8me permet une personnalisation compl\u00e8te, vous offrant la possibilit\u00e9 d&rsquo;adapter votre site Web pour refl\u00e9ter impeccablement le style distinctif de votre marque. Fostialement, la mode Marja se r\u00e9v\u00e8le \u00eatre un choix impeccable pour les entrepreneurs de mode exigeants cherchant \u00e0 transcender les limites de leur entreprise de mode en ligne.<\/p>\n<ul>\n<li>Conception personnalisable et r\u00e9active<\/li>\n<li>Construit sp\u00e9cifiquement pour WooCommerce<\/li>\n<li>Facile \u00e0 installer et \u00e0 utiliser<\/li>\n<li>Comprend des mod\u00e8les pr\u00e9d\u00e9finis et du contenu de d\u00e9monstration<\/li>\n<li>Documentation et soutien approfondis<\/li>\n<li>Options de partage des m\u00e9dias sociaux int\u00e9gr\u00e9s<\/li>\n<li>Options de recherche et de filtrage intuitives<\/li>\n<li>Options de disposition multiples pour la page d&rsquo;accueil et les pages de produits<\/li>\n<li>Plusieurs options de jeu de couleurs<\/li>\n<li>Compatible avec les extensions populaires de WooCommerce.<\/li>\n<\/ul>\n","protected":false},"excerpt":{"rendered":"<p>Le th\u00e8me de Marja Fashion WooCommerce est un th\u00e8me exceptionnellement contemporain et exquis qui s&rsquo;adresse sp\u00e9cifiquement aux sites Web de mode et de v\u00eatements. Il poss\u00e8de une interface remarquablement polie et esth\u00e9tique, remplie de dispositions tr\u00e8s r\u00e9actives et enti\u00e8rement personnalisables qui contribueront sans aucun doute \u00e0 la cr\u00e9ation d&rsquo;une boutique en ligne visuellement frappante et exceptionnellement impressionnante. Les pages pr\u00e9install\u00e9es du th\u00e8me, qui comprennent une vaste gamme de cat\u00e9gories telles que les produits, les blogs, etc. sophistiqu\u00e9. De plus, avec sa gamme pratiquement illimit\u00e9e de sch\u00e9mas de couleurs et de s\u00e9lections de polices, le th\u00e8me WooCommerce de Marja Fashion permet une personnalisation transparente de l&rsquo;identit\u00e9 visuelle de votre site Web \u00e0 s&rsquo;aligner parfaitement avec votre marque. Embrassez le potentiel extraordinaire du th\u00e8me WooCommerce de la mode Marja aujourd&rsquo;hui et assistez \u00e0 l&rsquo;am\u00e9lioration sans \u00e9quivoque de votre pr\u00e9sence en ligne!<\/p>\n","protected":false},"featured_media":146607,"comment_status":"open","ping_status":"open","template":"","meta":[],"product_brand":[2433],"product_cat":[1238,1851,1212],"product_tag":[1366],"class_list":{"0":"post-131091","1":"product","2":"type-product","3":"status-publish","4":"has-post-thumbnail","6":"product_brand-themeforest","7":"product_cat-commerce-electronique-themes","8":"product_cat-entreprise-commerce-electronique-themes","9":"product_cat-themes","10":"product_tag-themeforest","11":"member-discount","12":"discount-restricted","14":"first","15":"instock","16":"sale","17":"downloadable","18":"virtual","19":"sold-individually","20":"purchasable","21":"product-type-simple"},"_links":{"self":[{"href":"https:\/\/gpl-love.com\/fr\/wp-json\/wp\/v2\/product\/131091","targetHints":{"allow":["GET"]}}],"collection":[{"href":"https:\/\/gpl-love.com\/fr\/wp-json\/wp\/v2\/product"}],"about":[{"href":"https:\/\/gpl-love.com\/fr\/wp-json\/wp\/v2\/types\/product"}],"replies":[{"embeddable":true,"href":"https:\/\/gpl-love.com\/fr\/wp-json\/wp\/v2\/comments?post=131091"}],"wp:featuredmedia":[{"embeddable":true,"href":"https:\/\/gpl-love.com\/fr\/wp-json\/wp\/v2\/media\/146607"}],"wp:attachment":[{"href":"https:\/\/gpl-love.com\/fr\/wp-json\/wp\/v2\/media?parent=131091"}],"wp:term":[{"taxonomy":"product_brand","embeddable":true,"href":"https:\/\/gpl-love.com\/fr\/wp-json\/wp\/v2\/product_brand?post=131091"},{"taxonomy":"product_cat","embeddable":true,"href":"https:\/\/gpl-love.com\/fr\/wp-json\/wp\/v2\/product_cat?post=131091"},{"taxonomy":"product_tag","embeddable":true,"href":"https:\/\/gpl-love.com\/fr\/wp-json\/wp\/v2\/product_tag?post=131091"}],"curies":[{"name":"wp","href":"https:\/\/api.w.org\/{rel}","templated":true}]}}