{"id":131089,"date":"2023-01-18T00:00:00","date_gmt":"2023-01-17T23:00:00","guid":{"rendered":"https:\/\/gpl-love.com\/fr\/produit\/little-ones-one-page-children-daycare-theme\/"},"modified":"2026-03-20T23:56:37","modified_gmt":"2026-03-20T22:56:37","slug":"little-ones-one-page-children-daycare-theme","status":"publish","type":"product","link":"https:\/\/gpl-love.com\/fr\/produit\/little-ones-one-page-children-daycare-theme\/","title":{"rendered":"Little Ones One Page Children Daycare Theme 1.0"},"content":{"rendered":"<h3>Little Ones One Page Children Daycare Theme Traits<\/h3>\n<p>Le th\u00e8me de la garderie des enfants One One One Page s&rsquo;av\u00e8re \u00eatre un mod\u00e8le de site Web incroyablement polyvalent, m\u00e9ticuleusement con\u00e7u pour r\u00e9pondre aux besoins sp\u00e9cifiques des prestataires de services de garderie d\u00e9sirant une pr\u00e9sence en ligne exquise et conviviale. La disposition du th\u00e8me est impeccablement \u00e9l\u00e9gante, offrant un d\u00e9licieux m\u00e9lange de lignes \u00e9pur\u00e9es et de couleurs vibrantes. Cet arrangement artistique vous permet de montrer sans effort vos services et d&rsquo;installations de garderie d&rsquo;une mani\u00e8re qui est tenue de captiver les parents, facilitant leur acc\u00e8s transparent \u00e0 des informations pertinentes concernant votre entreprise estim\u00e9e. Le r\u00e9pertoire impressionnant du th\u00e8me comprend une myriade de sections, chacune servant un objectif distinctif, y compris, mais sans s&rsquo;y limiter, la page d&rsquo;accueil, \u00e0 propos de nous, des services, de la galerie et de nous contacter. De plus, le th\u00e8me est pr\u00eate \u00e0 la personnalisation, vous permettant de l&rsquo;adapter pr\u00e9cis\u00e9ment \u00e0 vos pr\u00e9f\u00e9rences individuelles, tout en exploitant la puissance de l&rsquo;originalit\u00e9 pour construire un site Web personnalis\u00e9 qui incarne vraiment l&rsquo;essence de votre marque. Il convient de noter que la r\u00e9activit\u00e9 du th\u00e8me est sans pr\u00e9c\u00e9dent, ce qui la rend sans effort compatible avec un vaste \u00e9ventail d&rsquo;appareils, garantissant ainsi l&rsquo;accessibilit\u00e9 \u00e0 un public consid\u00e9rablement \u00e9largi. Par cons\u00e9quent, il est sans \u00e9quivoque ind\u00e9niable que le th\u00e8me de la garderie des enfants une page repr\u00e9sente un choix exceptionnel pour tout professionnel exigeant op\u00e9rant dans l&rsquo;industrie de la garderie, cherchant \u00e0 renforcer sa pr\u00e9sence en ligne et \u00e0 son tour, inciter une client\u00e8le plus large.<\/p>\n<ul>\n<li>TH\u00c8ME BELLE ET INCESTIONNANT UNE PAGE POUR<\/li>\n<li>Compatible avec les plates-formes WordPress populaires pour faciliter l&rsquo;installation et la personnalisation<\/li>\n<li>Propose un jeu de couleurs vibrant et ludique pour attirer l&rsquo;attention des jeunes<\/li>\n<li>Comprend des sections pr\u00e9-con\u00e7ues pour pr\u00e9senter les services, le personnel et les t\u00e9moignages<\/li>\n<li>Fournit une conception r\u00e9active qui rend parfaitement sur tous les appareils et tailles d&rsquo;\u00e9cran<\/li>\n<li>Livr\u00e9 avec des ic\u00f4nes et des widgets de m\u00e9dias sociaux int\u00e9gr\u00e9s pour vous aider \u00e0 vous connecter avec les parents et les soignants<\/li>\n<li>Offre une documentation compl\u00e8te et une prise en charge conviviale pour une configuration et une gestion faciles<\/li>\n<\/ul>\n","protected":false},"excerpt":{"rendered":"<p>Le th\u00e8me de la garderie des enfants des plus petits est un mod\u00e8le de site Web incroyablement captivant et visuellement attrayant qui a \u00e9t\u00e9 m\u00e9ticuleusement con\u00e7u dans le seul but de r\u00e9pondre aux besoins et aux exigences uniques des garderies des enfants. Son design dynamique et vivant est sp\u00e9cifiquement destin\u00e9 \u00e0 servir de plate-forme remarquable pour pr\u00e9senter efficacement les installations nombreuses et in\u00e9gal\u00e9es, des membres du personnel hautement qualifi\u00e9s et d\u00e9vou\u00e9s, ainsi que la gamme de programmes exceptionnellement diversifi\u00e9s que votre centre de garderie offre aux clients potentiels. De plus, ce mod\u00e8le a \u00e9t\u00e9 ing\u00e9nieusement con\u00e7u pour \u00eatre pleinement r\u00e9actif, garantissant qu&rsquo;il s&rsquo;adapte parfaitement et se pr\u00e9sente de mani\u00e8re optimale sur toutes sortes d&rsquo;appareils, quelle que soit la taille ou l&rsquo;orientation de leur \u00e9cran. De plus, l&rsquo;interface conviviale qui accompagne ce mod\u00e8le est m\u00e9ticuleusement con\u00e7ue pour \u00eatre tr\u00e8s intuitive et incroyablement facile \u00e0 naviguer, simplifiant et rationalisant ainsi le processus de mise \u00e0 jour et de personnalisation du contenu d&rsquo;une mani\u00e8re remarquablement sans tracas. Par cons\u00e9quent, que vous envisagiez la cr\u00e9ation d&rsquo;un site Web enti\u00e8rement nouveau pour votre garderie estim\u00e9 ou que vous cherchiez impatiente \u00e0 r\u00e9organiser et \u00e0 am\u00e9liorer un th\u00e8me de garderie pour les enfants des tout-petits, un choix de garde d&rsquo;enfants, ce qui sera sans aucun doute un choix exemplaire et absolument exceptionnel que les enfants garantit de r\u00e9aliser et de d\u00e9passer toutes vos attentes et aspirations.<\/p>\n","protected":false},"featured_media":146606,"comment_status":"open","ping_status":"open","template":"","meta":[],"product_brand":[2433],"product_cat":[1242,1212,1213],"product_tag":[1366],"class_list":{"0":"post-131089","1":"product","2":"type-product","3":"status-publish","4":"has-post-thumbnail","6":"product_brand-themeforest","7":"product_cat-creatif","8":"product_cat-themes","9":"product_cat-wordpress-themes","10":"product_tag-themeforest","11":"member-discount","12":"discount-restricted","14":"first","15":"instock","16":"sale","17":"downloadable","18":"virtual","19":"sold-individually","20":"purchasable","21":"product-type-simple"},"_links":{"self":[{"href":"https:\/\/gpl-love.com\/fr\/wp-json\/wp\/v2\/product\/131089","targetHints":{"allow":["GET"]}}],"collection":[{"href":"https:\/\/gpl-love.com\/fr\/wp-json\/wp\/v2\/product"}],"about":[{"href":"https:\/\/gpl-love.com\/fr\/wp-json\/wp\/v2\/types\/product"}],"replies":[{"embeddable":true,"href":"https:\/\/gpl-love.com\/fr\/wp-json\/wp\/v2\/comments?post=131089"}],"wp:featuredmedia":[{"embeddable":true,"href":"https:\/\/gpl-love.com\/fr\/wp-json\/wp\/v2\/media\/146606"}],"wp:attachment":[{"href":"https:\/\/gpl-love.com\/fr\/wp-json\/wp\/v2\/media?parent=131089"}],"wp:term":[{"taxonomy":"product_brand","embeddable":true,"href":"https:\/\/gpl-love.com\/fr\/wp-json\/wp\/v2\/product_brand?post=131089"},{"taxonomy":"product_cat","embeddable":true,"href":"https:\/\/gpl-love.com\/fr\/wp-json\/wp\/v2\/product_cat?post=131089"},{"taxonomy":"product_tag","embeddable":true,"href":"https:\/\/gpl-love.com\/fr\/wp-json\/wp\/v2\/product_tag?post=131089"}],"curies":[{"name":"wp","href":"https:\/\/api.w.org\/{rel}","templated":true}]}}