{"id":131087,"date":"2023-01-18T00:00:00","date_gmt":"2023-01-17T23:00:00","guid":{"rendered":"https:\/\/gpl-love.com\/fr\/produit\/monteno-nft-portfolio-theme\/"},"modified":"2026-03-20T23:56:37","modified_gmt":"2026-03-20T22:56:37","slug":"monteno-nft-portfolio-theme","status":"publish","type":"product","link":"https:\/\/gpl-love.com\/fr\/produit\/monteno-nft-portfolio-theme\/","title":{"rendered":"Monteno NFT Portfolio Theme 1.0"},"content":{"rendered":"<h3>Monteno NFT Portfolio Theme Traits<\/h3>\n<p>Le th\u00e8me du portefeuille de Monteno NFT est un th\u00e8me WordPress exceptionnel et tr\u00e8s recherch\u00e9 qui a \u00e9t\u00e9 m\u00e9ticuleusement con\u00e7u pour r\u00e9pondre sp\u00e9cifiquement aux besoins des personnes qui souhaitent pr\u00e9senter leurs portefeuilles d&rsquo;art num\u00e9rique extraordinaires et leurs collections NFT de mani\u00e8re visuellement captivante et professionnelle. Ce th\u00e8me poss\u00e8de un design de pointe et \u00e9l\u00e9gant qui d\u00e9gage la modernit\u00e9, coupl\u00e9 \u00e0 la capacit\u00e9 de personnaliser les dispositions et les sch\u00e9mas de couleurs pour s&rsquo;aligner de mani\u00e8re transparente avec votre marque et votre style distinctifs. De plus, le th\u00e8me est enti\u00e8rement r\u00e9actif et a \u00e9t\u00e9 m\u00e9ticuleusement optimis\u00e9 pour garantir des vitesses de chargement rapides, garantissant que votre portefeuille impressionnant sera pr\u00e9sent\u00e9 parfaitement sur n&rsquo;importe quel appareil, accentuant encore son attrait visuel. Monteno poss\u00e8de \u00e9galement un support int\u00e9gr\u00e9 pour des plates-formes de blockchain pro\u00e9minentes comme OpenSea et Raribles, ce qui vous fait sans effort pour vous pr\u00e9senter vos illustrations et collections NFT avec un niveau de sophistication et de finesse in\u00e9gal\u00e9. Que vous vous identifiiez en tant qu&rsquo;artiste, collectionneur ou simplement passionn\u00e9, le th\u00e8me du portefeuille du Monteno NFT est la solution par excellence pour pr\u00e9senter efficacement et magnifiquement votre talent artistique num\u00e9rique et NFT au monde.<\/p>\n<ul>\n<li>Le th\u00e8me du portefeuille NFT Monteno est un th\u00e8me moderne et r\u00e9actif pour pr\u00e9senter votre portefeuille NFT.<\/li>\n<li>Il est con\u00e7u pour afficher vos NFT de mani\u00e8re visuellement attrayante et organis\u00e9e.<\/li>\n<li>Le th\u00e8me est enti\u00e8rement personnalisable, vous permettant de modifier le jeu de couleurs, la typographie et la mise en page pour refl\u00e9ter votre marque personnelle.<\/li>\n<li>Le th\u00e8me comprend plusieurs mod\u00e8les pour afficher vos NFT, y compris la grille, la liste et les dispositions de ma\u00e7onnerie.<\/li>\n<li>Il comprend \u00e9galement des sections pour afficher vos collections et vos informations de profil.<\/li>\n<li>Le th\u00e8me du portefeuille NFT Monteno est facile \u00e0 installer et est livr\u00e9 avec une documentation compl\u00e8te et une prise en charge.<\/li>\n<li>Le th\u00e8me est optimis\u00e9 pour les temps de chargement rapide et est enti\u00e8rement r\u00e9actif, garantissant une exp\u00e9rience transparente pour vos visiteurs, quel que soit leur appareil.<\/li>\n<li>Avec le th\u00e8me du portefeuille NFT Monteno, vous aurez une plate-forme professionnelle et engageante pour pr\u00e9senter votre collection NFT et attirer des acheteurs potentiels.<\/li>\n<\/ul>\n","protected":false},"excerpt":{"rendered":"<p>Le th\u00e8me du portefeuille du Monteno NFT, caract\u00e9ris\u00e9 par son esth\u00e9tique \u00e9l\u00e9gante et moderne, a \u00e9t\u00e9 m\u00e9ticuleusement con\u00e7u pour r\u00e9pondre aux besoins sp\u00e9cifiques des personnes cherchant \u00e0 montrer leur collection NFT. B\u00e9n\u00e9ficiant d&rsquo;une interface visuellement captivante et conviviale, ce th\u00e8me facilite l&rsquo;organisation sans effort et la pr\u00e9sentation de votre NFTS. Que vous soyez un connaisseur exp\u00e9riment\u00e9 dans le domaine des NFT ou une aventure novice dans ce monde innovant, le th\u00e8me du portefeuille du Monteno NFT sert de solution par excellence pour pr\u00e9senter efficacement votre collection pr\u00e9cieuse \u00e0 un public mondial.<\/p>\n","protected":false},"featured_media":146605,"comment_status":"open","ping_status":"open","template":"","meta":[],"product_brand":[2433],"product_cat":[1516,1212,1213],"product_tag":[1366],"class_list":{"0":"post-131087","1":"product","2":"type-product","3":"status-publish","4":"has-post-thumbnail","6":"product_brand-themeforest","7":"product_cat-entreprise","8":"product_cat-themes","9":"product_cat-wordpress-themes","10":"product_tag-themeforest","11":"member-discount","12":"discount-restricted","14":"first","15":"instock","16":"sale","17":"downloadable","18":"virtual","19":"sold-individually","20":"purchasable","21":"product-type-simple"},"_links":{"self":[{"href":"https:\/\/gpl-love.com\/fr\/wp-json\/wp\/v2\/product\/131087","targetHints":{"allow":["GET"]}}],"collection":[{"href":"https:\/\/gpl-love.com\/fr\/wp-json\/wp\/v2\/product"}],"about":[{"href":"https:\/\/gpl-love.com\/fr\/wp-json\/wp\/v2\/types\/product"}],"replies":[{"embeddable":true,"href":"https:\/\/gpl-love.com\/fr\/wp-json\/wp\/v2\/comments?post=131087"}],"wp:featuredmedia":[{"embeddable":true,"href":"https:\/\/gpl-love.com\/fr\/wp-json\/wp\/v2\/media\/146605"}],"wp:attachment":[{"href":"https:\/\/gpl-love.com\/fr\/wp-json\/wp\/v2\/media?parent=131087"}],"wp:term":[{"taxonomy":"product_brand","embeddable":true,"href":"https:\/\/gpl-love.com\/fr\/wp-json\/wp\/v2\/product_brand?post=131087"},{"taxonomy":"product_cat","embeddable":true,"href":"https:\/\/gpl-love.com\/fr\/wp-json\/wp\/v2\/product_cat?post=131087"},{"taxonomy":"product_tag","embeddable":true,"href":"https:\/\/gpl-love.com\/fr\/wp-json\/wp\/v2\/product_tag?post=131087"}],"curies":[{"name":"wp","href":"https:\/\/api.w.org\/{rel}","templated":true}]}}