{"id":131085,"date":"2023-01-18T00:00:00","date_gmt":"2023-01-17T23:00:00","guid":{"rendered":"https:\/\/gpl-love.com\/fr\/produit\/insuren-insurance-agency-theme\/"},"modified":"2026-03-20T23:56:36","modified_gmt":"2026-03-20T22:56:36","slug":"insuren-insurance-agency-theme","status":"publish","type":"product","link":"https:\/\/gpl-love.com\/fr\/produit\/insuren-insurance-agency-theme\/","title":{"rendered":"Insuren Insurance Agency Theme 1.0"},"content":{"rendered":"<h3>Insuren Insurance Agency Theme Traits<\/h3>\n<p>Le th\u00e8me de l&rsquo;agence d&rsquo;assurance insur\u00e9 est un outil exceptionnellement puissant qui a \u00e9t\u00e9 m\u00e9ticuleusement con\u00e7u pour r\u00e9pondre aux besoins sp\u00e9cifiques des soci\u00e9t\u00e9s d&rsquo;assurance cherchant \u00e0 \u00e9tablir une pr\u00e9sence en ligne hautement professionnelle et influente. En exploitant les capacit\u00e9s de ce th\u00e8me, vous serez b\u00e9ni avec un design incroyablement contemporain et r\u00e9actif qui am\u00e9liorera sans effort l&rsquo;attrait visuel de votre site Web sur tous les appareils imaginables. Insuren propose une vaste gamme de fonctionnalit\u00e9s notamment impressionnantes qui peuvent \u00eatre adapt\u00e9es sans effort pour s&rsquo;adapter \u00e0 vos pr\u00e9f\u00e9rences uniques, \u00e0 partir d&rsquo;une page d&rsquo;accueil \u00e9tonnamment personnalisable, une abondance de widgets qui peuvent \u00eatre personnalis\u00e9s en fonction de vos exigences individuelles, et une disposition incroyablement flexible qui s&rsquo;adapte de mani\u00e8re transparente \u00e0 de mani\u00e8re transparente pour \u00eatre en mesure de faire de mani\u00e8re transparente \u00e0 de mani\u00e8re s\u00e9cr\u00e9atrice pour \u00eatre en mesure de faire de mani\u00e8re transparente \u00e0 de mani\u00e8re transparente pour \u00eatre en mesure de faire de mani\u00e8re transparente \u00e0 de mani\u00e8re s\u00e9cr\u00e9atrice \u00e0 la mani\u00e8re de coup\u00e9 de mani\u00e8re transparente pour \u00eatre de mani\u00e8re transparente \u00e0 de mani\u00e8re transparente \u00e0 de mani\u00e8re s\u00e9cr\u00e9atrice \u00e0 de mani\u00e8re s\u00e9cr\u00e9atrice \u00e0 la mani\u00e8re de toute couture pour vos sp\u00e9cifications souhait\u00e9es. De plus, ce th\u00e8me a \u00e9t\u00e9 optimis\u00e9 avec diligence pour garantir une visibilit\u00e9 maximale sur les plates-formes de moteurs de recherche, ce qui facilite consid\u00e9rablement le processus de d\u00e9couverte et d&rsquo;acc\u00e9der \u00e0 vos clients potentiels. Avec son panel administratif remarquablement convivial et con\u00e7u intuitivement, compl\u00e9t\u00e9 par ses options de personnalisation navigable sans effort, il devient sans \u00e9quivoque que le th\u00e8me de l&rsquo;Agence d&rsquo;assurance assuren est la solution ultime et in\u00e9gal\u00e9e pour toute firme d&rsquo;assurance aspirant \u00e0 la pr\u00e9sence en ligne \u00e0 des hauteurs non pr\u00e9c\u00e9dentes et sans pr\u00e9c\u00e9dent .<\/p>\n<ul>\n<li>Design professionnel et \u00e9l\u00e9gant pour inspirer la confiance et la cr\u00e9dibilit\u00e9<\/li>\n<li>Disposition enti\u00e8rement r\u00e9active pour une visualisation transparente sur n&rsquo;importe quel appareil<\/li>\n<li>Int\u00e9gr\u00e9 \u00e0 plusieurs fonctionnalit\u00e9s sp\u00e9cifiques \u00e0 l&rsquo;assurance telles que les formulaires de demande de devis, les calculatrices d&rsquo;assurance et les pages de services personnalisables<\/li>\n<li>Construit avec du code propre et des meilleures pratiques de r\u00e9f\u00e9rencement pour am\u00e9liorer les classements des moteurs de recherche<\/li>\n<li>Page d&rsquo;accueil personnalisable avec g\u00e9n\u00e9rateur de page Drag and Drop<\/li>\n<li>Compatible avec des plugins populaires comme WooCommerce et WPForms pour des fonctionnalit\u00e9s suppl\u00e9mentaires<\/li>\n<li>Comprend du contenu de d\u00e9monstration et une importation de d\u00e9monstration en un clic pour une configuration facile<\/li>\n<li>Support client d\u00e9di\u00e9 et mises \u00e0 jour r\u00e9guli\u00e8res pour l&rsquo;am\u00e9lioration continue et les corrections de bogues<\/li>\n<li>Traduction pr\u00eate pour le public international<\/li>\n<li>Excellente exp\u00e9rience utilisateur avec une navigation intuitive et des informations faciles \u00e0 trouver.<\/li>\n<\/ul>\n","protected":false},"excerpt":{"rendered":"<p>Le th\u00e8me de l&rsquo;agence d&rsquo;assurance assuren est un th\u00e8me WordPress exceptionnel qui a \u00e9t\u00e9 m\u00e9ticuleusement con\u00e7u pour les agences d&rsquo;assurance et les entreprises. Il poss\u00e8de un design incroyablement \u00e9l\u00e9gant et professionnel, compl\u00e9t\u00e9 par une gamme de widgets personnalis\u00e9s, un constructeur de page de glisser-d\u00e9poser tr\u00e8s pratique, et un \u00e9ventail d&rsquo;options de th\u00e8me puissantes qui vous offrent une flexibilit\u00e9 in\u00e9gal\u00e9e pour adapter votre site pour r\u00e9pondre \u00e0 vos besoins et exigences sp\u00e9cifiques. L&rsquo;une des fonctionnalit\u00e9s remarquables de ce th\u00e8me est sa conception r\u00e9active, garantissant que votre site s&rsquo;adaptera sans effort \u00e0 tous les appareils, garantissant une exp\u00e9rience de vision optimale pour tous vos visiteurs. De plus, le code pr\u00eat pour le r\u00e9f\u00e9rencement int\u00e9gr\u00e9 \u00e0 Insuren am\u00e9liorera consid\u00e9rablement la visibilit\u00e9 de votre site dans le classement des moteurs de recherche, vous accordant un avantage concurrentiel dans le paysage en ligne. De plus, Insuren va au-del\u00e0 en fournissant des mod\u00e8les pr\u00e9-con\u00e7us pour des pages cl\u00e9s telles que nous, les services et les contacts, rationalisant le processus de mise en place de votre site. De plus, assurez-vous que le code d&rsquo;assurance propre et m\u00e9ticuleusement document\u00e9 privil\u00e9gie la s\u00e9curit\u00e9 et la fiabilit\u00e9, vous assurant une plate-forme fiable et stable pour \u00e9tablir la pr\u00e9sence en ligne de votre agence d&rsquo;assurance. N&rsquo;h\u00e9sitez plus &#8211; saisissez la possibilit\u00e9 d&rsquo;\u00e9lever la pr\u00e9sence en ligne de votre agence d&rsquo;assurance aujourd&rsquo;hui avec le th\u00e8me de l&rsquo;agence d&rsquo;assurance assuren.<\/p>\n","protected":false},"featured_media":146604,"comment_status":"open","ping_status":"open","template":"","meta":[],"product_brand":[2433],"product_cat":[1516,1212,1213],"product_tag":[1366],"class_list":{"0":"post-131085","1":"product","2":"type-product","3":"status-publish","4":"has-post-thumbnail","6":"product_brand-themeforest","7":"product_cat-entreprise","8":"product_cat-themes","9":"product_cat-wordpress-themes","10":"product_tag-themeforest","11":"member-discount","12":"discount-restricted","14":"first","15":"instock","16":"sale","17":"downloadable","18":"virtual","19":"sold-individually","20":"purchasable","21":"product-type-simple"},"_links":{"self":[{"href":"https:\/\/gpl-love.com\/fr\/wp-json\/wp\/v2\/product\/131085","targetHints":{"allow":["GET"]}}],"collection":[{"href":"https:\/\/gpl-love.com\/fr\/wp-json\/wp\/v2\/product"}],"about":[{"href":"https:\/\/gpl-love.com\/fr\/wp-json\/wp\/v2\/types\/product"}],"replies":[{"embeddable":true,"href":"https:\/\/gpl-love.com\/fr\/wp-json\/wp\/v2\/comments?post=131085"}],"wp:featuredmedia":[{"embeddable":true,"href":"https:\/\/gpl-love.com\/fr\/wp-json\/wp\/v2\/media\/146604"}],"wp:attachment":[{"href":"https:\/\/gpl-love.com\/fr\/wp-json\/wp\/v2\/media?parent=131085"}],"wp:term":[{"taxonomy":"product_brand","embeddable":true,"href":"https:\/\/gpl-love.com\/fr\/wp-json\/wp\/v2\/product_brand?post=131085"},{"taxonomy":"product_cat","embeddable":true,"href":"https:\/\/gpl-love.com\/fr\/wp-json\/wp\/v2\/product_cat?post=131085"},{"taxonomy":"product_tag","embeddable":true,"href":"https:\/\/gpl-love.com\/fr\/wp-json\/wp\/v2\/product_tag?post=131085"}],"curies":[{"name":"wp","href":"https:\/\/api.w.org\/{rel}","templated":true}]}}