{"id":131083,"date":"2023-01-18T00:00:00","date_gmt":"2023-01-17T23:00:00","guid":{"rendered":"https:\/\/gpl-love.com\/fr\/produit\/barbercrop-hairdressing-theme\/"},"modified":"2026-03-20T23:56:34","modified_gmt":"2026-03-20T22:56:34","slug":"barbercrop-hairdressing-theme","status":"publish","type":"product","link":"https:\/\/gpl-love.com\/fr\/produit\/barbercrop-hairdressing-theme\/","title":{"rendered":"Barbercrop Hairdressing Theme 1.0"},"content":{"rendered":"<h3>Barbercrop Hairdressing Theme Traits<\/h3>\n<p>Le th\u00e8me de coiffure Barbercrop est un th\u00e8me de site Web complet qui a \u00e9t\u00e9 sp\u00e9cialement con\u00e7u pour r\u00e9pondre aux besoins et aux exigences des coiffeurs et des salons de coiffure. Il poss\u00e8de un design \u00e9l\u00e9gant et moderne qui non seulement semble visuellement magnifique, mais fournit \u00e9galement une interface qui est \u00e0 la fois conviviale et engageante pour les visiteurs.<\/p>\n<p>L&rsquo;une des fonctionnalit\u00e9s remarquables de ce th\u00e8me est la large gamme d&rsquo;options de personnalisation qu&rsquo;il propose. Les utilisateurs ont la possibilit\u00e9 de personnaliser pleinement leur site Web, en veillant \u00e0 ce qu&rsquo;il repr\u00e9sente avec pr\u00e9cision leur marque et pr\u00e9sente leurs services sous la meilleure lumi\u00e8re possible. Cette personnalisation s&rsquo;\u00e9tend aux d\u00e9tails les plus fins, permettant aux utilisateurs de modifier tous les aspects de l&rsquo;apparence de leur site Web en fonction de leurs pr\u00e9f\u00e9rences individuelles.<\/p>\n<p>De plus, le th\u00e8me de coiffure Barbercrop comprend une vari\u00e9t\u00e9 de fonctionnalit\u00e9s pratiques et pratiques qui b\u00e9n\u00e9ficieront \u00e0 coup s\u00fbr aux coiffeurs et aux propri\u00e9taires de salon de coiffure. Ces fonctionnalit\u00e9s incluent des capacit\u00e9s de r\u00e9servation de rendez-vous, permettant aux clients de planifier facilement leurs visites en ligne. De plus, le th\u00e8me s&rsquo;int\u00e8gre parfaitement aux plateformes de m\u00e9dias sociaux, permettant aux coiffeurs et aux propri\u00e9taires de salon de coiffure de promouvoir sans effort leur entreprise et de se connecter avec leurs clients.<\/p>\n<p>En r\u00e9sum\u00e9, le th\u00e8me de coiffure Barbercrop est la solution tout-en-un ultime \u00e0 tous ceux qui cherchent \u00e0 am\u00e9liorer leur pr\u00e9sence en ligne dans l&rsquo;industrie de la coiffure. Son design professionnel et \u00e9l\u00e9gant, associ\u00e9 \u00e0 ses vastes options de personnalisation et ses fonctionnalit\u00e9s pratiques, en fait le choix parfait pour cr\u00e9er un site Web qui repr\u00e9sente et \u00e9l\u00e8ve vraiment une entreprise de coiffure.<\/p>\n<ul>\n<li>Th\u00e8me de site Web professionnel et \u00e9l\u00e9gant con\u00e7u sp\u00e9cifiquement pour les salons de coiffure et les coiffeurs<\/li>\n<li>Conception enti\u00e8rement r\u00e9active qui a fi\u00e8re allure sur le bureau, la tablette et les appareils mobiles<\/li>\n<li>En-t\u00eate personnalisable avec options pour le logo, le menu de navigation et les ic\u00f4nes des m\u00e9dias sociaux<\/li>\n<li>Curseur de page d&rsquo;accueil accrocheur pour pr\u00e9senter vos services et vos promotions<\/li>\n<li>Section de service et de prix pour afficher vos offres et vos tarifs<\/li>\n<li>Section des t\u00e9moignages pour mettre en \u00e9vidence les commentaires des clients satisfaits<\/li>\n<li>Section membre de l&rsquo;\u00e9quipe pour pr\u00e9senter vos stylistes et leur expertise<\/li>\n<li>Formulaire de contact et int\u00e9gration de cartes pour une r\u00e9servation facile et trouver votre emplacement<\/li>\n<li>Section de blog pour partager vos id\u00e9es, conseils et nouvelles de l&rsquo;industrie<\/li>\n<li>Structure adapt\u00e9e au r\u00e9f\u00e9rencement et optimis\u00e9e pour une vitesse de chargement rapide<\/li>\n<li>Compatible avec des plugins populaires comme WooCommerce, Contact Form 7 et Yoast SEO<\/li>\n<li>Installation en un clic et interface conviviale pour une configuration et une personnalisation faciles<\/li>\n<li>Mises \u00e0 jour r\u00e9guli\u00e8res et soutien amical de d\u00e9veloppeurs exp\u00e9riment\u00e9s<\/li>\n<li>Prix \u200b\u200babordable et acc\u00e8s \u00e0 vie aux mises \u00e0 jour et aux nouvelles fonctionnalit\u00e9s.<\/li>\n<\/ul>\n","protected":false},"excerpt":{"rendered":"<p>Le th\u00e8me de la coiffure de coiffure est une solution exemplaire pour les salons de coiffure et les salons de coiffure qui cherchent \u00e0 \u00e9tablir une formidable pr\u00e9sence en ligne. Ce th\u00e8me, qui poss\u00e8de un design \u00e9l\u00e9gant et moderne, poss\u00e8de une page d&rsquo;accueil qui est enti\u00e8rement personnalisable, avec un curseur pleine largeur, des arri\u00e8re-plans de parallaxe captivants et des images haute r\u00e9solution visuellement \u00e9poustouflantes. Notamment, le th\u00e8me est pleinement r\u00e9actif, ce qui signifie qu&rsquo;il peut s&rsquo;adapter de mani\u00e8re transparente \u00e0 divers appareils, et il peut \u00eatre adapt\u00e9 pour s&rsquo;aligner parfaitement avec le style distinctif de votre marque. En utilisant les caract\u00e9ristiques remarquables du th\u00e8me, telles que la possibilit\u00e9 de pr\u00e9senter votre large \u00e9ventail de services, de pr\u00e9senter vos membres estim\u00e9s de l&rsquo;\u00e9quipe et de montrer une galerie impressionnante de votre travail exquis, le th\u00e8me Barbercrop est certain de captiver et de laisser une impression durable sur vos estim\u00e9s les clients, contribuant finalement au succ\u00e8s florissant de votre entreprise.<\/p>\n","protected":false},"featured_media":146603,"comment_status":"open","ping_status":"open","template":"","meta":[],"product_brand":[2433],"product_cat":[1516,1212,1213],"product_tag":[1366],"class_list":{"0":"post-131083","1":"product","2":"type-product","3":"status-publish","4":"has-post-thumbnail","6":"product_brand-themeforest","7":"product_cat-entreprise","8":"product_cat-themes","9":"product_cat-wordpress-themes","10":"product_tag-themeforest","11":"member-discount","12":"discount-restricted","14":"first","15":"instock","16":"sale","17":"downloadable","18":"virtual","19":"sold-individually","20":"purchasable","21":"product-type-simple"},"_links":{"self":[{"href":"https:\/\/gpl-love.com\/fr\/wp-json\/wp\/v2\/product\/131083","targetHints":{"allow":["GET"]}}],"collection":[{"href":"https:\/\/gpl-love.com\/fr\/wp-json\/wp\/v2\/product"}],"about":[{"href":"https:\/\/gpl-love.com\/fr\/wp-json\/wp\/v2\/types\/product"}],"replies":[{"embeddable":true,"href":"https:\/\/gpl-love.com\/fr\/wp-json\/wp\/v2\/comments?post=131083"}],"wp:featuredmedia":[{"embeddable":true,"href":"https:\/\/gpl-love.com\/fr\/wp-json\/wp\/v2\/media\/146603"}],"wp:attachment":[{"href":"https:\/\/gpl-love.com\/fr\/wp-json\/wp\/v2\/media?parent=131083"}],"wp:term":[{"taxonomy":"product_brand","embeddable":true,"href":"https:\/\/gpl-love.com\/fr\/wp-json\/wp\/v2\/product_brand?post=131083"},{"taxonomy":"product_cat","embeddable":true,"href":"https:\/\/gpl-love.com\/fr\/wp-json\/wp\/v2\/product_cat?post=131083"},{"taxonomy":"product_tag","embeddable":true,"href":"https:\/\/gpl-love.com\/fr\/wp-json\/wp\/v2\/product_tag?post=131083"}],"curies":[{"name":"wp","href":"https:\/\/api.w.org\/{rel}","templated":true}]}}