{"id":131081,"date":"2025-03-10T00:00:00","date_gmt":"2025-03-09T23:00:00","guid":{"rendered":"https:\/\/gpl-love.com\/fr\/produit\/maxbizz-consulting-et-financial-theme\/"},"modified":"2026-03-20T23:56:33","modified_gmt":"2026-03-20T22:56:33","slug":"maxbizz-consulting-et-financial-theme","status":"publish","type":"product","link":"https:\/\/gpl-love.com\/fr\/produit\/maxbizz-consulting-et-financial-theme\/","title":{"rendered":"Maxbizz Consulting et Financial Theme 1.2.3.14"},"content":{"rendered":"<h3>Maxbizz Consulting et Financial Theme Traits<\/h3>\n<p>Maxbizz Consulting and Financial Th\u00e8me est un th\u00e8me WordPress extr\u00eamement efficace et remarquablement fonctionnel qui a \u00e9t\u00e9 con\u00e7u de mani\u00e8re complexe exclusivement pour les entreprises de conseil et de service financier. Ce th\u00e8me poss\u00e8de un design \u00e9l\u00e9gant et professionnel qui est compl\u00e9t\u00e9 par une pl\u00e9thore de fonctionnalit\u00e9s, y compris la possibilit\u00e9 de personnaliser les sections de page d&rsquo;accueil, divers styles d&rsquo;en-t\u00eate et de pied de page pour s&rsquo;adapter aux pr\u00e9f\u00e9rences individuelles et un assortiment de pages pr\u00e9-con\u00e7ues d\u00e9di\u00e9es aux services, des \u00e9tudes de cas, et les profils des membres de l&rsquo;\u00e9quipe. Avec sa conception impeccablement r\u00e9active et son code m\u00e9ticuleusement optimis\u00e9, Maxbizz assure des temps de chargement rapides et une exp\u00e9rience utilisateur parfaitement d\u00e9licieuse dans tous les types d&rsquo;appareils. En outre, ce th\u00e8me exceptionnel s&rsquo;int\u00e8gre sans effort avec des plugins populaires tels que le formulaire de contact 7, MailChimp et Elementor, augmentant son adaptabilit\u00e9 et permettant \u00e0 une personnalisation approfondie de r\u00e9pondre aux exigences uniques de toute entreprise. Que vous op\u00e9riez en tant que consultant financier distingu\u00e9, une soci\u00e9t\u00e9 d&rsquo;investissement renomm\u00e9e ou un consultant commercial tr\u00e8s recherch\u00e9, MaxBizz Consulting et le th\u00e8me financier sont pr\u00eats \u00e0 vous fournir une solution compl\u00e8te et remarquablement efficace qui vous permettront de cr\u00e9er une influente et commandante pr\u00e9sence en ligne.<\/p>\n<ul>\n<li>Site Web de conseil professionnel et moderne et financier<\/li>\n<li>Mod\u00e8les pr\u00e9fabriqu\u00e9s pour une personnalisation facile<\/li>\n<li>Conception enti\u00e8rement r\u00e9active pour les appareils mobiles et tablettes<\/li>\n<li>Disposition propre et organis\u00e9e, parfaite pour pr\u00e9senter les services et l&rsquo;expertise<\/li>\n<li>Compatible avec des plugins populaires comme le formulaire de contact 7 et WooCommerce<\/li>\n<li>SEO optimis\u00e9 pour un meilleur classement des moteurs de recherche<\/li>\n<li>Comprend des graphiques et des ic\u00f4nes professionnels pour un look poli<\/li>\n<li>Facile \u00e0 installer et \u00e0 configurer, aucune connaissance de codage requise<\/li>\n<li>Mises \u00e0 jour r\u00e9guli\u00e8res et support client pour assurer la meilleure exp\u00e9rience utilisateur<\/li>\n<li>Options flexibles pour le portfolio et l&rsquo;affichage des t\u00e9moignages<\/li>\n<li>Pi\u00e8ces sur Google Maps int\u00e9gr\u00e9s pour un affichage de localisation facile<\/li>\n<li>Compatible avec tous les navigateurs populaires, y compris Chrome, Firefox et Safari.<\/li>\n<\/ul>\n","protected":false},"excerpt":{"rendered":"<p>Maxbizz Consulting and Financial Th\u00e8me est un th\u00e8me WordPress v\u00e9ritablement exquis et facile \u00e0 naviguer, m\u00e9ticuleusement adapt\u00e9 aux entreprises financi\u00e8res et de conseil. Ce th\u00e8me remarquable comprend une abondance de dispositions de conception complexe, englobant les pages d&rsquo;accueil, les pages de service, les pages de contact et une gamme d&rsquo;autres offres remarquables, en vous assurant que vous poss\u00e9dez tous les outils essentiels n\u00e9cessaires pour montrer efficacement vos services professionnels de mani\u00e8re captivante et esth\u00e9tique . En raison de son adaptabilit\u00e9, de ses fonctionnalit\u00e9s compl\u00e8tes et de son syst\u00e8me de navigation convivial, Maxbizz Consulting et le th\u00e8me financier vous accordent la capacit\u00e9 in\u00e9gal\u00e9e \u00e0 \u00e9tablir rapidement et sans effort une pr\u00e9sence en ligne formidable pour votre entreprise estim\u00e9e.<\/p>\n","protected":false},"featured_media":146602,"comment_status":"open","ping_status":"open","template":"","meta":[],"product_brand":[2433],"product_cat":[1516,1212,1213],"product_tag":[1366],"class_list":{"0":"post-131081","1":"product","2":"type-product","3":"status-publish","4":"has-post-thumbnail","6":"product_brand-themeforest","7":"product_cat-entreprise","8":"product_cat-themes","9":"product_cat-wordpress-themes","10":"product_tag-themeforest","11":"member-discount","12":"discount-restricted","14":"first","15":"instock","16":"sale","17":"downloadable","18":"virtual","19":"sold-individually","20":"purchasable","21":"product-type-simple"},"_links":{"self":[{"href":"https:\/\/gpl-love.com\/fr\/wp-json\/wp\/v2\/product\/131081","targetHints":{"allow":["GET"]}}],"collection":[{"href":"https:\/\/gpl-love.com\/fr\/wp-json\/wp\/v2\/product"}],"about":[{"href":"https:\/\/gpl-love.com\/fr\/wp-json\/wp\/v2\/types\/product"}],"replies":[{"embeddable":true,"href":"https:\/\/gpl-love.com\/fr\/wp-json\/wp\/v2\/comments?post=131081"}],"wp:featuredmedia":[{"embeddable":true,"href":"https:\/\/gpl-love.com\/fr\/wp-json\/wp\/v2\/media\/146602"}],"wp:attachment":[{"href":"https:\/\/gpl-love.com\/fr\/wp-json\/wp\/v2\/media?parent=131081"}],"wp:term":[{"taxonomy":"product_brand","embeddable":true,"href":"https:\/\/gpl-love.com\/fr\/wp-json\/wp\/v2\/product_brand?post=131081"},{"taxonomy":"product_cat","embeddable":true,"href":"https:\/\/gpl-love.com\/fr\/wp-json\/wp\/v2\/product_cat?post=131081"},{"taxonomy":"product_tag","embeddable":true,"href":"https:\/\/gpl-love.com\/fr\/wp-json\/wp\/v2\/product_tag?post=131081"}],"curies":[{"name":"wp","href":"https:\/\/api.w.org\/{rel}","templated":true}]}}