{"id":131079,"date":"2024-02-12T00:00:00","date_gmt":"2024-02-11T23:00:00","guid":{"rendered":"https:\/\/gpl-love.com\/fr\/produit\/freshen-organic-food-store-theme\/"},"modified":"2026-03-20T23:56:32","modified_gmt":"2026-03-20T22:56:32","slug":"freshen-organic-food-store-theme","status":"publish","type":"product","link":"https:\/\/gpl-love.com\/fr\/produit\/freshen-organic-food-store-theme\/","title":{"rendered":"Freshen Organic Food Store Theme 1.0.17"},"content":{"rendered":"<h3>Freshen Organic Food Store Theme Traits<\/h3>\n<p>Le th\u00e8me de la boutique d&rsquo;aliments biologiques de FACHENFR pr\u00e9sente une solution optimale pour les personnes cherchant \u00e0 \u00e9tablir une boutique en ligne d\u00e9di\u00e9e \u00e0 la vente de produits alimentaires biologiques et naturels. Ce th\u00e8me a \u00e9t\u00e9 m\u00e9ticuleusement con\u00e7u pour doter votre boutique en ligne avec une esth\u00e9tique revigorante, immacul\u00e9e et sophistiqu\u00e9e, caract\u00e9ris\u00e9e par une disposition contemporaine et minimaliste qui d\u00e9gage l&rsquo;attrait visuel et offre une navigation sans effort. Il englobe une vaste gamme de fonctionnalit\u00e9s et d&rsquo;options, englobant une page d&rsquo;accueil personnalisable, divers mod\u00e8les de pages, des galeries de produits, des capacit\u00e9s de recherche avanc\u00e9es et un assortiment de fonctionnalit\u00e9s suppl\u00e9mentaires. Avec l&rsquo;utilisation du th\u00e8me de la boutique d&rsquo;aliments biologiques rafra\u00eechie, vous montrerez sans effort vos produits et cultirez une pr\u00e9sence en ligne robuste, tout en vous assurant simultan\u00e9ment \u00e0 vos clients une exp\u00e9rience de magasinage agr\u00e9able et sans faille. Par cons\u00e9quent, si vous poss\u00e9dez un d\u00e9sir fervent de g\u00e9rer une boutique en ligne triomphante pour les produits alimentaires biologiques et naturels, il est incontestablement imp\u00e9ratif que vous parcourez le th\u00e8me du magasin d&rsquo;aliments biologiques.<\/p>\n<ul>\n<li>Un th\u00e8me magnifiquement con\u00e7u et personnalisable pour les magasins d&rsquo;aliments biologiques<\/li>\n<li>Construit avec les derni\u00e8res technologies Web, assurant des performances rapides et r\u00e9actives<\/li>\n<li>Comprend une gamme de fonctionnalit\u00e9s essentielles pour le commerce \u00e9lectronique, telles que les vitrines de produits, les paniers d&rsquo;achat et les passerelles de paiement<\/li>\n<li>Con\u00e7u avec une esth\u00e9tique propre et moderne, ce qui permet aux clients de naviguer facilement et de trouver les produits dont ils ont besoin<\/li>\n<li>La conception enti\u00e8rement r\u00e9active garantit que votre magasin a fi\u00e8re allure sur tous les appareils, des ordinateurs de bureau aux t\u00e9l\u00e9phones mobiles<\/li>\n<li>Livr\u00e9 avec une gamme de pages pr\u00e9-con\u00e7ues, y compris un blog, une page de contact et \u00e0 propos de la page, pour vous faire d\u00e9marrer rapidement<\/li>\n<li>Comprend une gamme d&rsquo;options de personnalisation, vous permettant d&rsquo;adapter le th\u00e8me \u00e0 votre marque sp\u00e9cifique et \u00e0 vos besoins commerciaux<\/li>\n<li>Construit avec SEO \u00e0 l&rsquo;esprit, garantissant que votre magasin est facile \u00e0 trouver via les moteurs de recherche<\/li>\n<li>R\u00e9guli\u00e8rement mis \u00e0 jour avec de nouvelles fonctionnalit\u00e9s et optimisations pour maintenir votre magasin en douceur et efficacement<\/li>\n<li>Soutenu par le support client d\u00e9di\u00e9 pour vous aider \u00e0 r\u00e9soudre tout probl\u00e8me ou \u00e0 r\u00e9pondre \u00e0 toutes les questions que vous pourriez avoir.<\/li>\n<\/ul>\n","protected":false},"excerpt":{"rendered":"<p>Si vous \u00eates \u00e0 la recherche d&rsquo;une solution id\u00e9ale pour \u00e9tablir une boutique en ligne sophistiqu\u00e9e et pratique sp\u00e9cialis\u00e9e dans les produits alimentaires biologiques, ne cherchez pas plus loin que le th\u00e8me de la boutique d&rsquo;aliments biologiques. Ce th\u00e8me comprend un design vierge et contemporain qui offre une pl\u00e9thore de fonctionnalit\u00e9s personnalisables. Ces fonctionnalit\u00e9s incluent une disposition qui s&rsquo;adapte \u00e0 divers appareils, zones polyvalentes pour les widgets et options de navigation conviviales. Que vous proposiez des produits frais, des articles uniques ou des repas gastronomiques, le th\u00e8me de la boutique d&rsquo;aliments biologiques rafra\u00eechie vous aidera \u00e0 attirer une client\u00e8le plus grande et \u00e0 augmenter vos ventes. De plus, ce th\u00e8me met non seulement le style, mais accorde \u00e9galement une grande importance \u00e0 la durabilit\u00e9 et aux pratiques respectueuses de l&rsquo;environnement. Par cons\u00e9quent, en utilisant ce th\u00e8me, vous pouvez pr\u00e9senter votre d\u00e9vouement \u00e0 la promotion d&rsquo;un mode de vie sain et d&rsquo;une consommation consciente, vous donnant un sentiment de satisfaction.<\/p>\n","protected":false},"featured_media":146601,"comment_status":"open","ping_status":"open","template":"","meta":[],"product_brand":[2433],"product_cat":[1238,1851,1212],"product_tag":[1366],"class_list":{"0":"post-131079","1":"product","2":"type-product","3":"status-publish","4":"has-post-thumbnail","6":"product_brand-themeforest","7":"product_cat-commerce-electronique-themes","8":"product_cat-entreprise-commerce-electronique-themes","9":"product_cat-themes","10":"product_tag-themeforest","11":"member-discount","12":"discount-restricted","14":"first","15":"instock","16":"sale","17":"downloadable","18":"virtual","19":"sold-individually","20":"purchasable","21":"product-type-simple"},"_links":{"self":[{"href":"https:\/\/gpl-love.com\/fr\/wp-json\/wp\/v2\/product\/131079","targetHints":{"allow":["GET"]}}],"collection":[{"href":"https:\/\/gpl-love.com\/fr\/wp-json\/wp\/v2\/product"}],"about":[{"href":"https:\/\/gpl-love.com\/fr\/wp-json\/wp\/v2\/types\/product"}],"replies":[{"embeddable":true,"href":"https:\/\/gpl-love.com\/fr\/wp-json\/wp\/v2\/comments?post=131079"}],"wp:featuredmedia":[{"embeddable":true,"href":"https:\/\/gpl-love.com\/fr\/wp-json\/wp\/v2\/media\/146601"}],"wp:attachment":[{"href":"https:\/\/gpl-love.com\/fr\/wp-json\/wp\/v2\/media?parent=131079"}],"wp:term":[{"taxonomy":"product_brand","embeddable":true,"href":"https:\/\/gpl-love.com\/fr\/wp-json\/wp\/v2\/product_brand?post=131079"},{"taxonomy":"product_cat","embeddable":true,"href":"https:\/\/gpl-love.com\/fr\/wp-json\/wp\/v2\/product_cat?post=131079"},{"taxonomy":"product_tag","embeddable":true,"href":"https:\/\/gpl-love.com\/fr\/wp-json\/wp\/v2\/product_tag?post=131079"}],"curies":[{"name":"wp","href":"https:\/\/api.w.org\/{rel}","templated":true}]}}