{"id":131077,"date":"2025-09-01T00:00:00","date_gmt":"2025-08-31T22:00:00","guid":{"rendered":"https:\/\/gpl-love.com\/fr\/produit\/samatex-industrial-theme\/"},"modified":"2026-03-20T23:56:31","modified_gmt":"2026-03-20T22:56:31","slug":"samatex-industrial-theme","status":"publish","type":"product","link":"https:\/\/gpl-love.com\/fr\/produit\/samatex-industrial-theme\/","title":{"rendered":"Samatex Industrial Theme 4.9"},"content":{"rendered":"<h3>Samatex Industrial Theme Traits<\/h3>\n<p>Le th\u00e8me industriel de Samatex, une solution logicielle compl\u00e8te sp\u00e9cifiquement adapt\u00e9e aux entreprises industrielles, poss\u00e8de un \u00e9ventail de fonctionnalit\u00e9s et de fonctionnalit\u00e9s avanc\u00e9es qui permettent aux utilisateurs d&rsquo;\u00e9laborer sans effort un site Web enti\u00e8rement r\u00e9actif qui est non seulement agr\u00e9able esth\u00e9tique mais aussi incroyablement convivial. Ce th\u00e8me r\u00e9pond aux divers besoins et pr\u00e9f\u00e9rences des utilisateurs en leur permettant de choisir parmi une vaste s\u00e9lection de mises en page, de sch\u00e9mas de couleurs et de polices, garantissant ainsi que leur site Web incarne vraiment leur vision unique. En outre, le th\u00e8me industriel de Samatex offre aux utilisateurs une pl\u00e9thore de mod\u00e8les pr\u00e9d\u00e9finis, facilitant un processus de cr\u00e9ation de site Web transparent et efficace. De plus, ce th\u00e8me va au-del\u00e0 en offrant des plugins et des widgets de pointe, y compris les formulaires de contact, l&rsquo;int\u00e9gration des m\u00e9dias sociaux et les fonctionnalit\u00e9s du support client, qui sont toutes absolument indispensables pour g\u00e9rer une entreprise industrielle florissante dans le paysage num\u00e9rique d&rsquo;aujourd&rsquo;hui. Essentiellement, le th\u00e8me industriel de Samatex est une solution logicielle robuste et globale qui \u00e9quipe sans \u00e9quivoque les entreprises industrielles modernes de tout ce dont ils ont besoin pour prosp\u00e9rer et prosp\u00e9rer dans le domaine en ligne.<\/p>\n<ul>\n<li>Th\u00e8me industriel de haute qualit\u00e9 et professionnel pour les sites Web<\/li>\n<li>Comprend un design \u00e9l\u00e9gant et moderne parfait pour les entreprises industrielles et manufacturi\u00e8res<\/li>\n<li>Comprend des \u00e9l\u00e9ments personnalisables tels que des sch\u00e9mas de couleurs, des polices et des options de mise en page<\/li>\n<li>Optimis\u00e9 pour divers appareils, y compris les ordinateurs de bureau, les tablettes et les smartphones<\/li>\n<li>Compatible avec les plates-formes Web populaires telles que WordPress et Bootstrap<\/li>\n<li>Comprend une vari\u00e9t\u00e9 de pages pr\u00e9d\u00e9finies comme nous, les services et le contact<\/li>\n<li>Offre une interface conviviale pour une personnalisation et une gestion faciles<\/li>\n<li>Fournit une prise en charge des plugins et des extensions suppl\u00e9mentaires pour am\u00e9liorer les fonctionnalit\u00e9s<\/li>\n<li>Offre l&rsquo;acc\u00e8s \u00e0 des mises \u00e0 jour r\u00e9guli\u00e8res et \u00e0 l&rsquo;assistance des applications<\/li>\n<li>Options de tarification abordables pour diverses tailles budg\u00e9taires.<\/li>\n<\/ul>\n","protected":false},"excerpt":{"rendered":"<p>Le th\u00e8me industriel de Samatex est un produit num\u00e9rique d\u00e9licieusement con\u00e7u qui d\u00e9gage une aura \u00e9l\u00e9gante et sophistiqu\u00e9e de votre site Web ou de votre projet, donnant un sentiment de professionnalisme. Il poss\u00e8de des visuels captivants et une typographie audacieuse, ce qui en fait un choix id\u00e9al pour les entreprises et les institutions op\u00e9rant dans le domaine industriel, englobant des secteurs tels que la fabrication, la logistique, l&rsquo;ing\u00e9nierie et la construction. Autoris\u00e9 avec un large \u00e9ventail de fonctionnalit\u00e9s personnalisables et une interface utilisateur intuitive et conviviale, le th\u00e8me industriel de Samatex pr\u00e9sente une occasion exceptionnelle d&rsquo;\u00e9lever la pr\u00e9sence en ligne de votre marque industrielle. Alors pourquoi en tarder davantage? Saisissez l&rsquo;occasion d&rsquo;acqu\u00e9rir ce th\u00e8me remarquable aujourd&rsquo;hui et propulsez votre pr\u00e9sence num\u00e9rique \u00e0 des hauteurs in\u00e9gal\u00e9es!<\/p>\n","protected":false},"featured_media":146600,"comment_status":"open","ping_status":"open","template":"","meta":[],"product_brand":[2433],"product_cat":[1516,1212,1213],"product_tag":[1366],"class_list":{"0":"post-131077","1":"product","2":"type-product","3":"status-publish","4":"has-post-thumbnail","6":"product_brand-themeforest","7":"product_cat-entreprise","8":"product_cat-themes","9":"product_cat-wordpress-themes","10":"product_tag-themeforest","11":"member-discount","12":"discount-restricted","14":"first","15":"instock","16":"sale","17":"downloadable","18":"virtual","19":"sold-individually","20":"purchasable","21":"product-type-simple"},"_links":{"self":[{"href":"https:\/\/gpl-love.com\/fr\/wp-json\/wp\/v2\/product\/131077","targetHints":{"allow":["GET"]}}],"collection":[{"href":"https:\/\/gpl-love.com\/fr\/wp-json\/wp\/v2\/product"}],"about":[{"href":"https:\/\/gpl-love.com\/fr\/wp-json\/wp\/v2\/types\/product"}],"replies":[{"embeddable":true,"href":"https:\/\/gpl-love.com\/fr\/wp-json\/wp\/v2\/comments?post=131077"}],"wp:featuredmedia":[{"embeddable":true,"href":"https:\/\/gpl-love.com\/fr\/wp-json\/wp\/v2\/media\/146600"}],"wp:attachment":[{"href":"https:\/\/gpl-love.com\/fr\/wp-json\/wp\/v2\/media?parent=131077"}],"wp:term":[{"taxonomy":"product_brand","embeddable":true,"href":"https:\/\/gpl-love.com\/fr\/wp-json\/wp\/v2\/product_brand?post=131077"},{"taxonomy":"product_cat","embeddable":true,"href":"https:\/\/gpl-love.com\/fr\/wp-json\/wp\/v2\/product_cat?post=131077"},{"taxonomy":"product_tag","embeddable":true,"href":"https:\/\/gpl-love.com\/fr\/wp-json\/wp\/v2\/product_tag?post=131077"}],"curies":[{"name":"wp","href":"https:\/\/api.w.org\/{rel}","templated":true}]}}