{"id":131059,"date":"2025-12-15T00:00:00","date_gmt":"2025-12-14T23:00:00","guid":{"rendered":"https:\/\/gpl-love.com\/fr\/produit\/buddypress-editable-activity\/"},"modified":"2026-03-20T23:56:30","modified_gmt":"2026-03-20T22:56:30","slug":"buddypress-editable-activity","status":"publish","type":"product","link":"https:\/\/gpl-love.com\/fr\/produit\/buddypress-editable-activity\/","title":{"rendered":"Editable Activity BuddyPress 2.0.6"},"content":{"rendered":"<h3>Editable Activity BuddyPress Traits<\/h3>\n<p>Le plugin d&rsquo;activit\u00e9 modifiable BuddyPress est un outil exceptionnellement robuste qui donne aux utilisateurs la possibilit\u00e9 de modifier sans effort leurs articles de flux d&rsquo;activit\u00e9 sur les r\u00e9seaux sociaux aliment\u00e9s par BuddyPress. Ce plugin remarquable \u00e9limine le processus encombrant de devoir supprimer, puis recr\u00e9er des publications d&rsquo;activit\u00e9, rationalisant ainsi le processus d&rsquo;\u00e9dition pour offrir aux utilisateurs une exp\u00e9rience transparente et sans tracas. En plus de sa nature conviviale, ce plugin poss\u00e8de un degr\u00e9 de personnalisation remarquable, ce qui permet aux utilisateurs de s\u00e9lectionner les types d&rsquo;activit\u00e9s sp\u00e9cifiques qui peuvent \u00eatre modifi\u00e9s ainsi que de dicter les individus qui poss\u00e8dent les privil\u00e8ges d&rsquo;\u00e9dition. Ce faisant, ce plugin permet efficacement aux utilisateurs et aux administrateurs de r\u00e9seaux sociaux une quantit\u00e9 importante de temps et d&rsquo;efforts pr\u00e9cieux en \u00e9vitant la n\u00e9cessit\u00e9 de cr\u00e9er des articles enti\u00e8rement nouveaux chaque fois qu&rsquo;une modification doit \u00eatre apport\u00e9e. Tout bien consid\u00e9r\u00e9, le plugin d&rsquo;activit\u00e9 modifiable du Buddypress appara\u00eet sans aucun doute comme un atout indispensable pour les personnes cherchant \u00e0 augmenter la fonctionnalit\u00e9 et l&rsquo;efficacit\u00e9 de leur r\u00e9seau social aliment\u00e9 par Buddypress.<\/p>\n<ul>\n<li>Permet aux utilisateurs de modifier leurs propres mises \u00e0 jour d&rsquo;activit\u00e9 dans Buddypress<\/li>\n<li>Am\u00e9liore l&rsquo;exp\u00e9rience utilisateur en permettant aux individus d&rsquo;apporter des modifications \u00e0 leurs postes de flux d&rsquo;activit\u00e9<\/li>\n<li>Fournit un plus grand contr\u00f4le sur le contenu partag\u00e9 dans la communaut\u00e9<\/li>\n<li>Encourage l&rsquo;engagement en supprimant la peur de faire des erreurs dans les mises \u00e0 jour<\/li>\n<li>Augmente la pr\u00e9cision et la pertinence des informations partag\u00e9es en permettant des mises \u00e0 jour en temps r\u00e9el<\/li>\n<li>Prend en charge les mod\u00e9rateurs de la communaut\u00e9 en leur permettant de surveiller et de modifier le contenu g\u00e9n\u00e9r\u00e9 par l&rsquo;utilisateur<\/li>\n<li>Facile \u00e0 installer et \u00e0 int\u00e9grer dans un site aliment\u00e9 par un copain<\/li>\n<li>Param\u00e8tres configurables pour contr\u00f4ler qui peut modifier leurs messages et pendant combien de temps<\/li>\n<li>Hautement personnalisable et adaptable pour correspondre \u00e0 la marque et au style du site<\/li>\n<li>Am\u00e9liore la fonctionnalit\u00e9 globale de Buddypress en ajoutant une fonctionnalit\u00e9 bien n\u00e9cessaire.<\/li>\n<\/ul>\n","protected":false},"excerpt":{"rendered":"<p>Le plugin d&rsquo;activit\u00e9 modifiable BuddyPress, un outil vraiment pratique, accorde aux utilisateurs la capacit\u00e9 inestimable \u00e0 modifier et \u00e0 adapter leurs mises \u00e0 jour d&rsquo;activit\u00e9 sur la plate-forme BuddyPress. Au moyen de ce plugin, les utilisateurs poss\u00e8dent le pouvoir de compl\u00e9ter leurs mises \u00e0 jour avec des informations suppl\u00e9mentaires, de rectifier toutes les erreurs qui auraient pu se produire et, \u00e9tonnamment, m\u00eame effacer une mise \u00e0 jour d&rsquo;activit\u00e9 enti\u00e8rement. Cette fonctionnalit\u00e9 \u00e9tonnante garantit que les utilisateurs avec un niveau de contr\u00f4le accru sur leur activit\u00e9 en ligne, leur permettant de g\u00e9rer un profil utilisateur qui est non seulement plus captivant mais aussi profond\u00e9ment pr\u00e9cis. Comme si cela ne suffisait pas, ce plugin remarquable est encore am\u00e9lior\u00e9 par ses outils d&rsquo;\u00e9dition conviviaux et son vaste assortiment d&rsquo;options personnalisables, ce qui le rend un atout le plus bienvenu dans toutes les communaut\u00e9s propuls\u00e9es par Buddypress.<\/p>\n","protected":false},"featured_media":146599,"comment_status":"open","ping_status":"open","template":"","meta":[],"product_brand":[2483],"product_cat":[1189,1181,1186],"product_tag":[1867],"class_list":{"0":"post-131059","1":"product","2":"type-product","3":"status-publish","4":"has-post-thumbnail","6":"product_brand-buddydev","7":"product_cat-personnalisation","8":"product_cat-plugins","9":"product_cat-wordpress-plugins","10":"product_tag-buddydev","11":"member-discount","12":"discount-restricted","14":"first","15":"instock","16":"sale","17":"downloadable","18":"virtual","19":"sold-individually","20":"purchasable","21":"product-type-simple"},"_links":{"self":[{"href":"https:\/\/gpl-love.com\/fr\/wp-json\/wp\/v2\/product\/131059","targetHints":{"allow":["GET"]}}],"collection":[{"href":"https:\/\/gpl-love.com\/fr\/wp-json\/wp\/v2\/product"}],"about":[{"href":"https:\/\/gpl-love.com\/fr\/wp-json\/wp\/v2\/types\/product"}],"replies":[{"embeddable":true,"href":"https:\/\/gpl-love.com\/fr\/wp-json\/wp\/v2\/comments?post=131059"}],"wp:featuredmedia":[{"embeddable":true,"href":"https:\/\/gpl-love.com\/fr\/wp-json\/wp\/v2\/media\/146599"}],"wp:attachment":[{"href":"https:\/\/gpl-love.com\/fr\/wp-json\/wp\/v2\/media?parent=131059"}],"wp:term":[{"taxonomy":"product_brand","embeddable":true,"href":"https:\/\/gpl-love.com\/fr\/wp-json\/wp\/v2\/product_brand?post=131059"},{"taxonomy":"product_cat","embeddable":true,"href":"https:\/\/gpl-love.com\/fr\/wp-json\/wp\/v2\/product_cat?post=131059"},{"taxonomy":"product_tag","embeddable":true,"href":"https:\/\/gpl-love.com\/fr\/wp-json\/wp\/v2\/product_tag?post=131059"}],"curies":[{"name":"wp","href":"https:\/\/api.w.org\/{rel}","templated":true}]}}