{"id":131058,"date":"2026-03-13T00:00:00","date_gmt":"2026-03-12T23:00:00","guid":{"rendered":"https:\/\/gpl-love.com\/fr\/produit\/buddypress-user-badges\/"},"modified":"2026-03-20T23:56:30","modified_gmt":"2026-03-20T22:56:30","slug":"buddypress-user-badges","status":"publish","type":"product","link":"https:\/\/gpl-love.com\/fr\/produit\/buddypress-user-badges\/","title":{"rendered":"User Badges BuddyPress 1.2.9"},"content":{"rendered":"<h3>User Badges BuddyPress Traits<\/h3>\n<p>Badges utilisateur BuddyPress, un plugin remarquable m\u00e9ticuleusement con\u00e7u pour am\u00e9liorer l&rsquo;engagement des utilisateurs sur le site Web de votre communaut\u00e9 BuddyPress, offre une exp\u00e9rience de gamification exquise. En utilisant ce plugin remarquable, vous avez la possibilit\u00e9 d&rsquo;accorder des badges prestigieux aux utilisateurs comme un jeton de leur r\u00e9ussite des t\u00e2ches d\u00e9sign\u00e9es ou de la r\u00e9alisation de jalons importants. Ces badges servent de repr\u00e9sentations tangibles de leurs r\u00e9alisations notables, favorisant un profond sentiment de communaut\u00e9 dans votre site Web. Bien que ce plugin pr\u00e9sente un \u00e9ventail de badges pr\u00e9existants \u00e0 utiliser, il vous permet \u00e9galement de fa\u00e7onner vos propres badges personnalis\u00e9s adapt\u00e9s aux besoins uniques de votre communaut\u00e9. Essentiellement, les badges utilisateur de Buddypress apparaissent comme un outil in\u00e9gal\u00e9 pour inciter la participation active et inspirer les utilisateurs \u00e0 forger un lien durable avec votre site Web estim\u00e9.<\/p>\n<ul>\n<li>Ajoutez une couche suppl\u00e9mentaire de reconnaissance des utilisateurs \u00e0 votre site BuddyPress avec des badges utilisateur<\/li>\n<li>R\u00e9compensez les utilisateurs avec des badges personnalis\u00e9s pour accomplir des actions ou des jalons sp\u00e9cifiques<\/li>\n<li>Afficher les badges en bonne place sur les profils d&rsquo;utilisateurs et les flux d&rsquo;activit\u00e9<\/li>\n<li>Choisissez parmi une vari\u00e9t\u00e9 de conceptions de badges ou cr\u00e9ez les v\u00f4tres avec des images et du texte personnalis\u00e9s<\/li>\n<li>G\u00e9rer et affecter facilement les badges aux utilisateurs via le tableau de bord WordPress<\/li>\n<li>Encourager l&rsquo;engagement et la fid\u00e9lit\u00e9 des utilisateurs avec un syst\u00e8me de badge amusant et interactif<\/li>\n<li>Compatible avec la derni\u00e8re version de Buddypress et WordPress<\/li>\n<li>Mises \u00e0 jour r\u00e9guli\u00e8res et prise en charge d\u00e9di\u00e9e \u00e0 une exp\u00e9rience utilisateur fluide.<\/li>\n<\/ul>\n","protected":false},"excerpt":{"rendered":"<p>Les badges utilisateur de BuddyPress sont un plugin exceptionnel qui vous donne la possibilit\u00e9 de conf\u00e9rer des badges de m\u00e9rite bien m\u00e9rit\u00e9s sur les utilisateurs estim\u00e9s de votre site estim\u00e9 BuddyPress. Gr\u00e2ce \u00e0 l&rsquo;utilisation de ce plugin remarquable, vous poss\u00e9dez la capacit\u00e9 d&rsquo;inciter efficacement et d&rsquo;encourager un comportement favorable des utilisateurs, de reconna\u00eetre d\u00fbment des jalons importants ou des r\u00e9alisations louables, et d&rsquo;infuser ing\u00e9nieusement un \u00e9l\u00e9ment de gamification dans le tissu m\u00eame de votre communaut\u00e9 vibrante. Ces badges remarquables se vantent de leur personnalisation in\u00e9gal\u00e9e, vous permettant de les orner de titres de mani\u00e8re unique et de captivation visuellement, tout en vous offrant simultan\u00e9ment la libert\u00e9 de d\u00e9terminer m\u00e9ticuleusement les actions ou les seuils pr\u00e9cis qui justifient la r\u00e9alisation de chaque badge pr\u00e9cieuse. En int\u00e9grant les badges utilisateur de BuddyPress remarquables dans votre paradis de r\u00e9seautage social, vous \u00eates assur\u00e9 de rester sans effort la t\u00eate et les \u00e9paules au-dessus de la concurrence, car vous \u00e9levez activement les niveaux d&rsquo;engagement de votre communaut\u00e9 estim\u00e9e \u00e0 des sommets sans pr\u00e9c\u00e9dent.<\/p>\n","protected":false},"featured_media":146598,"comment_status":"open","ping_status":"open","template":"","meta":[],"product_brand":[2483],"product_cat":[1189,1181,1186],"product_tag":[1867],"class_list":{"0":"post-131058","1":"product","2":"type-product","3":"status-publish","4":"has-post-thumbnail","6":"product_brand-buddydev","7":"product_cat-personnalisation","8":"product_cat-plugins","9":"product_cat-wordpress-plugins","10":"product_tag-buddydev","11":"member-discount","12":"discount-restricted","14":"first","15":"instock","16":"sale","17":"downloadable","18":"virtual","19":"sold-individually","20":"purchasable","21":"product-type-simple"},"_links":{"self":[{"href":"https:\/\/gpl-love.com\/fr\/wp-json\/wp\/v2\/product\/131058","targetHints":{"allow":["GET"]}}],"collection":[{"href":"https:\/\/gpl-love.com\/fr\/wp-json\/wp\/v2\/product"}],"about":[{"href":"https:\/\/gpl-love.com\/fr\/wp-json\/wp\/v2\/types\/product"}],"replies":[{"embeddable":true,"href":"https:\/\/gpl-love.com\/fr\/wp-json\/wp\/v2\/comments?post=131058"}],"wp:featuredmedia":[{"embeddable":true,"href":"https:\/\/gpl-love.com\/fr\/wp-json\/wp\/v2\/media\/146598"}],"wp:attachment":[{"href":"https:\/\/gpl-love.com\/fr\/wp-json\/wp\/v2\/media?parent=131058"}],"wp:term":[{"taxonomy":"product_brand","embeddable":true,"href":"https:\/\/gpl-love.com\/fr\/wp-json\/wp\/v2\/product_brand?post=131058"},{"taxonomy":"product_cat","embeddable":true,"href":"https:\/\/gpl-love.com\/fr\/wp-json\/wp\/v2\/product_cat?post=131058"},{"taxonomy":"product_tag","embeddable":true,"href":"https:\/\/gpl-love.com\/fr\/wp-json\/wp\/v2\/product_tag?post=131058"}],"curies":[{"name":"wp","href":"https:\/\/api.w.org\/{rel}","templated":true}]}}