{"id":131056,"date":"2026-03-23T00:00:00","date_gmt":"2026-03-22T23:00:00","guid":{"rendered":"https:\/\/gpl-love.com\/fr\/produit\/supportcandy-satisfaction-survey\/"},"modified":"2026-03-23T23:31:14","modified_gmt":"2026-03-23T22:31:14","slug":"supportcandy-satisfaction-survey","status":"publish","type":"product","link":"https:\/\/gpl-love.com\/fr\/produit\/supportcandy-satisfaction-survey\/","title":{"rendered":"SupportCandy Satisfaction Survey 3.2.3"},"content":{"rendered":"<h3>SupportCandy Satisfaction Survey Traits<\/h3>\n<p>Le sondage de satisfaction de SupportCandy est un outil incroyablement robuste et ing\u00e9nieux qui a \u00e9t\u00e9 m\u00e9ticuleusement con\u00e7u pour aider grandement les entreprises dans le processus de collecte de commentaires extr\u00eamement pr\u00e9cieux de leurs clients estim\u00e9s. Cet outil estim\u00e9 permet efficacement aux entreprises de g\u00e9rer et de personnaliser de mani\u00e8re experte les enqu\u00eates m\u00e9ticuleusement sur mesure qu&rsquo;elles peuvent envahir de mani\u00e8re transparente \u00e0 leurs clients estim\u00e9s, facilitant ainsi astucieusement l&rsquo;acquisition de perspectives inestimables sur les niveaux de satisfaction de leurs clients simultan\u00e9 des zones qui n\u00e9cessitent une am\u00e9lioration. Cette solution d&rsquo;enqu\u00eate extr\u00eamement con\u00e7ue a \u00e9t\u00e9 astucieusement con\u00e7ue pour \u00eatre \u00e9tonnamment conviviale et extr\u00eamement accessible, car elle peut \u00eatre accessible sans effort \u00e0 partir de n&rsquo;importe quel appareil, garantissant ainsi une exp\u00e9rience de participation tr\u00e8s pratique et sans tracas. Les donn\u00e9es exceptionnellement compl\u00e8tes et profondes qui sont collect\u00e9es de mani\u00e8re experte sont ensuite m\u00e9ticuleusement organis\u00e9es en rapports tr\u00e8s perspicaces, \u00e9quipant ainsi efficacement les entreprises de la capacit\u00e9 inestimable \u00e0 identifier avec succ\u00e8s les tendances r\u00e9pandues et \u00e0 prendre des d\u00e9cisions incroyablement prudentes et bien inform\u00e9es. Par cons\u00e9quent, avec l&rsquo;assistance remarquable de l&rsquo;enqu\u00eate de satisfaction de SupportCandy, les entreprises ont intrins\u00e8quement l&rsquo;occasion extraordinaire d&rsquo;am\u00e9liorer consid\u00e9rablement la satisfaction des clients, de favoriser et de cultiver la fid\u00e9lit\u00e9 in\u00e9branlable de la client\u00e8le et, finalement, de propulser la croissance et la prosp\u00e9rit\u00e9 in\u00e9gal\u00e9es.<\/p>\n<ul>\n<li>Collectez et analysez les commentaires des clients sur vos produits ou services<\/li>\n<li>Obtenez des informations pr\u00e9cieuses sur la satisfaction des clients et les domaines d&rsquo;am\u00e9lioration<\/li>\n<li>Personnalisez les questions de l&rsquo;enqu\u00eate et la conception pour s&rsquo;adapter \u00e0 votre marque et \u00e0 votre public<\/li>\n<li>Identifier les tendances et les mod\u00e8les dans les commentaires des clients pour \u00e9clairer les d\u00e9cisions commerciales<\/li>\n<li>Int\u00e9gration facile avec le logiciel de support de supportCandy pour une exp\u00e9rience client transparente<\/li>\n<li>Exporter des donn\u00e9es d&rsquo;enqu\u00eate vers Excel ou CSV pour une analyse ou un rapport plus approfondi<\/li>\n<li>D\u00e9clencheurs automatis\u00e9s pour envoyer des enqu\u00eates de satisfaction apr\u00e8s les interactions du client<\/li>\n<li>Surveiller et suivre les taux de r\u00e9ponse \u00e0 l&rsquo;enqu\u00eate en temps r\u00e9el<\/li>\n<li>Am\u00e9liorer la fid\u00e9lit\u00e9 et la r\u00e9tention de la client\u00e8le en abordant les domaines de pr\u00e9occupation et en montrant l&rsquo;appr\u00e9ciation des commentaires positifs.<\/li>\n<\/ul>\n","protected":false},"excerpt":{"rendered":"<p>L&rsquo;enqu\u00eate SupportCandy Satisfaction offre aux entreprises un moyen tr\u00e8s efficace et efficace d&rsquo;acqu\u00e9rir des commentaires essentiels de leur client\u00e8le, am\u00e9liorant ainsi la qualit\u00e9 de leurs services de support client. Gr\u00e2ce \u00e0 l&rsquo;utilisation d&rsquo;outils conviviaux et personnalisables, les entreprises peuvent concevoir sans effort des enqu\u00eates qui sont parfaitement adapt\u00e9es pour saisir les informations pr\u00e9cises n\u00e9cessaires pour \u00e9lever les niveaux de satisfaction des clients, favoriser une plus grande fid\u00e9lit\u00e9 \u00e0 la client\u00e8le et finalement favoriser la croissance des entreprises. En se pr\u00e9voyant de l&rsquo;enqu\u00eate de satisfaction de SupportCandy, les entreprises peuvent obtenir des informations pr\u00e9cieuses sur les perceptions des clients, optimiser leurs syst\u00e8mes de soutien et cultiver une r\u00e9putation solide et positive de la marque.<\/p>\n","protected":false},"featured_media":146596,"comment_status":"open","ping_status":"open","template":"","meta":[],"product_brand":[2666],"product_cat":[1187,1181,1186],"product_tag":[1855],"class_list":{"0":"post-131056","1":"product","2":"type-product","3":"status-publish","4":"has-post-thumbnail","6":"product_brand-supportcandy","7":"product_cat-administration-wordpress-plugins","8":"product_cat-plugins","9":"product_cat-wordpress-plugins","10":"product_tag-supportcandy","11":"member-discount","12":"discount-restricted","14":"first","15":"instock","16":"sale","17":"downloadable","18":"virtual","19":"sold-individually","20":"purchasable","21":"product-type-simple"},"_links":{"self":[{"href":"https:\/\/gpl-love.com\/fr\/wp-json\/wp\/v2\/product\/131056","targetHints":{"allow":["GET"]}}],"collection":[{"href":"https:\/\/gpl-love.com\/fr\/wp-json\/wp\/v2\/product"}],"about":[{"href":"https:\/\/gpl-love.com\/fr\/wp-json\/wp\/v2\/types\/product"}],"replies":[{"embeddable":true,"href":"https:\/\/gpl-love.com\/fr\/wp-json\/wp\/v2\/comments?post=131056"}],"wp:featuredmedia":[{"embeddable":true,"href":"https:\/\/gpl-love.com\/fr\/wp-json\/wp\/v2\/media\/146596"}],"wp:attachment":[{"href":"https:\/\/gpl-love.com\/fr\/wp-json\/wp\/v2\/media?parent=131056"}],"wp:term":[{"taxonomy":"product_brand","embeddable":true,"href":"https:\/\/gpl-love.com\/fr\/wp-json\/wp\/v2\/product_brand?post=131056"},{"taxonomy":"product_cat","embeddable":true,"href":"https:\/\/gpl-love.com\/fr\/wp-json\/wp\/v2\/product_cat?post=131056"},{"taxonomy":"product_tag","embeddable":true,"href":"https:\/\/gpl-love.com\/fr\/wp-json\/wp\/v2\/product_tag?post=131056"}],"curies":[{"name":"wp","href":"https:\/\/api.w.org\/{rel}","templated":true}]}}