{"id":131055,"date":"2026-03-23T00:00:00","date_gmt":"2026-03-22T23:00:00","guid":{"rendered":"https:\/\/gpl-love.com\/fr\/produit\/supportcandy-schedule-tickets\/"},"modified":"2026-03-23T23:31:13","modified_gmt":"2026-03-23T22:31:13","slug":"supportcandy-schedule-tickets","status":"publish","type":"product","link":"https:\/\/gpl-love.com\/fr\/produit\/supportcandy-schedule-tickets\/","title":{"rendered":"SupportCandy Schedule Tickets 3.1.2"},"content":{"rendered":"<h3>SupportCandy Schedule Tickets Traits<\/h3>\n<p>Les billets de planification de supportCandy sont une application logicielle tr\u00e8s robuste et avanc\u00e9e qui offre aux entreprises un moyen tr\u00e8s efficace et efficace pour g\u00e9rer et g\u00e9rer efficacement leurs billets de support client. Cette solution logicielle de pointe permet aux clients de planifier sans effort et commod\u00e9ment leurs billets d&rsquo;assistance, permettant ainsi aux entreprises de surveiller et de garder un \u0153il de mani\u00e8re transparente sur leurs demandes d&rsquo;assistance et de les r\u00e9pondre rapidement en temps opportun et rapide. En tirant parti des capacit\u00e9s et des fonctionnalit\u00e9s exceptionnelles des billets de planification de supportCandy, les entreprises peuvent rationaliser efficacement leur processus de soutien, am\u00e9liorer consid\u00e9rablement et augmenter consid\u00e9rablement les niveaux de satisfaction des clients, et finalement renforcer et augmenter leurs revenus globaux et leurs performances financi\u00e8res. Cette plate-forme logicielle tr\u00e8s conviviale, intuitive et riche en fonctionnalit\u00e9s sert d&rsquo;outil crucial et indispensable pour toute entreprise ou organisation qui vise \u00e0 fournir et \u00e0 fournir un support client exceptionnel et in\u00e9gal\u00e9. Quelle que soit l&rsquo;\u00e9chelle ou la taille de votre \u00e9tablissement commercial, qu&rsquo;il s&rsquo;agisse d&rsquo;une entreprise \u00e0 petite \u00e9chelle ou d&rsquo;une grande soci\u00e9t\u00e9 multinationale, les billets de planification de SupportCandy repr\u00e9sentent la solution ultime et optimale pour g\u00e9rer et administrer vos billets d&rsquo;assistance et fournir un service client extraordinaire et exceptionnel qui vous \u00e9tablit En dehors de la comp\u00e9tition.<\/p>\n<ul>\n<li>Planifiez des billets pour une gestion efficace du support client<\/li>\n<li>Une interface facile \u00e0 utiliser permet une planification rapide des billets<\/li>\n<li>Options de planification personnalisables pour r\u00e9pondre aux besoins de votre \u00e9quipe d&rsquo;assistance<\/li>\n<li>Gave le temps et am\u00e9liore la productivit\u00e9 en automatisant la planification des billets<\/li>\n<li>Permet aux membres de l&rsquo;\u00e9quipe d&rsquo;assistance de se concentrer sur la r\u00e9solution des probl\u00e8mes des clients au lieu de planifier manuellement les billets<\/li>\n<li>Fournit un syst\u00e8me centralis\u00e9 pour g\u00e9rer et suivre les billets planifi\u00e9s<\/li>\n<li>Fonctionne parfaitement avec d&rsquo;autres fonctionnalit\u00e9s de supportCandy pour une solution compl\u00e8te de support client<\/li>\n<\/ul>\n","protected":false},"excerpt":{"rendered":"<p>Avec la caract\u00e9ristique r\u00e9volutionnaire des billets de calendrier SupportCandy, la t\u00e2che ardue de g\u00e9rer votre aide de l&rsquo;aide devient beaucoup plus facile, vous accordant la possibilit\u00e9 de planifier des billets \u00e0 r\u00e9soudre \u00e0 des moments et des dates pr\u00e9cis. Cette fonction inestimable vous permet d&rsquo;allouer efficacement votre charge de travail et de d\u00e9passer ainsi les attentes des clients. Il est r\u00e9volu le temps d&rsquo;essayer fr\u00e9n\u00e9tiquement de remplir les billets avant la fin de la journ\u00e9e ou de manquer sans cesse les d\u00e9lais vitaux &#8211; Soutenir les billets de calendrier de soutien garantissent une couverture compl\u00e8te. Embrassez cet outil de pointe aujourd&rsquo;hui et assistez de premi\u00e8re main \u00e0 l&rsquo;efficacit\u00e9 extraordinaire que votre \u00e9quipe de soutien peut atteindre.<\/p>\n","protected":false},"featured_media":146595,"comment_status":"open","ping_status":"open","template":"","meta":[],"product_brand":[2666],"product_cat":[1187,1181,1186],"product_tag":[1855],"class_list":{"0":"post-131055","1":"product","2":"type-product","3":"status-publish","4":"has-post-thumbnail","6":"product_brand-supportcandy","7":"product_cat-administration-wordpress-plugins","8":"product_cat-plugins","9":"product_cat-wordpress-plugins","10":"product_tag-supportcandy","11":"member-discount","12":"discount-restricted","14":"first","15":"instock","16":"sale","17":"downloadable","18":"virtual","19":"sold-individually","20":"purchasable","21":"product-type-simple"},"_links":{"self":[{"href":"https:\/\/gpl-love.com\/fr\/wp-json\/wp\/v2\/product\/131055","targetHints":{"allow":["GET"]}}],"collection":[{"href":"https:\/\/gpl-love.com\/fr\/wp-json\/wp\/v2\/product"}],"about":[{"href":"https:\/\/gpl-love.com\/fr\/wp-json\/wp\/v2\/types\/product"}],"replies":[{"embeddable":true,"href":"https:\/\/gpl-love.com\/fr\/wp-json\/wp\/v2\/comments?post=131055"}],"wp:featuredmedia":[{"embeddable":true,"href":"https:\/\/gpl-love.com\/fr\/wp-json\/wp\/v2\/media\/146595"}],"wp:attachment":[{"href":"https:\/\/gpl-love.com\/fr\/wp-json\/wp\/v2\/media?parent=131055"}],"wp:term":[{"taxonomy":"product_brand","embeddable":true,"href":"https:\/\/gpl-love.com\/fr\/wp-json\/wp\/v2\/product_brand?post=131055"},{"taxonomy":"product_cat","embeddable":true,"href":"https:\/\/gpl-love.com\/fr\/wp-json\/wp\/v2\/product_cat?post=131055"},{"taxonomy":"product_tag","embeddable":true,"href":"https:\/\/gpl-love.com\/fr\/wp-json\/wp\/v2\/product_tag?post=131055"}],"curies":[{"name":"wp","href":"https:\/\/api.w.org\/{rel}","templated":true}]}}