{"id":131054,"date":"2026-03-25T00:00:00","date_gmt":"2026-03-24T23:00:00","guid":{"rendered":"https:\/\/gpl-love.com\/fr\/produit\/supportcandy-sla\/"},"modified":"2026-03-25T23:31:23","modified_gmt":"2026-03-25T22:31:23","slug":"supportcandy-sla","status":"publish","type":"product","link":"https:\/\/gpl-love.com\/fr\/produit\/supportcandy-sla\/","title":{"rendered":"SupportCandy SLA 3.1.9"},"content":{"rendered":"<h3>SupportCandy SLA Traits<\/h3>\n<p>Le SupportCandy SLA, qui est un outil incroyablement pr\u00e9cieux pour les entreprises visant \u00e0 am\u00e9liorer leurs services de support client, pr\u00e9sente un accord de niveau de service transparent qui d\u00e9limite en profondeur l&rsquo;\u00e9tendue du soutien que les clients peuvent anticiper, \u00e9tablissant ainsi les attentes pragmatiques pour les deux parties concern\u00e9es. En utilisant le SAVETCANDY SLA, les entreprises peuvent d\u00e9terminer efficacement qu&rsquo;elles r\u00e9pondent ad\u00e9quatement aux exigences des clients et fournissent un service de premier ordre. Ce logiciel remarquable int\u00e8gre \u00e9galement des fonctionnalit\u00e9s notables telles que l&rsquo;escalade automatique des billets en fonction de leurs niveaux de priorit\u00e9 respectifs, ainsi que des fonctionnalit\u00e9s de rapport compl\u00e8tes qui facilitent le suivi m\u00e9ticuleux des performances d&rsquo;une \u00e9quipe de soutien d&rsquo;une entreprise. Gr\u00e2ce \u00e0 l&rsquo;utilisation du SLA de soutien \u00e0 la SLA, les entreprises peuvent bien augmenter la satisfaction et la fid\u00e9lit\u00e9 des clients, tout en am\u00e9liorant leurs propres proc\u00e9dures op\u00e9rationnelles internes.<\/p>\n<ul>\n<li>SupportCandy SLA est un syst\u00e8me de support complet con\u00e7u pour rationaliser votre processus de service client et am\u00e9liorer les temps de r\u00e9ponse.<\/li>\n<li>Ce produit vous permet de d\u00e9finir et d&rsquo;atteindre les objectifs SLA (accord de niveau de service) pour des temps de r\u00e9solution de billets plus rapides et des taux de satisfaction client plus \u00e9lev\u00e9s.<\/li>\n<li>Avec SupportCandy SLA, vous pouvez d\u00e9finir et affecter des politiques SLA \u00e0 des billets individuels, en vous garantissant que les probl\u00e8mes de support de grande priorit\u00e9 sont trait\u00e9s rapidement et efficacement.<\/li>\n<li>Le syst\u00e8me comprend une gamme de mod\u00e8les personnalisables et de workflows automatis\u00e9s, ce qui facilite le suivi et la gestion des demandes de support du d\u00e9but \u00e0 la fin.<\/li>\n<li>En fournissant \u00e0 votre \u00e9quipe un puissant outil de support, SupportCandy SLA peut aider \u00e0 stimuler la productivit\u00e9, \u00e0 r\u00e9duire les erreurs et \u00e0 minimiser la frustration des clients.<\/li>\n<li>Des fonctionnalit\u00e9s telles que les rapports granulaires, les analyses et les int\u00e9grations avec les principaux CRM et les plates-formes de bureau vous permettent de mieux comprendre vos op\u00e9rations de support et d&rsquo;am\u00e9liorer vos niveaux de service au fil du temps.<\/li>\n<li>SupportCandy SLA est \u00e9volutif et adapt\u00e9 aux entreprises de toutes tailles, des startups aux grandes entreprises.<\/li>\n<li>Le produit est soutenu par une \u00e9quipe de professionnels du soutien d\u00e9di\u00e9s qui peuvent aider \u00e0 la mise en \u0153uvre, \u00e0 la personnalisation et au d\u00e9pannage.<\/li>\n<li>En fin de compte, SupportCandy SLA est une solution fiable et efficace pour les organisations qui cherchent \u00e0 faire passer leur service \u00e0 la client\u00e8le au niveau sup\u00e9rieur.<\/li>\n<\/ul>\n","protected":false},"excerpt":{"rendered":"<p>SupportCandy SLA est une extension qui a \u00e9t\u00e9 con\u00e7ue pour agir comme un accord de niveau de service pour le plugin de supportCandy, qui accorde aux entreprises l&rsquo;acc\u00e8s \u00e0 une pl\u00e9thore de fonctionnalit\u00e9s de support client am\u00e9lior\u00e9es. En mettant en \u0153uvre SupportCandy SLA, les entreprises peuvent garantir efficacement que leur \u00e9quipe d&rsquo;assistance remplit constamment leurs engagements de niveau de service gr\u00e2ce \u00e0 la cr\u00e9ation de mesures sp\u00e9cifiques concernant les temps de r\u00e9ponse, la r\u00e9solution des billets et les cotes de satisfaction des clients. Cette extension remarquable permet non seulement aux entreprises d&rsquo;offrir un support client in\u00e9gal\u00e9, mais facilite \u00e9galement le suivi de leurs progr\u00e8s et l&rsquo;am\u00e9lioration de leur exp\u00e9rience client globale.<\/p>\n","protected":false},"featured_media":146594,"comment_status":"open","ping_status":"open","template":"","meta":[],"product_brand":[2666],"product_cat":[1187,1181,1186],"product_tag":[1855],"class_list":{"0":"post-131054","1":"product","2":"type-product","3":"status-publish","4":"has-post-thumbnail","6":"product_brand-supportcandy","7":"product_cat-administration-wordpress-plugins","8":"product_cat-plugins","9":"product_cat-wordpress-plugins","10":"product_tag-supportcandy","11":"member-discount","12":"discount-restricted","14":"first","15":"instock","16":"sale","17":"downloadable","18":"virtual","19":"sold-individually","20":"purchasable","21":"product-type-simple"},"_links":{"self":[{"href":"https:\/\/gpl-love.com\/fr\/wp-json\/wp\/v2\/product\/131054","targetHints":{"allow":["GET"]}}],"collection":[{"href":"https:\/\/gpl-love.com\/fr\/wp-json\/wp\/v2\/product"}],"about":[{"href":"https:\/\/gpl-love.com\/fr\/wp-json\/wp\/v2\/types\/product"}],"replies":[{"embeddable":true,"href":"https:\/\/gpl-love.com\/fr\/wp-json\/wp\/v2\/comments?post=131054"}],"wp:featuredmedia":[{"embeddable":true,"href":"https:\/\/gpl-love.com\/fr\/wp-json\/wp\/v2\/media\/146594"}],"wp:attachment":[{"href":"https:\/\/gpl-love.com\/fr\/wp-json\/wp\/v2\/media?parent=131054"}],"wp:term":[{"taxonomy":"product_brand","embeddable":true,"href":"https:\/\/gpl-love.com\/fr\/wp-json\/wp\/v2\/product_brand?post=131054"},{"taxonomy":"product_cat","embeddable":true,"href":"https:\/\/gpl-love.com\/fr\/wp-json\/wp\/v2\/product_cat?post=131054"},{"taxonomy":"product_tag","embeddable":true,"href":"https:\/\/gpl-love.com\/fr\/wp-json\/wp\/v2\/product_tag?post=131054"}],"curies":[{"name":"wp","href":"https:\/\/api.w.org\/{rel}","templated":true}]}}