{"id":131053,"date":"2026-03-23T00:00:00","date_gmt":"2026-03-22T23:00:00","guid":{"rendered":"https:\/\/gpl-love.com\/fr\/produit\/supportcandy-timer\/"},"modified":"2026-03-23T23:31:12","modified_gmt":"2026-03-23T22:31:12","slug":"supportcandy-timer","status":"publish","type":"product","link":"https:\/\/gpl-love.com\/fr\/produit\/supportcandy-timer\/","title":{"rendered":"SupportCandy Timer 3.2.0"},"content":{"rendered":"<h3>SupportCandy Timer Traits<\/h3>\n<p>La minuterie de supportCandy, un outil incroyablement pratique pour g\u00e9rer efficacement les t\u00e2ches de support client, s&rsquo;av\u00e8re \u00eatre un atout instrumental. En utilisant ce temporisateur, les agents du support client peuvent surveiller m\u00e9ticuleusement la dur\u00e9e d\u00e9di\u00e9e \u00e0 chaque t\u00e2che, en s&rsquo;assurant par la suite que leur allocation de temps reste efficace de mani\u00e8re optimale. La simplicit\u00e9 exceptionnelle pr\u00e9sent\u00e9e par la minuterie de supportCandy, qui peut \u00eatre directement accessible \u00e0 partir du tableau de bord SupportCandy, contribue en outre \u00e0 son attrait global. De plus, sa polyvalence est illustr\u00e9e par la possibilit\u00e9 de le personnaliser et de l&rsquo;adapter aux pr\u00e9f\u00e9rences individuelles, permettant aux utilisateurs d&rsquo;\u00e9tablir des contraintes de temps pr\u00e9cises pour diverses t\u00e2ches de support. Par cons\u00e9quent, avec l&rsquo;incorporation de cette minuterie, les \u00e9quipes de support client peuvent consid\u00e9rablement am\u00e9liorer leurs niveaux de productivit\u00e9 tout en fournissant simultan\u00e9ment un calibre de service exceptionnel \u00e0 leurs clients pr\u00e9cieux.<\/p>\n<ul>\n<li>Outil de minuterie convivial con\u00e7u pour les agents du support client<\/li>\n<li>Permet aux agents de fixer des d\u00e9lais pour les interactions du client<\/li>\n<li>Affiche une minuterie \u00e0 compte \u00e0 rebours pour chaque interaction<\/li>\n<li>Fournit des alertes lorsque la limite de temps approche ou a expir\u00e9<\/li>\n<li>Aide \u00e0 am\u00e9liorer l&rsquo;efficacit\u00e9 et la productivit\u00e9 des agents<\/li>\n<li>Param\u00e8tres personnalisables pour r\u00e9pondre aux besoins commerciaux sp\u00e9cifiques<\/li>\n<li>Peut \u00eatre utilis\u00e9 conjointement avec d&rsquo;autres outils de support client<\/li>\n<li>Disponible pour les appareils de bureau et mobiles<\/li>\n<li>Installation simple et interface utilisateur<\/li>\n<li>G\u00e8re efficacement les demandes de support client, augmentant la satisfaction des clients.<\/li>\n<\/ul>\n","protected":false},"excerpt":{"rendered":"<p>La minuterie de supportCandy, un outil tr\u00e8s efficace con\u00e7u pour am\u00e9liorer la gestion de votre temps de support client, est un atout inestimable. En utilisant cette minuterie conviviale, vous pouvez garantir qu&rsquo;aucune date limite ne passe \u00e0 travers les mailles du filet, vous offrant la tranquillit\u00e9 de diriger votre attention sur ce qui compte vraiment &#8211; vos clients estim\u00e9s! Avec une multitude de param\u00e8tres personnalisables, vous avez la possibilit\u00e9 d&rsquo;\u00e9tablir sans effort vos intervalles de temps pr\u00e9f\u00e9r\u00e9s et de recevoir des alertes opportunes. Ne tardez plus plus! Acqu\u00e9rir votre propre minuterie de supportCandy d\u00e8s aujourd&rsquo;hui et d\u00e9bloquer le potentiel d&rsquo;optimiser votre productivit\u00e9 dans le support client!<\/p>\n","protected":false},"featured_media":146593,"comment_status":"open","ping_status":"open","template":"","meta":[],"product_brand":[2666],"product_cat":[1187,1181,1186],"product_tag":[1855],"class_list":{"0":"post-131053","1":"product","2":"type-product","3":"status-publish","4":"has-post-thumbnail","6":"product_brand-supportcandy","7":"product_cat-administration-wordpress-plugins","8":"product_cat-plugins","9":"product_cat-wordpress-plugins","10":"product_tag-supportcandy","11":"member-discount","12":"discount-restricted","14":"first","15":"instock","16":"sale","17":"downloadable","18":"virtual","19":"sold-individually","20":"purchasable","21":"product-type-simple"},"_links":{"self":[{"href":"https:\/\/gpl-love.com\/fr\/wp-json\/wp\/v2\/product\/131053","targetHints":{"allow":["GET"]}}],"collection":[{"href":"https:\/\/gpl-love.com\/fr\/wp-json\/wp\/v2\/product"}],"about":[{"href":"https:\/\/gpl-love.com\/fr\/wp-json\/wp\/v2\/types\/product"}],"replies":[{"embeddable":true,"href":"https:\/\/gpl-love.com\/fr\/wp-json\/wp\/v2\/comments?post=131053"}],"wp:featuredmedia":[{"embeddable":true,"href":"https:\/\/gpl-love.com\/fr\/wp-json\/wp\/v2\/media\/146593"}],"wp:attachment":[{"href":"https:\/\/gpl-love.com\/fr\/wp-json\/wp\/v2\/media?parent=131053"}],"wp:term":[{"taxonomy":"product_brand","embeddable":true,"href":"https:\/\/gpl-love.com\/fr\/wp-json\/wp\/v2\/product_brand?post=131053"},{"taxonomy":"product_cat","embeddable":true,"href":"https:\/\/gpl-love.com\/fr\/wp-json\/wp\/v2\/product_cat?post=131053"},{"taxonomy":"product_tag","embeddable":true,"href":"https:\/\/gpl-love.com\/fr\/wp-json\/wp\/v2\/product_tag?post=131053"}],"curies":[{"name":"wp","href":"https:\/\/api.w.org\/{rel}","templated":true}]}}