{"id":131051,"date":"2025-05-26T00:00:00","date_gmt":"2025-05-25T22:00:00","guid":{"rendered":"https:\/\/gpl-love.com\/fr\/produit\/meta-box-favorite-posts\/"},"modified":"2026-03-20T23:56:24","modified_gmt":"2026-03-20T22:56:24","slug":"meta-box-favorite-posts","status":"publish","type":"product","link":"https:\/\/gpl-love.com\/fr\/produit\/meta-box-favorite-posts\/","title":{"rendered":"Meta Box Favorite Posts 2.0.9"},"content":{"rendered":"<h3>Meta Box Favorite Posts Traits<\/h3>\n<p>Le plugin de messages pr\u00e9f\u00e9r\u00e9 Meta Box, qui a \u00e9t\u00e9 m\u00e9ticuleusement con\u00e7u, a le but d&rsquo;am\u00e9liorer l&rsquo;exp\u00e9rience utilisateur gr\u00e2ce \u00e0 sa fourniture d&rsquo;une fonctionnalit\u00e9 qui permet aux utilisateurs de d\u00e9signer leurs publications pr\u00e9f\u00e9r\u00e9es. Ce plugin avantageux \u00e9limine essentiellement la n\u00e9cessit\u00e9 pour les utilisateurs de passer des efforts et du temps pour rechercher manuellement leur contenu pr\u00e9f\u00e9r\u00e9, car il leur accorde la commodit\u00e9 de pr\u00e9server et d&rsquo;acc\u00e9der sans effort le contenu souhait\u00e9. De plus, le plugin se caract\u00e9rise par son adaptabilit\u00e9 remarquable, offrant aux utilisateurs la libert\u00e9 d&rsquo;exercer leur discr\u00e9tion en s\u00e9lectionnant les articles sp\u00e9cifiques qu&rsquo;ils souhaitent d\u00e9signer en tant que favoris, ainsi que pour d\u00e9terminer l&#8217;emplacement pr\u00e9cis dans lequel le bouton pr\u00e9f\u00e9r\u00e9 devrait \u00eatre situ\u00e9. Par cons\u00e9quent, il devient absolument \u00e9vident que le plugin de messages pr\u00e9f\u00e9r\u00e9 Meta Box sert de ressource impeccable pour les blogueurs et les propri\u00e9taires de sites Web qui nourrissent le d\u00e9sir d&rsquo;\u00e9lever la convivialit\u00e9 globale et d&rsquo;augmenter l&rsquo;engagement des utilisateurs sur leurs plateformes respectives. En pr\u00e9sentant de mani\u00e8re transparente une solution simple mais tr\u00e8s efficace qui est \u00e0 la fois conviviale et facilement impl\u00e9mentable, ce plugin appara\u00eet comme le choix par excellence pour ceux qui ont l&rsquo;intention d&rsquo;optimiser leurs sites Web.<\/p>\n<ul>\n<li>Facilite un acc\u00e8s facile \u00e0 des articles fr\u00e9quemment visit\u00e9s<\/li>\n<li>Permet aux utilisateurs de marquer les publications comme favoris pour une r\u00e9cup\u00e9ration plus rapide<\/li>\n<li>Gave le temps en \u00e9liminant la n\u00e9cessit\u00e9 de rechercher un contenu fr\u00e9quemment consult\u00e9<\/li>\n<li>Compatible avec la plupart des th\u00e8mes et plugins WordPress<\/li>\n<li>Interface conviviale pour une configuration et une gestion faciles<\/li>\n<li>Aucun codage requis, ce qui le rend accessible aux utilisateurs de tous les niveaux de comp\u00e9tence<\/li>\n<li>Am\u00e9liore la productivit\u00e9 en r\u00e9duisant le temps pass\u00e9 \u00e0 la recherche d&rsquo;un contenu important<\/li>\n<li>Peut \u00eatre personnalis\u00e9 avec diverses options d&rsquo;affichage pour correspondre \u00e0 la conception du site Web<\/li>\n<li>Augmente l&rsquo;efficacit\u00e9 du site Web en am\u00e9liorant l&rsquo;exp\u00e9rience utilisateur<\/li>\n<li>Aide \u00e0 garder une trace des publications populaires et \u00e0 optimiser le contenu du site Web<\/li>\n<\/ul>\n","protected":false},"excerpt":{"rendered":"<p>Le plugin de messages pr\u00e9f\u00e9r\u00e9 Meta Box est un outil exceptionnel adapt\u00e9 aux personnes \u00e0 la recherche d&rsquo;une solution transparente et efficace pour pr\u00e9server et r\u00e9cup\u00e9rer leurs messages WordPress pr\u00e9f\u00e9r\u00e9s sans effort. Au moyen de quelques clics, les utilisateurs ont la possibilit\u00e9 de d\u00e9signer n&rsquo;importe quel article en tant que favori, le localisant par la suite sans effort \u00e0 un moment ult\u00e9rieur via un tableau de bord sp\u00e9cialis\u00e9 d\u00e9di\u00e9 aux publications pr\u00e9f\u00e9r\u00e9es. Peu importe que l&rsquo;on soit un blogueur, un cr\u00e9ateur de contenu ou simplement un fervent admirateur de WordPress, ce plugin s&rsquo;av\u00e8re inestimable en termes de mesures d&rsquo;\u00e9conomie de temps et facilitant la d\u00e9couverte de messages ch\u00e9ris.<\/p>\n","protected":false},"featured_media":146592,"comment_status":"open","ping_status":"open","template":"","meta":[],"product_brand":[2593],"product_cat":[1189,1181,1186],"product_tag":[2266],"class_list":{"0":"post-131051","1":"product","2":"type-product","3":"status-publish","4":"has-post-thumbnail","6":"product_brand-meta-box","7":"product_cat-personnalisation","8":"product_cat-plugins","9":"product_cat-wordpress-plugins","10":"product_tag-meta-box","11":"member-discount","12":"discount-restricted","14":"first","15":"instock","16":"sale","17":"downloadable","18":"virtual","19":"sold-individually","20":"purchasable","21":"product-type-simple"},"_links":{"self":[{"href":"https:\/\/gpl-love.com\/fr\/wp-json\/wp\/v2\/product\/131051","targetHints":{"allow":["GET"]}}],"collection":[{"href":"https:\/\/gpl-love.com\/fr\/wp-json\/wp\/v2\/product"}],"about":[{"href":"https:\/\/gpl-love.com\/fr\/wp-json\/wp\/v2\/types\/product"}],"replies":[{"embeddable":true,"href":"https:\/\/gpl-love.com\/fr\/wp-json\/wp\/v2\/comments?post=131051"}],"wp:featuredmedia":[{"embeddable":true,"href":"https:\/\/gpl-love.com\/fr\/wp-json\/wp\/v2\/media\/146592"}],"wp:attachment":[{"href":"https:\/\/gpl-love.com\/fr\/wp-json\/wp\/v2\/media?parent=131051"}],"wp:term":[{"taxonomy":"product_brand","embeddable":true,"href":"https:\/\/gpl-love.com\/fr\/wp-json\/wp\/v2\/product_brand?post=131051"},{"taxonomy":"product_cat","embeddable":true,"href":"https:\/\/gpl-love.com\/fr\/wp-json\/wp\/v2\/product_cat?post=131051"},{"taxonomy":"product_tag","embeddable":true,"href":"https:\/\/gpl-love.com\/fr\/wp-json\/wp\/v2\/product_tag?post=131051"}],"curies":[{"name":"wp","href":"https:\/\/api.w.org\/{rel}","templated":true}]}}