{"id":131050,"date":"2025-10-10T00:00:00","date_gmt":"2025-10-09T22:00:00","guid":{"rendered":"https:\/\/gpl-love.com\/fr\/produit\/supportcandy-gravity-form-integration\/"},"modified":"2026-03-20T23:38:41","modified_gmt":"2026-03-20T22:38:41","slug":"supportcandy-gravity-form-integration","status":"publish","type":"product","link":"https:\/\/gpl-love.com\/fr\/produit\/supportcandy-gravity-form-integration\/","title":{"rendered":"SupportCandy Gravity Form Integration 3.1.5"},"content":{"rendered":"<h3>SupportCandy Gravity Form Integration Traits<\/h3>\n<p>SupportCandy Gravity Form Integration est un outil incroyablement puissant et tr\u00e8s efficace qui int\u00e8gre de mani\u00e8re transparente deux des plates-formes les plus utilis\u00e9es dans le domaine vaste et vaste du support client &#8211; SupportCandy et Gravity Forms. Cette int\u00e9gration remarquable vous offre la capacit\u00e9 remarquable de capturer et de rassembler sans effort les demandes des clients et de pr\u00e9cieux commentaires gr\u00e2ce \u00e0 l&rsquo;utilisation des formes de gravit\u00e9 renomm\u00e9es, facilitant par la suite l&rsquo;int\u00e9gration transparente de ces pr\u00e9cieuses donn\u00e9es dans votre environnement de support estim\u00e9. Gr\u00e2ce \u00e0 l&rsquo;utilisation de l&rsquo;int\u00e9gration remarquable de la forme de gravit\u00e9 de support Candy, vous pouvez rationaliser efficacement et optimiser votre processus de support client, entra\u00eenant ainsi une r\u00e9duction substantielle des temps de r\u00e9ponse et finalement offrir \u00e0 votre client\u00e8le estim\u00e9 une exp\u00e9rience globale sans pr\u00e9c\u00e9dent et vraiment superlative. L&rsquo;int\u00e9gration elle-m\u00eame est incroyablement simple et simple \u00e0 la fois \u00e0 la configuration et \u00e0 l&rsquo;utilisation, tout en offrant simultan\u00e9ment une large gamme d&rsquo;options hautement personnalisables, garantissant qu&rsquo;il r\u00e9pond sans effort \u00e0 vos besoins sp\u00e9cifiques et individualis\u00e9s. Que vous pr\u00e9siiez une petite entreprise \u00e0 petite \u00e9chelle diminutive ou un g\u00e9ant de l&rsquo;entreprise tentaculaire et vaste, les capacit\u00e9s impressionnantes de l&rsquo;int\u00e9gration de la forme de gravit\u00e9 de support vous permettra invariablement et ind\u00e9niablement de soutenir et de transcender les domaines du support client, qui propulsera ainsi votre ind\u00e9nig\u00e8ne Organisation estim\u00e9e aux sommets vertigineux de l&rsquo;excellence et du succ\u00e8s in\u00e9gal\u00e9.<\/p>\n<ul>\n<li>Int\u00e8gre votre syst\u00e8me d&rsquo;assistance SupportCandy avec des formulaires de gravit\u00e9<\/li>\n<li>Permet aux clients de soumettre des billets d&rsquo;assistance directement \u00e0 partir d&rsquo;un formulaire de gravit\u00e9 sur votre site Web<\/li>\n<li>Rationalise le processus de soumission des billets d&rsquo;assistance en \u00e9liminant la n\u00e9cessit\u00e9 pour les clients de visiter une page d&rsquo;assistance distincte<\/li>\n<li>Am\u00e9liore l&rsquo;exp\u00e9rience client en leur facilitant la fin de l&rsquo;aide<\/li>\n<li>Cr\u00e9e automatiquement un nouveau ticket dans votre syst\u00e8me SupportCandy lorsqu&rsquo;un client soumet un formulaire de gravit\u00e9<\/li>\n<li>Am\u00e9liore l&rsquo;efficacit\u00e9 de l&rsquo;\u00e9quipe de soutien en r\u00e9duisant la cr\u00e9ation manuelle des billets et en minimisant les risques d&rsquo;erreurs<\/li>\n<li>Les param\u00e8tres personnalisables vous permettent de contr\u00f4ler quels champs du formulaire de gravit\u00e9 sont mapp\u00e9s sur diff\u00e9rents attributs de billets dans SupportCandy<\/li>\n<li>Prend en charge les formulaires en plusieurs \u00e9tapes et la logique conditionnelle dans les formulaires de gravit\u00e9<\/li>\n<li>Compatible avec les derni\u00e8res versions des formulaires de supportCandy et Gravity<\/li>\n<li>Livr\u00e9 avec une documentation d\u00e9taill\u00e9e et un soutien r\u00e9actif de l&rsquo;\u00e9quipe des d\u00e9veloppeurs.<\/li>\n<\/ul>\n","protected":false},"excerpt":{"rendered":"<p>L&rsquo;int\u00e9gration du formulaire de gravit\u00e9 SupportCandy sert de solution impeccable pour les entreprises visant \u00e0 optimiser et \u00e0 rationaliser leurs proc\u00e9dures de support client. Notre int\u00e9gration combine m\u00e9ticuleusement votre syst\u00e8me de formulaires de gravit\u00e9 avec le logiciel de service de pointe de SupportCandy, vous permettant de capturer et de r\u00e9pondre rapidement aux demandes et aux demandes de support des clients en temps opportun. En utilisant cette int\u00e9gration, vous obtenez un contr\u00f4le sans effort sur la gestion et la r\u00e9ponse rapide aux requ\u00eates des clients, la surveillance avec diligence de l&rsquo;\u00e9tat de chaque billet et la garantie que votre \u00e9quipe d&rsquo;assistance diligente reste pleinement au courant de chaque probl\u00e8me client. Que votre \u00e9tablissement soit une entreprise \u00e0 petite \u00e9chelle ou un vaste conglom\u00e9rat, l&rsquo;int\u00e9gration de la forme de gravit\u00e9 de soutien est sans aucun doute un outil indispensable pour fournir un service client in\u00e9gal\u00e9.<\/p>\n","protected":false},"featured_media":145432,"comment_status":"open","ping_status":"open","template":"","meta":[],"product_brand":[2666],"product_cat":[1187,1181,1186],"product_tag":[1855],"class_list":{"0":"post-131050","1":"product","2":"type-product","3":"status-publish","4":"has-post-thumbnail","6":"product_brand-supportcandy","7":"product_cat-administration-wordpress-plugins","8":"product_cat-plugins","9":"product_cat-wordpress-plugins","10":"product_tag-supportcandy","11":"member-discount","12":"discount-restricted","14":"first","15":"instock","16":"sale","17":"downloadable","18":"virtual","19":"sold-individually","20":"purchasable","21":"product-type-simple"},"_links":{"self":[{"href":"https:\/\/gpl-love.com\/fr\/wp-json\/wp\/v2\/product\/131050","targetHints":{"allow":["GET"]}}],"collection":[{"href":"https:\/\/gpl-love.com\/fr\/wp-json\/wp\/v2\/product"}],"about":[{"href":"https:\/\/gpl-love.com\/fr\/wp-json\/wp\/v2\/types\/product"}],"replies":[{"embeddable":true,"href":"https:\/\/gpl-love.com\/fr\/wp-json\/wp\/v2\/comments?post=131050"}],"wp:featuredmedia":[{"embeddable":true,"href":"https:\/\/gpl-love.com\/fr\/wp-json\/wp\/v2\/media\/145432"}],"wp:attachment":[{"href":"https:\/\/gpl-love.com\/fr\/wp-json\/wp\/v2\/media?parent=131050"}],"wp:term":[{"taxonomy":"product_brand","embeddable":true,"href":"https:\/\/gpl-love.com\/fr\/wp-json\/wp\/v2\/product_brand?post=131050"},{"taxonomy":"product_cat","embeddable":true,"href":"https:\/\/gpl-love.com\/fr\/wp-json\/wp\/v2\/product_cat?post=131050"},{"taxonomy":"product_tag","embeddable":true,"href":"https:\/\/gpl-love.com\/fr\/wp-json\/wp\/v2\/product_tag?post=131050"}],"curies":[{"name":"wp","href":"https:\/\/api.w.org\/{rel}","templated":true}]}}