{"id":131005,"date":"2025-11-02T00:00:00","date_gmt":"2025-11-01T23:00:00","guid":{"rendered":"https:\/\/gpl-love.com\/fr\/produit\/toolset-views\/"},"modified":"2026-03-20T23:56:23","modified_gmt":"2026-03-20T22:56:23","slug":"toolset-views","status":"publish","type":"product","link":"https:\/\/gpl-love.com\/fr\/produit\/toolset-views\/","title":{"rendered":"Toolset Views 3.6.21"},"content":{"rendered":"<h3>Toolset Views Traits<\/h3>\n<p>Les vues sur les outils sont un plugin incroyablement robuste qui offre aux utilisateurs la possibilit\u00e9 de g\u00e9n\u00e9rer sans effort des vues personnalis\u00e9es pour leurs sites Web WordPress, le tout sans n\u00e9cessiter aucune expertise de codage. Cet outil remarquable permet aux individus de pr\u00e9senter de mani\u00e8re transparente une vaste gamme de types de contenu, allant des tables et des listes aux grilles, dans une multitude de formats. De plus, les vues sur le jeu d&rsquo;outils offrent un vaste assortiment d&rsquo;options de filtrage et de tri, offrant aux utilisateurs l&rsquo;occasion de dialoguer m\u00e9ticuleusement et d&rsquo;affiner la mani\u00e8re dont leur contenu est pr\u00e9sent\u00e9. Tirant parti de la puissance des vues sur les ensembles d&rsquo;outils, les utilisateurs peuvent construire sans effort des vues complexes qui int\u00e8grent de mani\u00e8re transparente des champs personnalis\u00e9s, des types de publication et des taxonomies. Qu&rsquo;on souhaite \u00e9riger un r\u00e9pertoire complet, un vaste catalogue de produits ou une plate-forme immobili\u00e8re exquise, ce plugin repr\u00e9sente la solution par excellence pour pr\u00e9senter impeccablement le contenu de la mani\u00e8re la plus optimale, raffin\u00e9e et esth\u00e9tiquement agr\u00e9able.<\/p>\n<ul>\n<li>Fournit un ensemble complet d&rsquo;outils visuels pour une analyse et une gestion efficaces des donn\u00e9es<\/li>\n<li>Permet une manipulation et une visualisation faciles des ensembles de donn\u00e9es complexes<\/li>\n<li>Prend en charge un large \u00e9ventail de formats de donn\u00e9es et de sources, notamment Excel, CSV, bases de donn\u00e9es SQL, et plus encore<\/li>\n<li>Rationalise le processus de nettoyage des donn\u00e9es avec des fonctions et des outils automatis\u00e9s<\/li>\n<li>Permet la collaboration et le partage des connaissances gr\u00e2ce \u00e0 son interface intuitive et conviviale<\/li>\n<li>Offre des capacit\u00e9s avanc\u00e9es de mod\u00e9lisation statistique et de donn\u00e9es pour la prise de d\u00e9cision bas\u00e9e sur les donn\u00e9es<\/li>\n<li>Offre une personnalisation et une flexibilit\u00e9 aux utilisateurs avec diff\u00e9rents niveaux d&rsquo;expertise technique<\/li>\n<li>Facilite la cr\u00e9ation de rapports et de visualisations de qualit\u00e9 professionnelle pour les pr\u00e9sentations et la communication des parties prenantes<\/li>\n<li>Augmente l&rsquo;efficacit\u00e9 et la productivit\u00e9 en r\u00e9duisant les efforts manuels de traitement des donn\u00e9es et d&rsquo;analyses.<\/li>\n<\/ul>\n","protected":false},"excerpt":{"rendered":"<p>Les vues sur les outils, un produit incroyablement puissant et adaptable, ont \u00e9t\u00e9 m\u00e9ticuleusement con\u00e7us pour rationaliser l&rsquo;effort ardu de l&rsquo;\u00e9laboration de vues de contenu WordPress personnalis\u00e9es. B\u00e9n\u00e9ficiant d&rsquo;une interface remarquablement conviviale et de l&rsquo;int\u00e9gration transparente de la m\u00e9canique de glisser-d\u00e9poser, les vues du jeu d&rsquo;outils permettent aux utilisateurs de g\u00e9n\u00e9rer rapidement des grilles, des listes et des tables dynamiques et r\u00e9actifs qui comptent parfaitement leurs sites WordPress. Que l&rsquo;on cherche \u00e0 pr\u00e9senter un \u00e9ventail de produits, d&rsquo;\u00e9v\u00e9nements ou de toute autre forme de contenu concevable, les vues en jeu d&rsquo;outils fournissent un degr\u00e9 de flexibilit\u00e9 et d&rsquo;autorit\u00e9 sans pr\u00e9c\u00e9dent, permettant aux individus d&rsquo;adapter sans effort chaque facette de leurs vues de contenu. En adoptant des vues sur les ensembles d&rsquo;outils, le potentiel de catapulter son site WordPress \u00e0 des hauteurs sans pr\u00e9c\u00e9dent devient une r\u00e9alit\u00e9 passionnante et r\u00e9alisable.<\/p>\n","protected":false},"featured_media":146591,"comment_status":"open","ping_status":"open","template":"","meta":[],"product_brand":[2756],"product_cat":[1189,1181,1186],"product_tag":[2333],"class_list":{"0":"post-131005","1":"product","2":"type-product","3":"status-publish","4":"has-post-thumbnail","6":"product_brand-on-the-go-systems","7":"product_cat-personnalisation","8":"product_cat-plugins","9":"product_cat-wordpress-plugins","10":"product_tag-on-the-go-systems","11":"member-discount","12":"discount-restricted","14":"first","15":"instock","16":"sale","17":"downloadable","18":"virtual","19":"sold-individually","20":"purchasable","21":"product-type-simple"},"_links":{"self":[{"href":"https:\/\/gpl-love.com\/fr\/wp-json\/wp\/v2\/product\/131005","targetHints":{"allow":["GET"]}}],"collection":[{"href":"https:\/\/gpl-love.com\/fr\/wp-json\/wp\/v2\/product"}],"about":[{"href":"https:\/\/gpl-love.com\/fr\/wp-json\/wp\/v2\/types\/product"}],"replies":[{"embeddable":true,"href":"https:\/\/gpl-love.com\/fr\/wp-json\/wp\/v2\/comments?post=131005"}],"wp:featuredmedia":[{"embeddable":true,"href":"https:\/\/gpl-love.com\/fr\/wp-json\/wp\/v2\/media\/146591"}],"wp:attachment":[{"href":"https:\/\/gpl-love.com\/fr\/wp-json\/wp\/v2\/media?parent=131005"}],"wp:term":[{"taxonomy":"product_brand","embeddable":true,"href":"https:\/\/gpl-love.com\/fr\/wp-json\/wp\/v2\/product_brand?post=131005"},{"taxonomy":"product_cat","embeddable":true,"href":"https:\/\/gpl-love.com\/fr\/wp-json\/wp\/v2\/product_cat?post=131005"},{"taxonomy":"product_tag","embeddable":true,"href":"https:\/\/gpl-love.com\/fr\/wp-json\/wp\/v2\/product_tag?post=131005"}],"curies":[{"name":"wp","href":"https:\/\/api.w.org\/{rel}","templated":true}]}}