{"id":131003,"date":"2025-11-02T00:00:00","date_gmt":"2025-11-01T23:00:00","guid":{"rendered":"https:\/\/gpl-love.com\/fr\/produit\/toolset-maps\/"},"modified":"2026-03-20T23:56:22","modified_gmt":"2026-03-20T22:56:22","slug":"toolset-maps","status":"publish","type":"product","link":"https:\/\/gpl-love.com\/fr\/produit\/toolset-maps\/","title":{"rendered":"Toolset Maps 2.2.1"},"content":{"rendered":"<h3>Toolset Maps Traits<\/h3>\n<p>Les cartes de jeu d&rsquo;outils sont un instrument remarquablement robuste et puissant m\u00e9ticuleusement con\u00e7u pour faciliter la production transparente de cartes. Cet outil exceptionnel vous donne la capacit\u00e9 in\u00e9gal\u00e9e \u00e0 fabriquer des cartes sur mesure qui s&rsquo;adressent pr\u00e9cis\u00e9ment \u00e0 vos exigences explicites. Il est rempli d&rsquo;un \u00e9ventail \u00e9tendu de fonctionnalit\u00e9s et de fonctions qui rendent la cr\u00e9ation de cartes qui sont non seulement exceptionnellement informatives mais \u00e9galement captivantes visuellement une entreprise sans effort. Le ensemble d&rsquo;outils englobe un large assortiment de styles de carte, de marqueurs et d&rsquo;\u00e9tiquettes qui vous offrent la possibilit\u00e9 de fabriquer des cartes qui sont sans effort lisibles et compr\u00e9hensibles. De plus, il vous accorde une pl\u00e9thore d&rsquo;outils d&rsquo;\u00e9dition sophistiqu\u00e9s qui vous permettent de personnaliser vos cartes aux plus mineurs. Que vous soyez un professionnel accompli dans le domaine de la cartographie ou simplement une personne cherchant \u00e0 g\u00e9n\u00e9rer des cartes pour un usage personnel, assurez-vous que les cartes de plant d&rsquo;outils poss\u00e8dent un r\u00e9pertoire global de capacit\u00e9s qui vous permettra d&rsquo;invariablement accomplir la t\u00e2che \u00e0 port\u00e9e de main .<\/p>\n<ul>\n<li>Cartes pr\u00e9cises et d\u00e9taill\u00e9es pour une navigation facile<\/li>\n<li>Id\u00e9al pour planifier des excursions de randonn\u00e9e, de camping et de plein air<\/li>\n<li>Cartes de trail compl\u00e8tes avec toutes les informations n\u00e9cessaires<\/li>\n<li>Comprend des donn\u00e9es topographiques pour une visualisation facile du terrain<\/li>\n<li>Informations mises \u00e0 jour et fiables pour des voyages s\u00fbrs et r\u00e9ussis<\/li>\n<li>Compatible avec les appareils GPS pour une navigation am\u00e9lior\u00e9e<\/li>\n<li>Disponible en formats num\u00e9riques et papier<\/li>\n<li>Facile \u00e0 lire et \u00e0 comprendre pour tous les niveaux de comp\u00e9tence<\/li>\n<li>Les mat\u00e9riaux de haute qualit\u00e9 garantissent la durabilit\u00e9 et la long\u00e9vit\u00e9<\/li>\n<li>Un outil incontournable pour tout amateur de plein air ou aventurier<\/li>\n<\/ul>\n","protected":false},"excerpt":{"rendered":"<p>ToolSet Maps offre aux utilisateurs un vaste \u00e9ventail d&rsquo;outils qui facilitent la cr\u00e9ation de cartes personnalis\u00e9es pour divers projets. Peu importe que vous cr\u00e9iez une carte d&rsquo;\u00e9v\u00e9nements ou une carte pour votre entreprise, les cartes de plateaux d&rsquo;outils vous permettent d&rsquo;adapter sans effort votre carte pour r\u00e9pondre \u00e0 vos besoins sp\u00e9cifiques. \u00c9quip\u00e9 d&rsquo;une large gamme de fonctionnalit\u00e9s puissantes telles que la possibilit\u00e9 de faire glisser et de d\u00e9poser des marqueurs, de cr\u00e9er des polygones personnalis\u00e9s et de suivre les emplacements en direct, les cartes de plans d&rsquo;outils vous \u00e9quipent les outils n\u00e9cessaires pour produire syst\u00e9matiquement des cartes sans faille. De plus, son int\u00e9gration transparente avec d&rsquo;autres plates-formes comme Google Maps permet une incorporation facile de vos cartes dans diff\u00e9rents contextes, vous permettant ainsi de pr\u00e9senter vos cr\u00e9ations \u00e0 un public plus large. Commencez votre voyage avec des cartes de plans d&rsquo;outils d\u00e8s aujourd&rsquo;hui et \u00e9levez votre comp\u00e9tence de cartographie \u00e0 des hauteurs sans pr\u00e9c\u00e9dent!<\/p>\n","protected":false},"featured_media":146590,"comment_status":"open","ping_status":"open","template":"","meta":[],"product_brand":[2756],"product_cat":[1189,1181,1186],"product_tag":[2333],"class_list":{"0":"post-131003","1":"product","2":"type-product","3":"status-publish","4":"has-post-thumbnail","6":"product_brand-on-the-go-systems","7":"product_cat-personnalisation","8":"product_cat-plugins","9":"product_cat-wordpress-plugins","10":"product_tag-on-the-go-systems","11":"member-discount","12":"discount-restricted","14":"first","15":"instock","16":"sale","17":"downloadable","18":"virtual","19":"sold-individually","20":"purchasable","21":"product-type-simple"},"_links":{"self":[{"href":"https:\/\/gpl-love.com\/fr\/wp-json\/wp\/v2\/product\/131003","targetHints":{"allow":["GET"]}}],"collection":[{"href":"https:\/\/gpl-love.com\/fr\/wp-json\/wp\/v2\/product"}],"about":[{"href":"https:\/\/gpl-love.com\/fr\/wp-json\/wp\/v2\/types\/product"}],"replies":[{"embeddable":true,"href":"https:\/\/gpl-love.com\/fr\/wp-json\/wp\/v2\/comments?post=131003"}],"wp:featuredmedia":[{"embeddable":true,"href":"https:\/\/gpl-love.com\/fr\/wp-json\/wp\/v2\/media\/146590"}],"wp:attachment":[{"href":"https:\/\/gpl-love.com\/fr\/wp-json\/wp\/v2\/media?parent=131003"}],"wp:term":[{"taxonomy":"product_brand","embeddable":true,"href":"https:\/\/gpl-love.com\/fr\/wp-json\/wp\/v2\/product_brand?post=131003"},{"taxonomy":"product_cat","embeddable":true,"href":"https:\/\/gpl-love.com\/fr\/wp-json\/wp\/v2\/product_cat?post=131003"},{"taxonomy":"product_tag","embeddable":true,"href":"https:\/\/gpl-love.com\/fr\/wp-json\/wp\/v2\/product_tag?post=131003"}],"curies":[{"name":"wp","href":"https:\/\/api.w.org\/{rel}","templated":true}]}}