{"id":131001,"date":"2025-04-05T00:00:00","date_gmt":"2025-04-04T22:00:00","guid":{"rendered":"https:\/\/gpl-love.com\/fr\/produit\/toolset-cred-layouts\/"},"modified":"2026-03-20T23:56:22","modified_gmt":"2026-03-20T22:56:22","slug":"toolset-cred-layouts","status":"publish","type":"product","link":"https:\/\/gpl-love.com\/fr\/produit\/toolset-cred-layouts\/","title":{"rendered":"Toolset CRED Layouts 2.6.17"},"content":{"rendered":"<h3>Toolset CRED Layouts Traits<\/h3>\n<p>Les dispositions de cr\u00e9dits d&rsquo;outils sont un ensemble d&rsquo;outils extr\u00eamement robuste qui s&rsquo;efforce d&rsquo;aider les utilisateurs \u00e0 la cr\u00e9ation de types de publication, de champs et de vues personnalis\u00e9s pour leurs sites WordPress. L&rsquo;interface de glisser-d\u00e9poser de l&rsquo;outil, qui est remarquablement intuitive, permet aux utilisateurs de construire sans effort des mises en page personnalis\u00e9es pour le contenu de leur site, sans l&rsquo;exigence de poss\u00e9der toute comp\u00e9tence de codage. En plus de cela, l&rsquo;ensemble d&rsquo;outils englobe un assortiment de mod\u00e8les et de dispositions pr\u00e9-con\u00e7us, compl\u00e9t\u00e9s par la capacit\u00e9 de fa\u00e7onner le v\u00f4tre, ce qui le rend une solution incroyablement polyvalente applicable \u00e0 un vaste \u00e9ventail de projets de site Web. Embrasser les dispositions de cr\u00e9dits d&rsquo;outils offre aux utilisateurs la possibilit\u00e9 de fabriquer sans effort des formulaires, des listes et des archives personnalis\u00e9es, tout en leur offrant la flexibilit\u00e9 de les exposer de mani\u00e8re \u00e0 une myriade de mani\u00e8res. Que l&rsquo;on soit en train d&rsquo;\u00e9riger un blog, une boutique de commerce \u00e9lectronique ou m\u00eame un site d&rsquo;adh\u00e9sion \u00e0 multiples facettes, des dispositions de cr\u00e9dits d&rsquo;outils sert de ressource par excellence, offrant la flexibilit\u00e9 et la fonctionnalit\u00e9 requises imp\u00e9ratives pour la cr\u00e9ation d&rsquo;une pr\u00e9sence en ligne indubitablement professionnelle.<\/p>\n<ul>\n<li>Ensemble d&rsquo;outils complet pour concevoir facilement les dispositions Web r\u00e9actives<\/li>\n<li>Comprend une vari\u00e9t\u00e9 de mod\u00e8les pr\u00e9d\u00e9finis pour diff\u00e9rents types de sites Web<\/li>\n<li>Interface intuitive de glisser-d\u00e9poser pour une personnalisation de conception sans effort<\/li>\n<li>CSS Grid et Flexbox Prise en charge de la construction de disposition avanc\u00e9e<\/li>\n<li>Optimis\u00e9 pour un flux de travail rapide et efficace pour les concepteurs et les d\u00e9veloppeurs<\/li>\n<li>Compatibilit\u00e9 avec les frameworks et biblioth\u00e8ques frontaux les plus populaires<\/li>\n<li>Int\u00e9gration rationalis\u00e9e avec les outils et les workflows de conception Web existants<\/li>\n<li>Mises \u00e0 jour r\u00e9guli\u00e8res et soutien continu \u00e0 l&rsquo;am\u00e9lioration et aux fonctionnalit\u00e9s continues<\/li>\n<li>Convient aux d\u00e9butants et aux designers exp\u00e9riment\u00e9s<\/li>\n<li>G\u00e9rer efficacement les dispositions complexes avec des conceptions complexes avec les fonctionnalit\u00e9s avanc\u00e9es de l&rsquo;ensemble d&rsquo;outils<\/li>\n<\/ul>\n","protected":false},"excerpt":{"rendered":"<p>Les dispositions de cr\u00e9dits d&rsquo;outils sont un outil incroyablement robuste et avanc\u00e9 qui offre aux utilisateurs un niveau de commodit\u00e9 et de facilit\u00e9 in\u00e9gal\u00e9 lorsqu&rsquo;il s&rsquo;agit de concevoir des mod\u00e8les personnalis\u00e9s pour leurs sites Web WordPress. Arborant une interface de tra\u00een\u00e9e et de d\u00e9p\u00f4t tr\u00e8s intuitive, coupl\u00e9e \u00e0 une vaste gamme de mod\u00e8les et de blocs pr\u00e9-con\u00e7us con\u00e7us, cet outil remarquable permet la cr\u00e9ation sans effort de pages, de poteaux et d&rsquo;archives visuellement frappants. Il permet aux utilisateurs une autorit\u00e9 absolue sur les aspects complexes de la mise en page, du style et du contenu sur chaque page de leur site Web, ce qui le rend un atout indispensable pour les personnes qui aspirent \u00e0 \u00e9lever leur conception de site Web \u00e0 des hauteurs sans pr\u00e9c\u00e9dent.<\/p>\n","protected":false},"featured_media":146589,"comment_status":"open","ping_status":"open","template":"","meta":[],"product_brand":[2756],"product_cat":[1189,1181,1186],"product_tag":[2333],"class_list":{"0":"post-131001","1":"product","2":"type-product","3":"status-publish","4":"has-post-thumbnail","6":"product_brand-on-the-go-systems","7":"product_cat-personnalisation","8":"product_cat-plugins","9":"product_cat-wordpress-plugins","10":"product_tag-on-the-go-systems","11":"member-discount","12":"discount-restricted","14":"first","15":"instock","16":"sale","17":"downloadable","18":"virtual","19":"sold-individually","20":"purchasable","21":"product-type-simple"},"_links":{"self":[{"href":"https:\/\/gpl-love.com\/fr\/wp-json\/wp\/v2\/product\/131001","targetHints":{"allow":["GET"]}}],"collection":[{"href":"https:\/\/gpl-love.com\/fr\/wp-json\/wp\/v2\/product"}],"about":[{"href":"https:\/\/gpl-love.com\/fr\/wp-json\/wp\/v2\/types\/product"}],"replies":[{"embeddable":true,"href":"https:\/\/gpl-love.com\/fr\/wp-json\/wp\/v2\/comments?post=131001"}],"wp:featuredmedia":[{"embeddable":true,"href":"https:\/\/gpl-love.com\/fr\/wp-json\/wp\/v2\/media\/146589"}],"wp:attachment":[{"href":"https:\/\/gpl-love.com\/fr\/wp-json\/wp\/v2\/media?parent=131001"}],"wp:term":[{"taxonomy":"product_brand","embeddable":true,"href":"https:\/\/gpl-love.com\/fr\/wp-json\/wp\/v2\/product_brand?post=131001"},{"taxonomy":"product_cat","embeddable":true,"href":"https:\/\/gpl-love.com\/fr\/wp-json\/wp\/v2\/product_cat?post=131001"},{"taxonomy":"product_tag","embeddable":true,"href":"https:\/\/gpl-love.com\/fr\/wp-json\/wp\/v2\/product_tag?post=131001"}],"curies":[{"name":"wp","href":"https:\/\/api.w.org\/{rel}","templated":true}]}}